{"id":1375,"date":"2022-07-26T08:40:56","date_gmt":"2022-07-26T06:40:56","guid":{"rendered":"https:\/\/greenfactor-project.eu\/domu\/"},"modified":"2026-03-18T11:00:58","modified_gmt":"2026-03-18T10:00:58","slug":"domu","status":"publish","type":"page","link":"https:\/\/greenfactor-project.eu\/cs\/","title":{"rendered":"Dom\u016f"},"content":{"rendered":"<section class=\"wpb-content-wrapper\"><p>[vc_row css=&#8220;.vc_custom_1663230043501{margin-bottom: 35px !important;}&#8220;][vc_column][vc_column_text]GREEN Factor je projekt v r\u00e1mci programu Erasmus+, jeho\u017e hlavn\u00edm c\u00edlem je zv\u00fd\u0161it pov\u011bdom\u00ed o glob\u00e1ln\u00ed pot\u0159eb\u011b ochrany \u017eivotn\u00edho prost\u0159ed\u00ed. Za t\u00edmto \u00fa\u010delem se bude sna\u017eit prosazovat zm\u011bnu mentality a smyslu pro iniciativu, zejm\u00e9na u mlad\u00fdch generac\u00ed, s c\u00edlem pozvednout a rozv\u00edjet jejich uv\u011bdomen\u00ed ekologick\u00fdch souvislost\u00ed a prom\u011bnit je ve \u201eskute\u010dn\u00fd faktor zm\u011bny\u201c.<\/p>\n<p>Vzhledem k tomu, \u017ee GREEN Factor m\u00e1 zvl\u00e1\u0161tn\u00ed c\u00edl podporovat pov\u011bdom\u00ed mlad\u00fdch lid\u00ed, kte\u0159\u00ed se stanou dosp\u011bl\u00fdmi z\u00edt\u0159ka a ponesou odpov\u011bdnost za budouc\u00ed generace, projekt se zam\u011b\u0159\u00ed p\u0159edev\u0161\u00edm na pot\u0159eby a postoje mlad\u00fdch lid\u00ed (16-30 let) a profesion\u00e1l\u016f, kte\u0159\u00ed pracuj\u00ed s mlad\u00fdmi lidmi, aby na n\u011b p\u016fsobili efektivn\u011bji a dlouhodob\u011b (pracovn\u00edci s ml\u00e1de\u017e\u00ed, pracovn\u00edci ekologick\u00fdch organizac\u00ed a organizac\u00ed pro mlad\u00e9).[\/vc_column_text][\/vc_column][\/vc_row][vc_row][vc_column]<div id=\"ultimate-video-5169dcc1b1a6331\" class=\"ult-video  ult-adjust-bottom-margin ultimate-video-5169dcc1b1a6331 ultv-7875 \"><div class=\"ultv-video ultv-aspect-ratio-16_9 ultv-subscribe-responsive-none\" data-videotype=\"uv_iframe\">\n\t\t\t\t\t\t<div class=\"ultv-video__outer-wrap\" data-autoplay=\"1\" data-device=\"false\"  data-iconbg=\"#3A3A3A\" data-overcolor=\"#ffffff\" data-defaultbg=\"#ffffff\" data-defaultplay=\"defaulticon\"><div class=\"ultv-video__play\" data-src=\"https:\/\/www.youtube.com\/embed\/zNrztkIS3ZI?autoplay=1&amp;rel=0&amp;start&amp;end&amp;controls=1&amp;mute=0&amp;modestbranding=0&amp;autoplay=1\">\n\t\t\t\t\t\t\t\t<img decoding=\"async\" class=\"ultv-video__thumb\" src=\"https:\/\/i.ytimg.com\/vi\/zNrztkIS3ZI\/maxresdefault.jpg\"\/>\n\t\t\t\t\t\t\t\t<div class=\"ultv-video__play-icon  ultv-animation-none\" style=\"width:75px\"><svg height=\"100%\" version=\"1.1\" viewBox=\"0 0 68 48\" width=\"100%\"><path class=\"ultv-youtube-icon-bg\" d=\"m .66,37.62 c 0,0 .66,4.70 2.70,6.77 2.58,2.71 5.98,2.63 7.49,2.91 5.43,.52 23.10,.68 23.12,.68 .00,-1.3e-5 14.29,-0.02 23.81,-0.71 1.32,-0.15 4.22,-0.17 6.81,-2.89 2.03,-2.07 2.70,-6.77 2.70,-6.77 0,0 .67,-5.52 .67,-11.04 l 0,-5.17 c 0,-5.52 -0.67,-11.04 -0.67,-11.04 0,0 -0.66,-4.70 -2.70,-6.77 C 62.03,.86 59.13,.84 57.80,.69 48.28,0 34.00,0 34.00,0 33.97,0 19.69,0 10.18,.69 8.85,.84 5.95,.86 3.36,3.58 1.32,5.65 .66,10.35 .66,10.35 c 0,0 -0.55,4.50 -0.66,9.45 l 0,8.36 c .10,4.94 .66,9.45 .66,9.45 z\" fill=\"#1f1f1e\" ><\/path><path d=\"m 26.96,13.67 18.37,9.62 -18.37,9.55 -0.00,-19.17 z\" fill=\"#fff\"><\/path><path d=\"M 45.02,23.46 45.32,23.28 26.96,13.67 43.32,22.34 45.02,23.46 z\" fill=\"#ccc\"><\/path><\/svg><\/div> <\/div> <\/div><\/div><\/div>[\/vc_column][\/vc_row][vc_row bg_type=&#8220;bg_color&#8220; bg_override=&#8220;full&#8220; bg_color_value=&#8220;#8dd166&#8243; css=&#8220;.vc_custom_1658827570935{padding-top: 25px !important;padding-bottom: 31px !important;}&#8220;][vc_column]<div id=\"ultimate-heading-827169dcc1b1a6422\" class=\"uvc-heading ult-adjust-bottom-margin ultimate-heading-827169dcc1b1a6422 uvc-4715  uvc-heading-default-font-sizes\" data-hspacer=\"no_spacer\"  data-halign=\"left\" style=\"text-align:left\"><div class=\"uvc-heading-spacer no_spacer\" style=\"top\"><\/div><div class=\"uvc-sub-heading ult-responsive\"  data-ultimate-target='.uvc-heading.ultimate-heading-827169dcc1b1a6422 .uvc-sub-heading '  data-responsive-json-new='{\"font-size\":\"desktop:19px;\",\"line-height\":\"\"}'  style=\"font-family:&#039;Roboto&#039;;font-weight:500;color:#ffffff;margin-bottom:37px;\">Tento projekt byl financov\u00e1n s podporou Evropsk\u00e9 komise. Tato webov\u00e1 str\u00e1nka odr\u00e1\u017e\u00ed pouze n\u00e1zory autora a Komise nenese odpov\u011bdnost za jak\u00e9koli pou\u017eit\u00ed informac\u00ed na nich obsa\u017een\u00fdch.<\/div><\/div>[\/vc_column][\/vc_row]<\/p>\n<\/section>","protected":false},"excerpt":{"rendered":"<p>[vc_row css=&#8220;.vc_custom_1663230043501{margin-bottom: 35px !important;}&#8220;][vc_column][vc_column_text]GREEN Factor je projekt v r\u00e1mci programu Erasmus+, jeho\u017e hlavn\u00edm c\u00edlem je zv\u00fd\u0161it pov\u011bdom\u00ed o glob\u00e1ln\u00ed pot\u0159eb\u011b ochrany \u017eivotn\u00edho prost\u0159ed\u00ed. Za t\u00edmto \u00fa\u010delem se bude sna\u017eit prosazovat zm\u011bnu mentality a smyslu pro iniciativu, zejm\u00e9na u mlad\u00fdch generac\u00ed, s c\u00edlem pozvednout a rozv\u00edjet jejich uv\u011bdomen\u00ed ekologick\u00fdch souvislost\u00ed a prom\u011bnit je ve \u201eskute\u010dn\u00fd faktor&hellip;<\/p>\n","protected":false},"author":1,"featured_media":0,"parent":0,"menu_order":0,"comment_status":"closed","ping_status":"closed","template":"","meta":{"om_disable_all_campaigns":false,"_monsterinsights_skip_tracking":false,"_monsterinsights_sitenote_active":false,"_monsterinsights_sitenote_note":"","_monsterinsights_sitenote_category":0,"footnotes":""},"class_list":["post-1375","page","type-page","status-publish","hentry","description-off"],"yoast_head":"<!-- This site is optimized with the Yoast SEO plugin v19.13 - https:\/\/yoast.com\/wordpress\/plugins\/seo\/ -->\n<title>Dom\u016f - GREEN Factor<\/title>\n<meta name=\"robots\" content=\"index, follow, max-snippet:-1, max-image-preview:large, max-video-preview:-1\" \/>\n<link rel=\"canonical\" href=\"https:\/\/greenfactor-project.eu\/cs\/domu\/\" \/>\n<meta property=\"og:locale\" content=\"cs_CZ\" \/>\n<meta property=\"og:type\" content=\"article\" \/>\n<meta property=\"og:title\" content=\"Dom\u016f - GREEN Factor\" \/>\n<meta property=\"og:description\" content=\"[vc_row css=&#8220;.vc_custom_1663230043501{margin-bottom: 35px !important;}&#8220;][vc_column][vc_column_text]GREEN Factor je projekt v r\u00e1mci programu Erasmus+, jeho\u017e hlavn\u00edm c\u00edlem je zv\u00fd\u0161it pov\u011bdom\u00ed o glob\u00e1ln\u00ed pot\u0159eb\u011b ochrany \u017eivotn\u00edho prost\u0159ed\u00ed. Za t\u00edmto \u00fa\u010delem se bude sna\u017eit prosazovat zm\u011bnu mentality a smyslu pro iniciativu, zejm\u00e9na u mlad\u00fdch generac\u00ed, s c\u00edlem pozvednout a rozv\u00edjet jejich uv\u011bdomen\u00ed ekologick\u00fdch souvislost\u00ed a prom\u011bnit je ve \u201eskute\u010dn\u00fd faktor&hellip;\" \/>\n<meta property=\"og:url\" content=\"https:\/\/greenfactor-project.eu\/cs\/domu\/\" \/>\n<meta property=\"og:site_name\" content=\"GREEN Factor\" \/>\n<meta property=\"article:modified_time\" content=\"2026-03-18T10:00:58+00:00\" \/>\n<meta name=\"twitter:card\" content=\"summary_large_image\" \/>\n<meta name=\"twitter:site\" content=\"@GreenfactorP\" \/>\n<meta name=\"twitter:label1\" content=\"Odhadovan\u00e1 doba \u010dten\u00ed\" \/>\n\t<meta name=\"twitter:data1\" content=\"2 minuty\" \/>\n<script type=\"application\/ld+json\" class=\"yoast-schema-graph\">{\"@context\":\"https:\/\/schema.org\",\"@graph\":[{\"@type\":\"WebPage\",\"@id\":\"https:\/\/greenfactor-project.eu\/cs\/domu\/\",\"url\":\"https:\/\/greenfactor-project.eu\/cs\/domu\/\",\"name\":\"Dom\u016f - GREEN Factor\",\"isPartOf\":{\"@id\":\"https:\/\/greenfactor-project.eu\/#website\"},\"datePublished\":\"2022-07-26T06:40:56+00:00\",\"dateModified\":\"2026-03-18T10:00:58+00:00\",\"breadcrumb\":{\"@id\":\"https:\/\/greenfactor-project.eu\/cs\/domu\/#breadcrumb\"},\"inLanguage\":\"cs\",\"potentialAction\":[{\"@type\":\"ReadAction\",\"target\":[\"https:\/\/greenfactor-project.eu\/cs\/domu\/\"]}]},{\"@type\":\"BreadcrumbList\",\"@id\":\"https:\/\/greenfactor-project.eu\/cs\/domu\/#breadcrumb\",\"itemListElement\":[{\"@type\":\"ListItem\",\"position\":1,\"name\":\"Home\",\"item\":\"https:\/\/greenfactor-project.eu\/cs\/domu\/\"},{\"@type\":\"ListItem\",\"position\":2,\"name\":\"Dom\u016f\"}]},{\"@type\":\"WebSite\",\"@id\":\"https:\/\/greenfactor-project.eu\/#website\",\"url\":\"https:\/\/greenfactor-project.eu\/\",\"name\":\"GREEN Factor\",\"description\":\"Eco and entrepreneurial pathways to boost young people\u2019s factor of change\",\"publisher\":{\"@id\":\"https:\/\/greenfactor-project.eu\/#organization\"},\"potentialAction\":[{\"@type\":\"SearchAction\",\"target\":{\"@type\":\"EntryPoint\",\"urlTemplate\":\"https:\/\/greenfactor-project.eu\/?s={search_term_string}\"},\"query-input\":\"required name=search_term_string\"}],\"inLanguage\":\"cs\"},{\"@type\":\"Organization\",\"@id\":\"https:\/\/greenfactor-project.eu\/#organization\",\"name\":\"GREEN Factor\",\"url\":\"https:\/\/greenfactor-project.eu\/\",\"logo\":{\"@type\":\"ImageObject\",\"inLanguage\":\"cs\",\"@id\":\"https:\/\/greenfactor-project.eu\/#\/schema\/logo\/image\/\",\"url\":\"https:\/\/greenfactor-project.eu\/wp-content\/uploads\/2022\/07\/logo-greendfactor-m2.jpg\",\"contentUrl\":\"https:\/\/greenfactor-project.eu\/wp-content\/uploads\/2022\/07\/logo-greendfactor-m2.jpg\",\"width\":131,\"height\":86,\"caption\":\"GREEN Factor\"},\"image\":{\"@id\":\"https:\/\/greenfactor-project.eu\/#\/schema\/logo\/image\/\"},\"sameAs\":[\"https:\/\/www.instagram.com\/greenfactor_project\/\",\"https:\/\/www.linkedin.com\/in\/green-factor-project-0b10ab246\/\",\"https:\/\/twitter.com\/GreenfactorP\"]}]}<\/script>\n<!-- \/ Yoast SEO plugin. -->","yoast_head_json":{"title":"Dom\u016f - GREEN Factor","robots":{"index":"index","follow":"follow","max-snippet":"max-snippet:-1","max-image-preview":"max-image-preview:large","max-video-preview":"max-video-preview:-1"},"canonical":"https:\/\/greenfactor-project.eu\/cs\/domu\/","og_locale":"cs_CZ","og_type":"article","og_title":"Dom\u016f - GREEN Factor","og_description":"[vc_row css=&#8220;.vc_custom_1663230043501{margin-bottom: 35px !important;}&#8220;][vc_column][vc_column_text]GREEN Factor je projekt v r\u00e1mci programu Erasmus+, jeho\u017e hlavn\u00edm c\u00edlem je zv\u00fd\u0161it pov\u011bdom\u00ed o glob\u00e1ln\u00ed pot\u0159eb\u011b ochrany \u017eivotn\u00edho prost\u0159ed\u00ed. Za t\u00edmto \u00fa\u010delem se bude sna\u017eit prosazovat zm\u011bnu mentality a smyslu pro iniciativu, zejm\u00e9na u mlad\u00fdch generac\u00ed, s c\u00edlem pozvednout a rozv\u00edjet jejich uv\u011bdomen\u00ed ekologick\u00fdch souvislost\u00ed a prom\u011bnit je ve \u201eskute\u010dn\u00fd faktor&hellip;","og_url":"https:\/\/greenfactor-project.eu\/cs\/domu\/","og_site_name":"GREEN Factor","article_modified_time":"2026-03-18T10:00:58+00:00","twitter_card":"summary_large_image","twitter_site":"@GreenfactorP","twitter_misc":{"Odhadovan\u00e1 doba \u010dten\u00ed":"2 minuty"},"schema":{"@context":"https:\/\/schema.org","@graph":[{"@type":"WebPage","@id":"https:\/\/greenfactor-project.eu\/cs\/domu\/","url":"https:\/\/greenfactor-project.eu\/cs\/domu\/","name":"Dom\u016f - GREEN Factor","isPartOf":{"@id":"https:\/\/greenfactor-project.eu\/#website"},"datePublished":"2022-07-26T06:40:56+00:00","dateModified":"2026-03-18T10:00:58+00:00","breadcrumb":{"@id":"https:\/\/greenfactor-project.eu\/cs\/domu\/#breadcrumb"},"inLanguage":"cs","potentialAction":[{"@type":"ReadAction","target":["https:\/\/greenfactor-project.eu\/cs\/domu\/"]}]},{"@type":"BreadcrumbList","@id":"https:\/\/greenfactor-project.eu\/cs\/domu\/#breadcrumb","itemListElement":[{"@type":"ListItem","position":1,"name":"Home","item":"https:\/\/greenfactor-project.eu\/cs\/domu\/"},{"@type":"ListItem","position":2,"name":"Dom\u016f"}]},{"@type":"WebSite","@id":"https:\/\/greenfactor-project.eu\/#website","url":"https:\/\/greenfactor-project.eu\/","name":"GREEN Factor","description":"Eco and entrepreneurial pathways to boost young people\u2019s factor of change","publisher":{"@id":"https:\/\/greenfactor-project.eu\/#organization"},"potentialAction":[{"@type":"SearchAction","target":{"@type":"EntryPoint","urlTemplate":"https:\/\/greenfactor-project.eu\/?s={search_term_string}"},"query-input":"required name=search_term_string"}],"inLanguage":"cs"},{"@type":"Organization","@id":"https:\/\/greenfactor-project.eu\/#organization","name":"GREEN Factor","url":"https:\/\/greenfactor-project.eu\/","logo":{"@type":"ImageObject","inLanguage":"cs","@id":"https:\/\/greenfactor-project.eu\/#\/schema\/logo\/image\/","url":"https:\/\/greenfactor-project.eu\/wp-content\/uploads\/2022\/07\/logo-greendfactor-m2.jpg","contentUrl":"https:\/\/greenfactor-project.eu\/wp-content\/uploads\/2022\/07\/logo-greendfactor-m2.jpg","width":131,"height":86,"caption":"GREEN Factor"},"image":{"@id":"https:\/\/greenfactor-project.eu\/#\/schema\/logo\/image\/"},"sameAs":["https:\/\/www.instagram.com\/greenfactor_project\/","https:\/\/www.linkedin.com\/in\/green-factor-project-0b10ab246\/","https:\/\/twitter.com\/GreenfactorP"]}]}},"_links":{"self":[{"href":"https:\/\/greenfactor-project.eu\/cs\/wp-json\/wp\/v2\/pages\/1375","targetHints":{"allow":["GET"]}}],"collection":[{"href":"https:\/\/greenfactor-project.eu\/cs\/wp-json\/wp\/v2\/pages"}],"about":[{"href":"https:\/\/greenfactor-project.eu\/cs\/wp-json\/wp\/v2\/types\/page"}],"author":[{"embeddable":true,"href":"https:\/\/greenfactor-project.eu\/cs\/wp-json\/wp\/v2\/users\/1"}],"replies":[{"embeddable":true,"href":"https:\/\/greenfactor-project.eu\/cs\/wp-json\/wp\/v2\/comments?post=1375"}],"version-history":[{"count":7,"href":"https:\/\/greenfactor-project.eu\/cs\/wp-json\/wp\/v2\/pages\/1375\/revisions"}],"predecessor-version":[{"id":2880,"href":"https:\/\/greenfactor-project.eu\/cs\/wp-json\/wp\/v2\/pages\/1375\/revisions\/2880"}],"wp:attachment":[{"href":"https:\/\/greenfactor-project.eu\/cs\/wp-json\/wp\/v2\/media?parent=1375"}],"curies":[{"name":"wp","href":"https:\/\/api.w.org\/{rel}","templated":true}]}}