{"id":1378,"date":"2022-07-26T09:37:28","date_gmt":"2022-07-26T07:37:28","guid":{"rendered":"https:\/\/greenfactor-project.eu\/nas-projekt\/"},"modified":"2024-11-14T16:24:22","modified_gmt":"2024-11-14T15:24:22","slug":"nas-projekt","status":"publish","type":"page","link":"https:\/\/greenfactor-project.eu\/cs\/nas-projekt\/","title":{"rendered":"N\u00e1\u0161 projekt"},"content":{"rendered":"<section class=\"wpb-content-wrapper\"><p>[vc_row][vc_column]<div id=\"ultimate-heading-331169de3ec4d450e\" class=\"uvc-heading ult-adjust-bottom-margin ultimate-heading-331169de3ec4d450e uvc-3631  uvc-heading-default-font-sizes\" data-hspacer=\"no_spacer\"  data-halign=\"left\" style=\"text-align:left\"><div class=\"uvc-heading-spacer no_spacer\" style=\"top\"><\/div><div class=\"uvc-sub-heading ult-responsive\"  data-ultimate-target='.uvc-heading.ultimate-heading-331169de3ec4d450e .uvc-sub-heading '  data-responsive-json-new='{\"font-size\":\"desktop:21px;\",\"line-height\":\"desktop:31px;\"}'  style=\"font-family:&#039;Roboto Slab&#039;;font-weight:500;margin-top:33px;margin-bottom:37px;\"><\/p>\n<p style=\"text-align: justify;\">Tento projekt byl financov\u00e1n s podporou Evropsk\u00e9 komise. Tato webov\u00e1 str\u00e1nka odr\u00e1\u017e\u00ed pouze n\u00e1zory autora a Komise nenese odpov\u011bdnost za jak\u00e9koli pou\u017eit\u00ed informac\u00ed na nich obsa\u017een\u00fdch. <\/p>\n<p><\/div><\/div>[vc_row_inner][vc_column_inner width=&#8220;1\/4&#8243;][\/vc_column_inner][vc_column_inner width=&#8220;1\/2&#8243;][vc_single_image image=&#8220;1022&#8243; img_size=&#8220;full&#8220; alignment=&#8220;center&#8220; image_hovers=&#8220;false&#8220;][\/vc_column_inner][vc_column_inner width=&#8220;1\/4&#8243;][\/vc_column_inner][\/vc_row_inner][vc_column_text]<\/p>\n<p style=\"text-align: justify;\">Ot\u00e1zka \u017eivotn\u00edho prost\u0159ed\u00ed se st\u00e1v\u00e1 jedn\u00edm z nejnal\u00e9hav\u011bj\u0161\u00edch glob\u00e1ln\u00edch probl\u00e9m\u016f, kter\u00fdm mus\u00ed politici a komunity \u010delit konkr\u00e9tn\u00edmi kroky pro budouc\u00ed udr\u017eitelnost planety.<br \/>\nZ tohoto d\u016fvodu v minul\u00fdch letech mnoho mezin\u00e1rodn\u00edch dohod zavedlo nov\u00e1 pravidla ke zvl\u00e1dnut\u00ed situace: Pa\u0159\u00ed\u017esk\u00e1 dohoda (2015), b\u011bhem n\u00ed\u017e Organizace spojen\u00fdch n\u00e1rod\u016f poprv\u00e9 vytvo\u0159ila spole\u010dn\u00fd c\u00edl podniknout ambici\u00f3zn\u00ed \u00fasil\u00ed v boji proti zm\u011bn\u011b klimatu. a p\u0159izp\u016fsobit se jej\u00edm \u00fa\u010dink\u016fm, a Agenda 2030 (2015), kter\u00e1 zav\u00e1zala t\u00e9m\u011b\u0159 200 zem\u00ed k zabezpe\u010den\u00ed udr\u017eiteln\u011bj\u0161\u00edho rozvoje pro planetu a obyvatelstvo. <\/p>\n<p style=\"text-align: justify;\">Jak je stanoveno tak\u00e9 v Evropsk\u00e9 zelen\u00e9 dohod\u011b (2019) a v pracovn\u00edm programu Green Deal na obdob\u00ed 2018\u20132020 v r\u00e1mci Horizontu 2020 (oblast 10, t\u00e9ma 2: Behavior\u00e1ln\u00ed, soci\u00e1ln\u00ed a kulturn\u00ed zm\u011bny pro Green Deal), hlavn\u00ed v\u00fdzvou na evropsk\u00e9 a mezin\u00e1rodn\u00ed \u00farovni je \u201epodporovat zm\u011bny ve spole\u010densk\u00fdch zvyc\u00edch a v chov\u00e1n\u00ed jednotlivc\u016f, komunit, ve\u0159ejn\u00fdch a soukrom\u00fdch organizac\u00ed, kter\u00fdch lze dos\u00e1hnout prost\u0159ednictv\u00edm kolektivn\u00edch a participativn\u00edch proces\u016f nebo prost\u0159ednictv\u00edm smyslu pro environment\u00e1ln\u00ed ob\u010danstv\u00ed a klimatickou spravedlnost. \u0158e\u0161en\u00ed t\u011bchto probl\u00e9m\u016f vy\u017eaduje v\u00fdzkum a experimentov\u00e1n\u00ed v oblasti behavior\u00e1ln\u00edch, soci\u00e1ln\u00edch a kulturn\u00edch zm\u011bn v cel\u00e9 Evrop\u011b a n\u00e1slednou anal\u00fdzu soci\u00e1ln\u00edch zvyklost\u00ed a proces\u016f zm\u011bny chov\u00e1n\u00ed, v\u010detn\u011b sd\u00edlen\u00ed osv\u011bd\u010den\u00fdch postup\u016f, n\u00e1stroj\u016f a zdroj\u016f\u201c.<\/p>\n<p style=\"text-align: justify;\">Ke zvl\u00e1dnut\u00ed t\u00e9to velk\u00e9 v\u00fdzvy je t\u0159eba hlubok\u00e9 p\u0159izp\u016fsoben\u00ed \u017eivotn\u00edch styl\u016f a chov\u00e1n\u00ed, k \u010demu\u017e je nezbytn\u00e9 zapojen\u00ed ob\u010dan\u016f a soci\u00e1ln\u00edch inovac\u00ed prost\u0159ednictv\u00edm inovativn\u00edch p\u0159\u00edstup\u016f pro spravedliv\u00fd a inkluzivn\u00ed p\u0159echod k udr\u017eiteln\u011bj\u0161\u00edmu zp\u016fsobu \u017eivota.<\/p>\n<p>[\/vc_column_text][vc_row_inner][vc_column_inner width=&#8220;1\/4&#8243;][\/vc_column_inner][vc_column_inner width=&#8220;1\/2&#8243;][vc_single_image image=&#8220;967&#8243; img_size=&#8220;full&#8220; alignment=&#8220;center&#8220; image_hovers=&#8220;false&#8220;][\/vc_column_inner][vc_column_inner width=&#8220;1\/4&#8243;][\/vc_column_inner][\/vc_row_inner]<div id=\"ultimate-heading-860269de3ec4d45ab\" class=\"uvc-heading ult-adjust-bottom-margin ultimate-heading-860269de3ec4d45ab uvc-6755  uvc-heading-default-font-sizes\" data-hspacer=\"no_spacer\"  data-halign=\"center\" style=\"text-align:center\"><div class=\"uvc-heading-spacer no_spacer\" style=\"top\"><\/div><div class=\"uvc-sub-heading ult-responsive\"  data-ultimate-target='.uvc-heading.ultimate-heading-860269de3ec4d45ab .uvc-sub-heading '  data-responsive-json-new='{\"font-size\":\"desktop:21px;\",\"line-height\":\"desktop:31px;\"}'  style=\"font-weight:normal;\"><strong>GREEN Factor &#8211; ekologick\u00e9 a podnikatelsk\u00e9 cesty k pos\u00edlen\u00ed faktoru zm\u011bny u mlad\u00fdch lid\u00ed<\/strong><\/div><\/div><div id=\"ultimate-heading-770669de3ec4d45e9\" class=\"uvc-heading ult-adjust-bottom-margin ultimate-heading-770669de3ec4d45e9 uvc-7428  uvc-heading-default-font-sizes\" data-hspacer=\"no_spacer\"  data-halign=\"center\" style=\"text-align:center\"><div class=\"uvc-heading-spacer no_spacer\" style=\"top\"><\/div><div class=\"uvc-sub-heading ult-responsive\"  data-ultimate-target='.uvc-heading.ultimate-heading-770669de3ec4d45e9 .uvc-sub-heading '  data-responsive-json-new='{\"font-size\":\"\",\"line-height\":\"\"}'  style=\"font-weight:normal;margin-bottom:27px;\"><strong><span class=\"OYPEnA font-feature-liga-off font-feature-clig-off font-feature-calt-off text-decoration-none text-strikethrough-none\">2021-2-FR02-KA220-YOU-000048638<\/span><\/strong><\/div><\/div>[vc_column_text]<\/p>\n<p style=\"text-align: justify;\">Projekt GREEN Factor, vych\u00e1zej\u00edc\u00ed ze Zelen\u00e9ho \u00fad\u011blu, se zam\u011b\u0159uje na \u0159e\u0161en\u00ed glob\u00e1ln\u00ed pot\u0159eby ochrany \u017eivotn\u00edho prost\u0159ed\u00ed, kter\u00e1 je \u00fazce spjata s behavior\u00e1ln\u00edmi procesy, kulturn\u00edmi a spole\u010densk\u00fdmi zvyklostmi. GREEN Factor se sna\u017e\u00ed tuto pot\u0159ebu \u0159e\u0161it t\u00edm, \u017ee podporuje zm\u011bnu mentality a p\u0159ij\u00edm\u00e1 nov\u00e1 udr\u017eiteln\u00e1 individu\u00e1ln\u00ed\/kolektivn\u00ed opat\u0159en\u00ed a volby, proto\u017ee v\u0161ichni \u017eijeme na t\u00e9to planet\u011b. Jak n\u00e1zev \u201eGREEN Factor\u201c poukazuje, hlavn\u00edm \u00fakolem projektu je pos\u00edlit zm\u011bnu mentality a smysl pro iniciativu zejm\u00e9na u mlad\u00fdch generac\u00ed, co\u017e je nezbytn\u00fd krok ke zv\u00fd\u0161en\u00ed a rozvoji jejich zelen\u00e9ho v\u011bdom\u00ed a k pos\u00edlen\u00ed jejich schopnosti st\u00e1t se \u201eskute\u010dn\u00fdm faktorem zm\u011bny\u201c. <\/p>\n<p style=\"text-align: justify;\"><span style=\"vertical-align: inherit;\"><span style=\"vertical-align: inherit;\">Ve skute\u010dnosti se mlad\u00ed lid\u00e9 postupem \u010dasu v\u00edce informuj\u00ed, uv\u011bdomuj\u00ed si environment\u00e1ln\u00ed t\u00e9mata a probl\u00e9my a pova\u017euj\u00ed se za aktivn\u00ed \u00fa\u010dastn\u00edky glob\u00e1ln\u00edch zm\u011bn. To uk\u00e1zalo hnut\u00ed \u201eFriday for Future\u201c. Za\u010dalo v roce 2018 a brzy se stalo vir\u00e1ln\u00edm, kdy\u017e tis\u00edce mlad\u00fdch aktivist\u016f protestovaly proti nedostate\u010dn\u00fdm opat\u0159en\u00edm vl\u00e1d v oblasti klimatick\u00e9 krize.  Do iniciativy se nakonec zapojilo p\u0159es 7500 m\u011bst a 14 milion\u016f lid\u00ed na v\u0161ech kontinentech (<a href=\"https:\/\/fridaysforfuture.org\/\" target=\"_blank\" rel=\"noopener\">https:\/\/fridaysforfuture.org\/<\/a>).<br \/>\n<\/span><\/span><\/p>\n<p>[\/vc_column_text][\/vc_column][\/vc_row][vc_row][vc_column][vc_column_text][\/vc_column_text][vc_separator][\/vc_column][\/vc_row][vc_row][vc_column][vc_column_text]<\/p>\n<p style=\"text-align: justify;\">N\u00ed\u017ee naleznete let\u00e1k projektu GREEN Factor, kter\u00fd je k dispozici v \u0161esti jazyc\u00edch. Tento let\u00e1k obsahuje z\u00e1kladn\u00ed informace o projektu a jeho kl\u00ed\u010dov\u00fdch n\u00e1stroj\u00edch na podporu zelen\u00e9ho podnik\u00e1n\u00ed a udr\u017eitelnosti mezi mlad\u00fdmi lidmi. <\/p>\n<p>[\/vc_column_text][\/vc_column][vc_column width=&#8220;1\/6&#8243;][vc_column_text]<\/p>\n<p style=\"text-align: center;\"><a href=\"https:\/\/greenfactor-project.eu\/wp-content\/uploads\/2024\/11\/LEAFLET-GREEN-FACTOR_EN.pdf\" class=\"pdfemb-viewer\" style=\"\" data-width=\"max\" data-height=\"max\"  data-toolbar=\"bottom\" data-toolbar-fixed=\"off\">LEAFLET GREEN FACTOR_EN<br\/><\/a><\/p>\n<p>[\/vc_column_text]<style type=\"text\/css\" data-type=\"the7_shortcodes-inline-css\">#default-btn-3cf8244a50c3757d144e55510b614213.ico-right-side > i {\n  margin-right: 0px;\n  margin-left: 8px;\n}\n#default-btn-3cf8244a50c3757d144e55510b614213 > i {\n  margin-right: 8px;\n}\n<\/style><div class=\"btn-align-center\"><a href=\"http:\/\/greenfactor-project.eu\/wp-content\/uploads\/2024\/11\/LEAFLET-GREEN-FACTOR_EN.pdf\" class=\"default-btn-shortcode dt-btn dt-btn-s link-hover-off \" target=\"_blank\" id=\"default-btn-3cf8244a50c3757d144e55510b614213\" rel=\"noopener\"><span>Leaflet (EN)<\/span><\/a><\/div>[\/vc_column][vc_column width=&#8220;1\/6&#8243;][vc_column_text]<\/p>\n<p style=\"text-align: center;\"><a href=\"https:\/\/greenfactor-project.eu\/wp-content\/uploads\/2024\/11\/LEAFLET-GREEN-FACTOR_FR.pdf\" class=\"pdfemb-viewer\" style=\"\" data-width=\"max\" data-height=\"max\"  data-toolbar=\"bottom\" data-toolbar-fixed=\"off\">LEAFLET GREEN FACTOR_FR<br\/><\/a><\/p>\n<p>[\/vc_column_text]<style type=\"text\/css\" data-type=\"the7_shortcodes-inline-css\">#default-btn-f69490a22493ba36d8a0fa89b8b6f212.ico-right-side > i {\n  margin-right: 0px;\n  margin-left: 8px;\n}\n#default-btn-f69490a22493ba36d8a0fa89b8b6f212 > i {\n  margin-right: 8px;\n}\n<\/style><div class=\"btn-align-center\"><a href=\"http:\/\/greenfactor-project.eu\/wp-content\/uploads\/2024\/11\/LEAFLET-GREEN-FACTOR_FR.pdf\" class=\"default-btn-shortcode dt-btn dt-btn-s link-hover-off \" target=\"_blank\" id=\"default-btn-f69490a22493ba36d8a0fa89b8b6f212\" rel=\"noopener\"><span>Leaflet (FR)<\/span><\/a><\/div>[\/vc_column][vc_column width=&#8220;1\/6&#8243;][vc_column_text]<\/p>\n<p style=\"text-align: center;\"><a href=\"https:\/\/greenfactor-project.eu\/wp-content\/uploads\/2024\/11\/LEAFLET-GREEN-FACTOR_ES.pdf\" class=\"pdfemb-viewer\" style=\"\" data-width=\"max\" data-height=\"max\"  data-toolbar=\"bottom\" data-toolbar-fixed=\"off\">LEAFLET GREEN FACTOR_ES<br\/><\/a><\/p>\n<p>[\/vc_column_text]<style type=\"text\/css\" data-type=\"the7_shortcodes-inline-css\">#default-btn-f80ec3753cd48333d720ebd10c239d82.ico-right-side > i {\n  margin-right: 0px;\n  margin-left: 8px;\n}\n#default-btn-f80ec3753cd48333d720ebd10c239d82 > i {\n  margin-right: 8px;\n}\n<\/style><div class=\"btn-align-center\"><a href=\"http:\/\/greenfactor-project.eu\/wp-content\/uploads\/2024\/11\/LEAFLET-GREEN-FACTOR_ES.pdf\" class=\"default-btn-shortcode dt-btn dt-btn-s link-hover-off \" target=\"_blank\" id=\"default-btn-f80ec3753cd48333d720ebd10c239d82\" rel=\"noopener\"><span>Leaflet (ES)<\/span><\/a><\/div>[\/vc_column][vc_column width=&#8220;1\/6&#8243;][vc_column_text]<\/p>\n<p style=\"text-align: center;\"><a href=\"https:\/\/greenfactor-project.eu\/wp-content\/uploads\/2024\/11\/LEAFLET-GREEN-FACTOR_IT.pdf\" class=\"pdfemb-viewer\" style=\"\" data-width=\"max\" data-height=\"max\"  data-toolbar=\"bottom\" data-toolbar-fixed=\"off\">LEAFLET GREEN FACTOR_IT<br\/><\/a><\/p>\n<p>[\/vc_column_text]<style type=\"text\/css\" data-type=\"the7_shortcodes-inline-css\">#default-btn-ba8204cd44bbecc45b27888dd819d6a7.ico-right-side > i {\n  margin-right: 0px;\n  margin-left: 8px;\n}\n#default-btn-ba8204cd44bbecc45b27888dd819d6a7 > i {\n  margin-right: 8px;\n}\n<\/style><div class=\"btn-align-center\"><a href=\"http:\/\/greenfactor-project.eu\/wp-content\/uploads\/2024\/11\/LEAFLET-GREEN-FACTOR_IT.pdf\" class=\"default-btn-shortcode dt-btn dt-btn-s link-hover-off \" target=\"_blank\" id=\"default-btn-ba8204cd44bbecc45b27888dd819d6a7\" rel=\"noopener\"><span>Leaflet (IT)<\/span><\/a><\/div>[\/vc_column][vc_column width=&#8220;1\/6&#8243;][vc_column_text]<\/p>\n<p style=\"text-align: center;\"><a href=\"https:\/\/greenfactor-project.eu\/wp-content\/uploads\/2024\/11\/LEAFLET-GREEN-FACTOR_GREEK.pdf\" class=\"pdfemb-viewer\" style=\"\" data-width=\"max\" data-height=\"max\"  data-toolbar=\"bottom\" data-toolbar-fixed=\"off\">LEAFLET GREEN FACTOR_GREEK<br\/><\/a><\/p>\n<p>[\/vc_column_text]<style type=\"text\/css\" data-type=\"the7_shortcodes-inline-css\">#default-btn-98ae4b3fb10e866226c38bb535612d3c.ico-right-side > i {\n  margin-right: 0px;\n  margin-left: 8px;\n}\n#default-btn-98ae4b3fb10e866226c38bb535612d3c > i {\n  margin-right: 8px;\n}\n<\/style><div class=\"btn-align-center\"><a href=\"http:\/\/greenfactor-project.eu\/wp-content\/uploads\/2024\/11\/LEAFLET-GREEN-FACTOR_GREEK.pdf\" class=\"default-btn-shortcode dt-btn dt-btn-s link-hover-off \" target=\"_blank\" id=\"default-btn-98ae4b3fb10e866226c38bb535612d3c\" rel=\"noopener\"><span>Leaflet (GREEK)<\/span><\/a><\/div>[\/vc_column][vc_column width=&#8220;1\/6&#8243;][vc_column_text]<\/p>\n<p style=\"text-align: center;\"><a href=\"https:\/\/greenfactor-project.eu\/wp-content\/uploads\/2024\/11\/LEAFLET-GREEN-FACTOR_CZECH.pdf\" class=\"pdfemb-viewer\" style=\"\" data-width=\"max\" data-height=\"max\"  data-toolbar=\"bottom\" data-toolbar-fixed=\"off\">LEAFLET GREEN FACTOR_CZECH<br\/><\/a><\/p>\n<p>[\/vc_column_text]<style type=\"text\/css\" data-type=\"the7_shortcodes-inline-css\">#default-btn-8d07795915b89463fe1a18f617fce500.ico-right-side > i {\n  margin-right: 0px;\n  margin-left: 8px;\n}\n#default-btn-8d07795915b89463fe1a18f617fce500 > i {\n  margin-right: 8px;\n}\n<\/style><div class=\"btn-align-center\"><a href=\"http:\/\/greenfactor-project.eu\/wp-content\/uploads\/2024\/11\/LEAFLET-GREEN-FACTOR_CZECH.pdf\" class=\"default-btn-shortcode dt-btn dt-btn-s link-hover-off \" target=\"_blank\" id=\"default-btn-8d07795915b89463fe1a18f617fce500\" rel=\"noopener\"><span>Leaflet (CZECH)<\/span><\/a><\/div>[\/vc_column][\/vc_row]<\/p>\n<\/section>","protected":false},"excerpt":{"rendered":"<p>[vc_row][vc_column][vc_row_inner][vc_column_inner width=&#8220;1\/4&#8243;][\/vc_column_inner][vc_column_inner width=&#8220;1\/2&#8243;][vc_single_image image=&#8220;1022&#8243; img_size=&#8220;full&#8220; alignment=&#8220;center&#8220; image_hovers=&#8220;false&#8220;][\/vc_column_inner][vc_column_inner width=&#8220;1\/4&#8243;][\/vc_column_inner][\/vc_row_inner][vc_column_text] Ot\u00e1zka \u017eivotn\u00edho prost\u0159ed\u00ed se st\u00e1v\u00e1 jedn\u00edm z nejnal\u00e9hav\u011bj\u0161\u00edch glob\u00e1ln\u00edch probl\u00e9m\u016f, kter\u00fdm mus\u00ed politici a komunity \u010delit konkr\u00e9tn\u00edmi kroky pro budouc\u00ed udr\u017eitelnost planety. Z tohoto d\u016fvodu v minul\u00fdch letech mnoho mezin\u00e1rodn\u00edch dohod zavedlo nov\u00e1 pravidla ke zvl\u00e1dnut\u00ed situace: Pa\u0159\u00ed\u017esk\u00e1 dohoda (2015), b\u011bhem n\u00ed\u017e Organizace spojen\u00fdch n\u00e1rod\u016f poprv\u00e9 vytvo\u0159ila&hellip;<\/p>\n","protected":false},"author":1,"featured_media":0,"parent":0,"menu_order":0,"comment_status":"closed","ping_status":"closed","template":"","meta":{"om_disable_all_campaigns":false,"_monsterinsights_skip_tracking":false,"_monsterinsights_sitenote_active":false,"_monsterinsights_sitenote_note":"","_monsterinsights_sitenote_category":0,"footnotes":""},"class_list":["post-1378","page","type-page","status-publish","hentry","description-off"],"yoast_head":"<!-- This site is optimized with the Yoast SEO plugin v19.13 - https:\/\/yoast.com\/wordpress\/plugins\/seo\/ -->\n<title>N\u00e1\u0161 projekt - GREEN Factor<\/title>\n<meta name=\"robots\" content=\"index, follow, max-snippet:-1, max-image-preview:large, max-video-preview:-1\" \/>\n<link rel=\"canonical\" href=\"https:\/\/greenfactor-project.eu\/cs\/nas-projekt\/\" \/>\n<meta property=\"og:locale\" content=\"cs_CZ\" \/>\n<meta property=\"og:type\" content=\"article\" \/>\n<meta property=\"og:title\" content=\"N\u00e1\u0161 projekt - GREEN Factor\" \/>\n<meta property=\"og:description\" content=\"[vc_row][vc_column][vc_row_inner][vc_column_inner width=&#8220;1\/4&#8243;][\/vc_column_inner][vc_column_inner width=&#8220;1\/2&#8243;][vc_single_image image=&#8220;1022&#8243; img_size=&#8220;full&#8220; alignment=&#8220;center&#8220; image_hovers=&#8220;false&#8220;][\/vc_column_inner][vc_column_inner width=&#8220;1\/4&#8243;][\/vc_column_inner][\/vc_row_inner][vc_column_text] Ot\u00e1zka \u017eivotn\u00edho prost\u0159ed\u00ed se st\u00e1v\u00e1 jedn\u00edm z nejnal\u00e9hav\u011bj\u0161\u00edch glob\u00e1ln\u00edch probl\u00e9m\u016f, kter\u00fdm mus\u00ed politici a komunity \u010delit konkr\u00e9tn\u00edmi kroky pro budouc\u00ed udr\u017eitelnost planety. Z tohoto d\u016fvodu v minul\u00fdch letech mnoho mezin\u00e1rodn\u00edch dohod zavedlo nov\u00e1 pravidla ke zvl\u00e1dnut\u00ed situace: Pa\u0159\u00ed\u017esk\u00e1 dohoda (2015), b\u011bhem n\u00ed\u017e Organizace spojen\u00fdch n\u00e1rod\u016f poprv\u00e9 vytvo\u0159ila&hellip;\" \/>\n<meta property=\"og:url\" content=\"https:\/\/greenfactor-project.eu\/cs\/nas-projekt\/\" \/>\n<meta property=\"og:site_name\" content=\"GREEN Factor\" \/>\n<meta property=\"article:modified_time\" content=\"2024-11-14T15:24:22+00:00\" \/>\n<meta name=\"twitter:card\" content=\"summary_large_image\" \/>\n<meta name=\"twitter:site\" content=\"@GreenfactorP\" \/>\n<meta name=\"twitter:label1\" content=\"Odhadovan\u00e1 doba \u010dten\u00ed\" \/>\n\t<meta name=\"twitter:data1\" content=\"6 minut\" \/>\n<script type=\"application\/ld+json\" class=\"yoast-schema-graph\">{\"@context\":\"https:\/\/schema.org\",\"@graph\":[{\"@type\":\"WebPage\",\"@id\":\"https:\/\/greenfactor-project.eu\/cs\/nas-projekt\/\",\"url\":\"https:\/\/greenfactor-project.eu\/cs\/nas-projekt\/\",\"name\":\"N\u00e1\u0161 projekt - GREEN Factor\",\"isPartOf\":{\"@id\":\"https:\/\/greenfactor-project.eu\/#website\"},\"datePublished\":\"2022-07-26T07:37:28+00:00\",\"dateModified\":\"2024-11-14T15:24:22+00:00\",\"breadcrumb\":{\"@id\":\"https:\/\/greenfactor-project.eu\/cs\/nas-projekt\/#breadcrumb\"},\"inLanguage\":\"cs\",\"potentialAction\":[{\"@type\":\"ReadAction\",\"target\":[\"https:\/\/greenfactor-project.eu\/cs\/nas-projekt\/\"]}]},{\"@type\":\"BreadcrumbList\",\"@id\":\"https:\/\/greenfactor-project.eu\/cs\/nas-projekt\/#breadcrumb\",\"itemListElement\":[{\"@type\":\"ListItem\",\"position\":1,\"name\":\"Home\",\"item\":\"https:\/\/greenfactor-project.eu\/cs\/domu\/\"},{\"@type\":\"ListItem\",\"position\":2,\"name\":\"N\u00e1\u0161 projekt\"}]},{\"@type\":\"WebSite\",\"@id\":\"https:\/\/greenfactor-project.eu\/#website\",\"url\":\"https:\/\/greenfactor-project.eu\/\",\"name\":\"GREEN Factor\",\"description\":\"Eco and entrepreneurial pathways to boost young people\u2019s factor of change\",\"publisher\":{\"@id\":\"https:\/\/greenfactor-project.eu\/#organization\"},\"potentialAction\":[{\"@type\":\"SearchAction\",\"target\":{\"@type\":\"EntryPoint\",\"urlTemplate\":\"https:\/\/greenfactor-project.eu\/?s={search_term_string}\"},\"query-input\":\"required name=search_term_string\"}],\"inLanguage\":\"cs\"},{\"@type\":\"Organization\",\"@id\":\"https:\/\/greenfactor-project.eu\/#organization\",\"name\":\"GREEN Factor\",\"url\":\"https:\/\/greenfactor-project.eu\/\",\"logo\":{\"@type\":\"ImageObject\",\"inLanguage\":\"cs\",\"@id\":\"https:\/\/greenfactor-project.eu\/#\/schema\/logo\/image\/\",\"url\":\"https:\/\/greenfactor-project.eu\/wp-content\/uploads\/2022\/07\/logo-greendfactor-m2.jpg\",\"contentUrl\":\"https:\/\/greenfactor-project.eu\/wp-content\/uploads\/2022\/07\/logo-greendfactor-m2.jpg\",\"width\":131,\"height\":86,\"caption\":\"GREEN Factor\"},\"image\":{\"@id\":\"https:\/\/greenfactor-project.eu\/#\/schema\/logo\/image\/\"},\"sameAs\":[\"https:\/\/www.instagram.com\/greenfactor_project\/\",\"https:\/\/www.linkedin.com\/in\/green-factor-project-0b10ab246\/\",\"https:\/\/twitter.com\/GreenfactorP\"]}]}<\/script>\n<!-- \/ Yoast SEO plugin. -->","yoast_head_json":{"title":"N\u00e1\u0161 projekt - GREEN Factor","robots":{"index":"index","follow":"follow","max-snippet":"max-snippet:-1","max-image-preview":"max-image-preview:large","max-video-preview":"max-video-preview:-1"},"canonical":"https:\/\/greenfactor-project.eu\/cs\/nas-projekt\/","og_locale":"cs_CZ","og_type":"article","og_title":"N\u00e1\u0161 projekt - GREEN Factor","og_description":"[vc_row][vc_column][vc_row_inner][vc_column_inner width=&#8220;1\/4&#8243;][\/vc_column_inner][vc_column_inner width=&#8220;1\/2&#8243;][vc_single_image image=&#8220;1022&#8243; img_size=&#8220;full&#8220; alignment=&#8220;center&#8220; image_hovers=&#8220;false&#8220;][\/vc_column_inner][vc_column_inner width=&#8220;1\/4&#8243;][\/vc_column_inner][\/vc_row_inner][vc_column_text] Ot\u00e1zka \u017eivotn\u00edho prost\u0159ed\u00ed se st\u00e1v\u00e1 jedn\u00edm z nejnal\u00e9hav\u011bj\u0161\u00edch glob\u00e1ln\u00edch probl\u00e9m\u016f, kter\u00fdm mus\u00ed politici a komunity \u010delit konkr\u00e9tn\u00edmi kroky pro budouc\u00ed udr\u017eitelnost planety. Z tohoto d\u016fvodu v minul\u00fdch letech mnoho mezin\u00e1rodn\u00edch dohod zavedlo nov\u00e1 pravidla ke zvl\u00e1dnut\u00ed situace: Pa\u0159\u00ed\u017esk\u00e1 dohoda (2015), b\u011bhem n\u00ed\u017e Organizace spojen\u00fdch n\u00e1rod\u016f poprv\u00e9 vytvo\u0159ila&hellip;","og_url":"https:\/\/greenfactor-project.eu\/cs\/nas-projekt\/","og_site_name":"GREEN Factor","article_modified_time":"2024-11-14T15:24:22+00:00","twitter_card":"summary_large_image","twitter_site":"@GreenfactorP","twitter_misc":{"Odhadovan\u00e1 doba \u010dten\u00ed":"6 minut"},"schema":{"@context":"https:\/\/schema.org","@graph":[{"@type":"WebPage","@id":"https:\/\/greenfactor-project.eu\/cs\/nas-projekt\/","url":"https:\/\/greenfactor-project.eu\/cs\/nas-projekt\/","name":"N\u00e1\u0161 projekt - GREEN Factor","isPartOf":{"@id":"https:\/\/greenfactor-project.eu\/#website"},"datePublished":"2022-07-26T07:37:28+00:00","dateModified":"2024-11-14T15:24:22+00:00","breadcrumb":{"@id":"https:\/\/greenfactor-project.eu\/cs\/nas-projekt\/#breadcrumb"},"inLanguage":"cs","potentialAction":[{"@type":"ReadAction","target":["https:\/\/greenfactor-project.eu\/cs\/nas-projekt\/"]}]},{"@type":"BreadcrumbList","@id":"https:\/\/greenfactor-project.eu\/cs\/nas-projekt\/#breadcrumb","itemListElement":[{"@type":"ListItem","position":1,"name":"Home","item":"https:\/\/greenfactor-project.eu\/cs\/domu\/"},{"@type":"ListItem","position":2,"name":"N\u00e1\u0161 projekt"}]},{"@type":"WebSite","@id":"https:\/\/greenfactor-project.eu\/#website","url":"https:\/\/greenfactor-project.eu\/","name":"GREEN Factor","description":"Eco and entrepreneurial pathways to boost young people\u2019s factor of change","publisher":{"@id":"https:\/\/greenfactor-project.eu\/#organization"},"potentialAction":[{"@type":"SearchAction","target":{"@type":"EntryPoint","urlTemplate":"https:\/\/greenfactor-project.eu\/?s={search_term_string}"},"query-input":"required name=search_term_string"}],"inLanguage":"cs"},{"@type":"Organization","@id":"https:\/\/greenfactor-project.eu\/#organization","name":"GREEN Factor","url":"https:\/\/greenfactor-project.eu\/","logo":{"@type":"ImageObject","inLanguage":"cs","@id":"https:\/\/greenfactor-project.eu\/#\/schema\/logo\/image\/","url":"https:\/\/greenfactor-project.eu\/wp-content\/uploads\/2022\/07\/logo-greendfactor-m2.jpg","contentUrl":"https:\/\/greenfactor-project.eu\/wp-content\/uploads\/2022\/07\/logo-greendfactor-m2.jpg","width":131,"height":86,"caption":"GREEN Factor"},"image":{"@id":"https:\/\/greenfactor-project.eu\/#\/schema\/logo\/image\/"},"sameAs":["https:\/\/www.instagram.com\/greenfactor_project\/","https:\/\/www.linkedin.com\/in\/green-factor-project-0b10ab246\/","https:\/\/twitter.com\/GreenfactorP"]}]}},"_links":{"self":[{"href":"https:\/\/greenfactor-project.eu\/cs\/wp-json\/wp\/v2\/pages\/1378","targetHints":{"allow":["GET"]}}],"collection":[{"href":"https:\/\/greenfactor-project.eu\/cs\/wp-json\/wp\/v2\/pages"}],"about":[{"href":"https:\/\/greenfactor-project.eu\/cs\/wp-json\/wp\/v2\/types\/page"}],"author":[{"embeddable":true,"href":"https:\/\/greenfactor-project.eu\/cs\/wp-json\/wp\/v2\/users\/1"}],"replies":[{"embeddable":true,"href":"https:\/\/greenfactor-project.eu\/cs\/wp-json\/wp\/v2\/comments?post=1378"}],"version-history":[{"count":11,"href":"https:\/\/greenfactor-project.eu\/cs\/wp-json\/wp\/v2\/pages\/1378\/revisions"}],"predecessor-version":[{"id":2849,"href":"https:\/\/greenfactor-project.eu\/cs\/wp-json\/wp\/v2\/pages\/1378\/revisions\/2849"}],"wp:attachment":[{"href":"https:\/\/greenfactor-project.eu\/cs\/wp-json\/wp\/v2\/media?parent=1378"}],"curies":[{"name":"wp","href":"https:\/\/api.w.org\/{rel}","templated":true}]}}