{"id":1386,"date":"2022-07-26T10:07:15","date_gmt":"2022-07-26T08:07:15","guid":{"rendered":"https:\/\/greenfactor-project.eu\/vystupy-projektu\/"},"modified":"2024-10-25T14:01:17","modified_gmt":"2024-10-25T12:01:17","slug":"vystupy-projektu","status":"publish","type":"page","link":"https:\/\/greenfactor-project.eu\/cs\/vystupy-projektu\/","title":{"rendered":"V\u00fdstupy projektu"},"content":{"rendered":"<section class=\"wpb-content-wrapper\"><p>[vc_row][vc_column width=&#8220;1\/6&#8243;][\/vc_column][vc_column width=&#8220;2\/3&#8243;][vc_column_text css=&#8220;.vc_custom_1658831007777{margin-bottom: 35px !important;}&#8220;]<\/p>\n<p style=\"text-align: justify;\">V t\u00e9to souvislosti jsou pot\u0159ebn\u00fdmi akcemi vytvo\u0159en\u00ed n\u00e1stroj\u016f a p\u0159\u00edle\u017eitost\u00ed ke vzd\u011bl\u00e1v\u00e1n\u00ed a zapojen\u00ed mlad\u00fdch evropsk\u00fdch ob\u010dan\u016f, aby se vyvinul nov\u00fd zp\u016fsob my\u0161len\u00ed pro vytv\u00e1\u0159en\u00ed udr\u017eiteln\u011bj\u0161\u00edho chov\u00e1n\u00ed, mo\u017enost\u00ed a n\u00e1pad\u016f, kter\u00e9 budou m\u00edt dopad v kr\u00e1tkodob\u00e9m\/dlouhodob\u00e9m horizontu. Vzhledem k tomu, \u017ee GREEN Factor si klade za c\u00edl zejm\u00e9na podporovat pov\u011bdom\u00ed mlad\u00fdch lid\u00ed, kte\u0159\u00ed se stanou dosp\u011bl\u00fdmi z\u00edt\u0159ka a odpov\u011bdn\u00fdmi budouc\u00edch generac\u00ed, projekt se zam\u011b\u0159\u00ed p\u0159edev\u0161\u00edm na pot\u0159eby a postoje mlad\u00fdch lid\u00ed (16-30 let) a na odborn\u00edky, kte\u0159\u00ed pracuj\u00ed s ml\u00e1de\u017ee, aby na n\u011b p\u016fsobily efektivn\u011bji a dlouhodob\u011b (pracovn\u00edci s ml\u00e1de\u017e\u00ed, zam\u011bstnanci ml\u00e1de\u017ee a zelen\u00fdch sdru\u017een\u00ed).<\/p>\n<p>[\/vc_column_text][\/vc_column][vc_column width=&#8220;1\/6&#8243;][\/vc_column][\/vc_row][vc_row bg_type=&#8220;bg_color&#8220; bg_override=&#8220;ex-full&#8220; bg_color_value=&#8220;#efefef&#8220;][vc_column width=&#8220;1\/6&#8243;][\/vc_column][vc_column width=&#8220;2\/3&#8243;][vc_column_text css=&#8220;.vc_custom_1673344707548{padding-top: 25px !important;}&#8220;]<\/p>\n<h4><strong>PR1: THE GREEN FACTOR PATHWAY FOR BEHAVIOURAL CHANGES AND ENVIRONMENTAL CHALLENGES<\/strong><\/h4>\n<p>&nbsp;<\/p>\n<p style=\"text-align: justify;\">P\u0159edstavuje koncep\u010dn\u00ed z\u00e1klad pro v\u0161echny n\u00e1sleduj\u00edc\u00ed v\u00fdsledky projektu a p\u0159inese:<\/p>\n<ul>\n<li style=\"text-align: justify;\">Katalog osv\u011bd\u010den\u00fdch postup\u016f zalo\u017een\u00fd na sb\u00edrce prov\u011b\u0159en\u00fdch metod z Evropy a partnersk\u00fdch zem\u00ed o ekologi\u010dt\u011bj\u0161\u00edm chov\u00e1n\u00ed. Bude proveden v\u00fdzkum s c\u00edlem zjistit, jak\u00e9 jsou nejd\u016fle\u017eit\u011bj\u0161\u00ed mezery v chov\u00e1n\u00ed mlad\u00fdch lid\u00ed, kter\u00e9 je t\u0159eba naplnit v oblastech ka\u017edodenn\u00edho \u017eivota, aby bylo mo\u017en\u00e9 dos\u00e1hnout efektivn\u00edho dlouhodob\u00e9ho dopadu (tj. spot\u0159eba potravin, nakupov\u00e1n\u00ed, kosmetika, t\u0159\u00edd\u011bn\u00fd sb\u011br odpadu, spot\u0159eba energie a odpad atd.).<\/li>\n<li style=\"text-align: justify;\">Zpr\u00e1va o &#8222;zelen\u00e9 v\u00fdzv\u011b&#8220; (Green Challenge Report) zaznamen\u00e1vaj\u00edc\u00ed sou\u010dasn\u00e9 trendy zelen\u00e9ho podnik\u00e1n\u00ed, jeho \u0161\u00ed\u0159en\u00ed v Evrop\u011b a hlavn\u00ed environment\u00e1ln\u00ed probl\u00e9my, kter\u00e9 je t\u0159eba \u0159e\u0161it na n\u00e1rodn\u00ed \u00farovni.<\/li>\n<\/ul>\n<p>[\/vc_column_text]<style type=\"text\/css\" data-type=\"the7_shortcodes-inline-css\">#default-btn-e24b73e2c1e95aa7ccb4194cb1410567.ico-right-side > i {\n  margin-right: 0px;\n  margin-left: 8px;\n}\n#default-btn-e24b73e2c1e95aa7ccb4194cb1410567 > i {\n  margin-right: 8px;\n}\n<\/style><a href=\"https:\/\/greenfactor-project.eu\/pr1-pathway-for-behavioural-changes-and-environmental-challenges\/\" class=\"default-btn-shortcode dt-btn dt-btn-m link-hover-off btn-inline-left \" target=\"_blank\" id=\"default-btn-e24b73e2c1e95aa7ccb4194cb1410567\" rel=\"noopener\"><span>The GREEN Factor Pathway for Behavioural Changes and Environmental Challenges<\/span><\/a>[vc_empty_space][vc_separator color=&#8220;white&#8220;][vc_column_text css=&#8220;.vc_custom_1673344518267{padding-top: 25px !important;}&#8220;]<\/p>\n<p>&nbsp;<\/p>\n<h4><strong>PR2: MY GREEN FACTOR VIDEO TUTORIALS TO BOOST CITIZENS\u2019 BEHAVIORAL CHANGES<\/strong><\/h4>\n<p>&nbsp;<\/p>\n<p style=\"text-align: justify;\">Bude vytvo\u0159ena sada videotutori\u00e1l\u016f, kter\u00e9 poskytnou praktick\u00e9 tipy a pokyny, jak skute\u010dn\u011b ovlivnit my\u0161len\u00ed a \u017eivotn\u00ed styl c\u00edlov\u00fdch skupin, aby se u\u017eivatel\u00e9 stali aktivn\u00edmi \u00fa\u010dastn\u00edky zm\u011bny. Budou se jednat o t\u00e9mata uveden\u00e1 v Katalogu dobr\u00e9 praxe (PR1), kter\u00e1 se v z\u00e1sad\u011b t\u00fdkaj\u00ed oblast\u00ed, kter\u00e9 v\u011bt\u0161inou ovliv\u0148uj\u00ed ka\u017edodenn\u00ed volby a \u010dinnosti ob\u010dan\u016f.<\/p>\n<p>[\/vc_column_text]<style type=\"text\/css\" data-type=\"the7_shortcodes-inline-css\">#default-btn-c6a6eb00c7256fc57c545d40b96623c9.ico-right-side > i {\n  margin-right: 0px;\n  margin-left: 8px;\n}\n#default-btn-c6a6eb00c7256fc57c545d40b96623c9 > i {\n  margin-right: 8px;\n}\n<\/style><a href=\"https:\/\/greenfactor-project.eu\/pr2-my-green-factor-video-tutorials-to-boost-citizens-behavioral-changes\/\" class=\"default-btn-shortcode dt-btn dt-btn-m link-hover-off btn-inline-left \" target=\"_blank\" id=\"default-btn-c6a6eb00c7256fc57c545d40b96623c9\" rel=\"noopener\"><span>My GREEN Factor Video Tutorials to Boost Citizens\u2019 Behavioral Changes<\/span><\/a>[vc_empty_space][vc_separator color=&#8220;white&#8220;][vc_column_text css=&#8220;.vc_custom_1673344532283{padding-top: 25px !important;}&#8220;]<\/p>\n<h4><strong>PR3: MY GREEN FACTOR GAMIFIED E-COURSE FOR ASPIRING GREEN ENTREPRENEURS<\/strong><\/h4>\n<p>&nbsp;<\/p>\n<p style=\"text-align: justify;\">Online kurz pro z\u00e1jemce o udr\u017eiteln\u00e9 podnik\u00e1n\u00ed, nab\u00edzej\u00edc\u00ed mo\u017enost ov\u011b\u0159it si dopad sv\u00e9ho podnikatelsk\u00e9ho z\u00e1m\u011bru na \u017eivotn\u00ed prost\u0159ed\u00ed a naj\u00edt cesty, jak zodpov\u011bdn\u011b minimalizovat mo\u017en\u00e9 negativn\u00ed dopady. Kurz bude sest\u00e1vat z 5 modul\u016f: <\/p>\n<p>&nbsp;<\/p>\n<ol>\n<li><u>Jak se st\u00e1t \u201ezelen\u00fdm\u201c podnikatelem<\/u> \u2013 rozvoj nezbytn\u00fdch m\u011bkk\u00fdch a tvrd\u00fdch dovednost\u00ed (technick\u00e9 dovednosti, management, networking, HR)<\/li>\n<li><u>Jak vytvo\u0159it podnikatelsk\u00fd pl\u00e1n<\/u> \u2013 jak identifikovat c\u00edlovou skupinu, prozkoumat trh a napsat byznys pl\u00e1n<\/li>\n<li><u>Marketing a komunikace<\/u> \u2013 branding, vizu\u00e1ln\u00ed identita a tvorba loga; intern\u00ed komunikace a r\u016fzn\u00e9 marketingov\u00e9 kan\u00e1ly <\/li>\n<li><u>Pl\u00e1nov\u00e1n\u00ed investic<\/u> \u2013 anal\u00fdza proveditelnosti a n\u00e1vratnosti investic, jak zajistit financov\u00e1n\u00ed a investi\u010dn\u00ed p\u0159\u00edle\u017eitosti pro nov\u00e9 \u201ezelen\u00e9\u201c projekty<\/li>\n<li><u>Tvorba projektov\u00e9 my\u0161lenky<\/u> \u2013 bude zalo\u017eena striktn\u011b na v\u00fdsledc\u00edch pr\u016fzkumu v jednotliv\u00fdch zem\u00edch. Mlad\u00ed lid\u00e9 se d\u00edky t\u011bmto anal\u00fdz\u00e1m budou moci zam\u011b\u0159it na konkr\u00e9tn\u00ed probl\u00e9my ve sv\u00fdch zem\u00edch a okolo nich vystav\u011bt sv\u016fj environment\u00e1ln\u00ed podnikatelsk\u00fd z\u00e1m\u011br. <\/li>\n<\/ol>\n<p>[\/vc_column_text]<style type=\"text\/css\" data-type=\"the7_shortcodes-inline-css\">#default-btn-d0e453e0f489c42beb1a92f6debb8204.ico-right-side > i {\n  margin-right: 0px;\n  margin-left: 8px;\n}\n#default-btn-d0e453e0f489c42beb1a92f6debb8204 > i {\n  margin-right: 8px;\n}\n<\/style><a href=\"https:\/\/greenfactor-project.eu\/pr3-my-green-factor-gamified-e-course-for-aspiring-green-entrepreneurs\/\" class=\"default-btn-shortcode dt-btn dt-btn-m link-hover-off btn-inline-left \" target=\"_blank\" id=\"default-btn-d0e453e0f489c42beb1a92f6debb8204\" rel=\"noopener\"><span>My GREEN Factor Gamified E-Course for Aspiring Green Entrepreneurs<\/span><\/a>[vc_empty_space][vc_separator color=&#8220;white&#8220;][vc_column_text css=&#8220;.vc_custom_1673344547391{padding-top: 25px !important;padding-bottom: 35px !important;}&#8220;]<\/p>\n<h4><strong>PR4: THE GREEN FACTOR REPLICABILITY GUIDE FOR YOUTH WORKERS<\/strong><\/h4>\n<p>&nbsp;<\/p>\n<p style=\"text-align: justify;\">M\u00e1 hlavn\u00ed prostor poskytnout pracovn\u00edk\u016fm s ml\u00e1de\u017e\u00ed pokyny, jak v\u00e9st mlad\u00e9 lidi v procesu, jak se st\u00e1t aktivn\u00edmi propag\u00e1tory jejich m\u00edstn\u011b zelen\u00e9ho ekonomick\u00e9ho prost\u0159ed\u00ed.<\/p>\n<p>[\/vc_column_text]<style type=\"text\/css\" data-type=\"the7_shortcodes-inline-css\">#default-btn-bc7b4360e7d91e662330472803501bd2.ico-right-side > i {\n  margin-right: 0px;\n  margin-left: 8px;\n}\n#default-btn-bc7b4360e7d91e662330472803501bd2 > i {\n  margin-right: 8px;\n}\n<\/style><a href=\"https:\/\/greenfactor-project.eu\/pr4-the-green-factor-replicability-guide-for-youth-workers\/\" class=\"default-btn-shortcode dt-btn dt-btn-m link-hover-off btn-inline-left \" target=\"_blank\" id=\"default-btn-bc7b4360e7d91e662330472803501bd2\" rel=\"noopener\"><span>The GREEN Factor Replicability Guide for Youth Workers<\/span><\/a>[vc_empty_space][\/vc_column][vc_column width=&#8220;1\/6&#8243;][\/vc_column][\/vc_row][vc_row bg_type=&#8220;bg_color&#8220; bg_override=&#8220;ex-full&#8220; bg_color_value=&#8220;#8dd166&#8243;][vc_column width=&#8220;1\/6&#8243;][\/vc_column][vc_column width=&#8220;2\/3&#8243; css=&#8220;.vc_custom_1658831381420{padding-top: 35px !important;}&#8220;]<div id=\"ultimate-heading-492369f192c769c46\" class=\"uvc-heading ult-adjust-bottom-margin ultimate-heading-492369f192c769c46 uvc-7873  uvc-heading-default-font-sizes\" data-hspacer=\"no_spacer\"  data-halign=\"left\" style=\"text-align:left\"><div class=\"uvc-heading-spacer no_spacer\" style=\"top\"><\/div><div class=\"uvc-sub-heading ult-responsive\"  data-ultimate-target='.uvc-heading.ultimate-heading-492369f192c769c46 .uvc-sub-heading '  data-responsive-json-new='{\"font-size\":\"desktop:19px;\",\"line-height\":\"\"}'  style=\"font-family:&#039;Roboto&#039;;font-weight:normal;margin-top:53px;margin-bottom:75px;\"><strong>Krom\u011b toho v r\u00e1mci projektu bude prob\u00edhat v\u00fdukov\u00e1 aktivita a \u0161est multiplika\u010dn\u00edch akc\u00ed:<\/strong><\/p>\n<ul>\n<li>C1: \u0160kolic\u00ed kurz<\/li>\n<li>ME: N\u00e1rodn\u00ed disemina\u010dn\u00ed akce (jedna z\u00e1v\u011bre\u010dn\u00e1 akce v ka\u017ed\u00e9 zemi \u00fa\u010dastn\u00edc\u00ed se projektu) k propagaci projektu a \u0161\u00ed\u0159en\u00ed jeho v\u00fdsledk\u016f.<\/li>\n<\/ul>\n<p><\/div><\/div>[\/vc_column][vc_column width=&#8220;1\/6&#8243;][\/vc_column][\/vc_row]<\/p>\n<\/section>","protected":false},"excerpt":{"rendered":"<p>[vc_row][vc_column width=&#8220;1\/6&#8243;][\/vc_column][vc_column width=&#8220;2\/3&#8243;][vc_column_text css=&#8220;.vc_custom_1658831007777{margin-bottom: 35px !important;}&#8220;] V t\u00e9to souvislosti jsou pot\u0159ebn\u00fdmi akcemi vytvo\u0159en\u00ed n\u00e1stroj\u016f a p\u0159\u00edle\u017eitost\u00ed ke vzd\u011bl\u00e1v\u00e1n\u00ed a zapojen\u00ed mlad\u00fdch evropsk\u00fdch ob\u010dan\u016f, aby se vyvinul nov\u00fd zp\u016fsob my\u0161len\u00ed pro vytv\u00e1\u0159en\u00ed udr\u017eiteln\u011bj\u0161\u00edho chov\u00e1n\u00ed, mo\u017enost\u00ed a n\u00e1pad\u016f, kter\u00e9 budou m\u00edt dopad v kr\u00e1tkodob\u00e9m\/dlouhodob\u00e9m horizontu. Vzhledem k tomu, \u017ee GREEN Factor si klade za c\u00edl zejm\u00e9na podporovat&hellip;<\/p>\n","protected":false},"author":1,"featured_media":0,"parent":0,"menu_order":0,"comment_status":"closed","ping_status":"closed","template":"","meta":{"om_disable_all_campaigns":false,"_monsterinsights_skip_tracking":false,"_monsterinsights_sitenote_active":false,"_monsterinsights_sitenote_note":"","_monsterinsights_sitenote_category":0,"footnotes":""},"class_list":["post-1386","page","type-page","status-publish","hentry","description-off"],"yoast_head":"<!-- This site is optimized with the Yoast SEO plugin v19.13 - https:\/\/yoast.com\/wordpress\/plugins\/seo\/ -->\n<title>V\u00fdstupy projektu - GREEN Factor<\/title>\n<meta name=\"robots\" content=\"index, follow, max-snippet:-1, max-image-preview:large, max-video-preview:-1\" \/>\n<link rel=\"canonical\" href=\"https:\/\/greenfactor-project.eu\/cs\/vystupy-projektu\/\" \/>\n<meta property=\"og:locale\" content=\"cs_CZ\" \/>\n<meta property=\"og:type\" content=\"article\" \/>\n<meta property=\"og:title\" content=\"V\u00fdstupy projektu - GREEN Factor\" \/>\n<meta property=\"og:description\" content=\"[vc_row][vc_column width=&#8220;1\/6&#8243;][\/vc_column][vc_column width=&#8220;2\/3&#8243;][vc_column_text css=&#8220;.vc_custom_1658831007777{margin-bottom: 35px !important;}&#8220;] V t\u00e9to souvislosti jsou pot\u0159ebn\u00fdmi akcemi vytvo\u0159en\u00ed n\u00e1stroj\u016f a p\u0159\u00edle\u017eitost\u00ed ke vzd\u011bl\u00e1v\u00e1n\u00ed a zapojen\u00ed mlad\u00fdch evropsk\u00fdch ob\u010dan\u016f, aby se vyvinul nov\u00fd zp\u016fsob my\u0161len\u00ed pro vytv\u00e1\u0159en\u00ed udr\u017eiteln\u011bj\u0161\u00edho chov\u00e1n\u00ed, mo\u017enost\u00ed a n\u00e1pad\u016f, kter\u00e9 budou m\u00edt dopad v kr\u00e1tkodob\u00e9m\/dlouhodob\u00e9m horizontu. Vzhledem k tomu, \u017ee GREEN Factor si klade za c\u00edl zejm\u00e9na podporovat&hellip;\" \/>\n<meta property=\"og:url\" content=\"https:\/\/greenfactor-project.eu\/cs\/vystupy-projektu\/\" \/>\n<meta property=\"og:site_name\" content=\"GREEN Factor\" \/>\n<meta property=\"article:modified_time\" content=\"2024-10-25T12:01:17+00:00\" \/>\n<meta name=\"twitter:card\" content=\"summary_large_image\" \/>\n<meta name=\"twitter:site\" content=\"@GreenfactorP\" \/>\n<meta name=\"twitter:label1\" content=\"Odhadovan\u00e1 doba \u010dten\u00ed\" \/>\n\t<meta name=\"twitter:data1\" content=\"5 minut\" \/>\n<script type=\"application\/ld+json\" class=\"yoast-schema-graph\">{\"@context\":\"https:\/\/schema.org\",\"@graph\":[{\"@type\":\"WebPage\",\"@id\":\"https:\/\/greenfactor-project.eu\/cs\/vystupy-projektu\/\",\"url\":\"https:\/\/greenfactor-project.eu\/cs\/vystupy-projektu\/\",\"name\":\"V\u00fdstupy projektu - GREEN Factor\",\"isPartOf\":{\"@id\":\"https:\/\/greenfactor-project.eu\/#website\"},\"datePublished\":\"2022-07-26T08:07:15+00:00\",\"dateModified\":\"2024-10-25T12:01:17+00:00\",\"breadcrumb\":{\"@id\":\"https:\/\/greenfactor-project.eu\/cs\/vystupy-projektu\/#breadcrumb\"},\"inLanguage\":\"cs\",\"potentialAction\":[{\"@type\":\"ReadAction\",\"target\":[\"https:\/\/greenfactor-project.eu\/cs\/vystupy-projektu\/\"]}]},{\"@type\":\"BreadcrumbList\",\"@id\":\"https:\/\/greenfactor-project.eu\/cs\/vystupy-projektu\/#breadcrumb\",\"itemListElement\":[{\"@type\":\"ListItem\",\"position\":1,\"name\":\"Home\",\"item\":\"https:\/\/greenfactor-project.eu\/cs\/domu\/\"},{\"@type\":\"ListItem\",\"position\":2,\"name\":\"V\u00fdstupy projektu\"}]},{\"@type\":\"WebSite\",\"@id\":\"https:\/\/greenfactor-project.eu\/#website\",\"url\":\"https:\/\/greenfactor-project.eu\/\",\"name\":\"GREEN Factor\",\"description\":\"Eco and entrepreneurial pathways to boost young people\u2019s factor of change\",\"publisher\":{\"@id\":\"https:\/\/greenfactor-project.eu\/#organization\"},\"potentialAction\":[{\"@type\":\"SearchAction\",\"target\":{\"@type\":\"EntryPoint\",\"urlTemplate\":\"https:\/\/greenfactor-project.eu\/?s={search_term_string}\"},\"query-input\":\"required name=search_term_string\"}],\"inLanguage\":\"cs\"},{\"@type\":\"Organization\",\"@id\":\"https:\/\/greenfactor-project.eu\/#organization\",\"name\":\"GREEN Factor\",\"url\":\"https:\/\/greenfactor-project.eu\/\",\"logo\":{\"@type\":\"ImageObject\",\"inLanguage\":\"cs\",\"@id\":\"https:\/\/greenfactor-project.eu\/#\/schema\/logo\/image\/\",\"url\":\"https:\/\/greenfactor-project.eu\/wp-content\/uploads\/2022\/07\/logo-greendfactor-m2.jpg\",\"contentUrl\":\"https:\/\/greenfactor-project.eu\/wp-content\/uploads\/2022\/07\/logo-greendfactor-m2.jpg\",\"width\":131,\"height\":86,\"caption\":\"GREEN Factor\"},\"image\":{\"@id\":\"https:\/\/greenfactor-project.eu\/#\/schema\/logo\/image\/\"},\"sameAs\":[\"https:\/\/www.instagram.com\/greenfactor_project\/\",\"https:\/\/www.linkedin.com\/in\/green-factor-project-0b10ab246\/\",\"https:\/\/twitter.com\/GreenfactorP\"]}]}<\/script>\n<!-- \/ Yoast SEO plugin. -->","yoast_head_json":{"title":"V\u00fdstupy projektu - GREEN Factor","robots":{"index":"index","follow":"follow","max-snippet":"max-snippet:-1","max-image-preview":"max-image-preview:large","max-video-preview":"max-video-preview:-1"},"canonical":"https:\/\/greenfactor-project.eu\/cs\/vystupy-projektu\/","og_locale":"cs_CZ","og_type":"article","og_title":"V\u00fdstupy projektu - GREEN Factor","og_description":"[vc_row][vc_column width=&#8220;1\/6&#8243;][\/vc_column][vc_column width=&#8220;2\/3&#8243;][vc_column_text css=&#8220;.vc_custom_1658831007777{margin-bottom: 35px !important;}&#8220;] V t\u00e9to souvislosti jsou pot\u0159ebn\u00fdmi akcemi vytvo\u0159en\u00ed n\u00e1stroj\u016f a p\u0159\u00edle\u017eitost\u00ed ke vzd\u011bl\u00e1v\u00e1n\u00ed a zapojen\u00ed mlad\u00fdch evropsk\u00fdch ob\u010dan\u016f, aby se vyvinul nov\u00fd zp\u016fsob my\u0161len\u00ed pro vytv\u00e1\u0159en\u00ed udr\u017eiteln\u011bj\u0161\u00edho chov\u00e1n\u00ed, mo\u017enost\u00ed a n\u00e1pad\u016f, kter\u00e9 budou m\u00edt dopad v kr\u00e1tkodob\u00e9m\/dlouhodob\u00e9m horizontu. Vzhledem k tomu, \u017ee GREEN Factor si klade za c\u00edl zejm\u00e9na podporovat&hellip;","og_url":"https:\/\/greenfactor-project.eu\/cs\/vystupy-projektu\/","og_site_name":"GREEN Factor","article_modified_time":"2024-10-25T12:01:17+00:00","twitter_card":"summary_large_image","twitter_site":"@GreenfactorP","twitter_misc":{"Odhadovan\u00e1 doba \u010dten\u00ed":"5 minut"},"schema":{"@context":"https:\/\/schema.org","@graph":[{"@type":"WebPage","@id":"https:\/\/greenfactor-project.eu\/cs\/vystupy-projektu\/","url":"https:\/\/greenfactor-project.eu\/cs\/vystupy-projektu\/","name":"V\u00fdstupy projektu - GREEN Factor","isPartOf":{"@id":"https:\/\/greenfactor-project.eu\/#website"},"datePublished":"2022-07-26T08:07:15+00:00","dateModified":"2024-10-25T12:01:17+00:00","breadcrumb":{"@id":"https:\/\/greenfactor-project.eu\/cs\/vystupy-projektu\/#breadcrumb"},"inLanguage":"cs","potentialAction":[{"@type":"ReadAction","target":["https:\/\/greenfactor-project.eu\/cs\/vystupy-projektu\/"]}]},{"@type":"BreadcrumbList","@id":"https:\/\/greenfactor-project.eu\/cs\/vystupy-projektu\/#breadcrumb","itemListElement":[{"@type":"ListItem","position":1,"name":"Home","item":"https:\/\/greenfactor-project.eu\/cs\/domu\/"},{"@type":"ListItem","position":2,"name":"V\u00fdstupy projektu"}]},{"@type":"WebSite","@id":"https:\/\/greenfactor-project.eu\/#website","url":"https:\/\/greenfactor-project.eu\/","name":"GREEN Factor","description":"Eco and entrepreneurial pathways to boost young people\u2019s factor of change","publisher":{"@id":"https:\/\/greenfactor-project.eu\/#organization"},"potentialAction":[{"@type":"SearchAction","target":{"@type":"EntryPoint","urlTemplate":"https:\/\/greenfactor-project.eu\/?s={search_term_string}"},"query-input":"required name=search_term_string"}],"inLanguage":"cs"},{"@type":"Organization","@id":"https:\/\/greenfactor-project.eu\/#organization","name":"GREEN Factor","url":"https:\/\/greenfactor-project.eu\/","logo":{"@type":"ImageObject","inLanguage":"cs","@id":"https:\/\/greenfactor-project.eu\/#\/schema\/logo\/image\/","url":"https:\/\/greenfactor-project.eu\/wp-content\/uploads\/2022\/07\/logo-greendfactor-m2.jpg","contentUrl":"https:\/\/greenfactor-project.eu\/wp-content\/uploads\/2022\/07\/logo-greendfactor-m2.jpg","width":131,"height":86,"caption":"GREEN Factor"},"image":{"@id":"https:\/\/greenfactor-project.eu\/#\/schema\/logo\/image\/"},"sameAs":["https:\/\/www.instagram.com\/greenfactor_project\/","https:\/\/www.linkedin.com\/in\/green-factor-project-0b10ab246\/","https:\/\/twitter.com\/GreenfactorP"]}]}},"_links":{"self":[{"href":"https:\/\/greenfactor-project.eu\/cs\/wp-json\/wp\/v2\/pages\/1386","targetHints":{"allow":["GET"]}}],"collection":[{"href":"https:\/\/greenfactor-project.eu\/cs\/wp-json\/wp\/v2\/pages"}],"about":[{"href":"https:\/\/greenfactor-project.eu\/cs\/wp-json\/wp\/v2\/types\/page"}],"author":[{"embeddable":true,"href":"https:\/\/greenfactor-project.eu\/cs\/wp-json\/wp\/v2\/users\/1"}],"replies":[{"embeddable":true,"href":"https:\/\/greenfactor-project.eu\/cs\/wp-json\/wp\/v2\/comments?post=1386"}],"version-history":[{"count":11,"href":"https:\/\/greenfactor-project.eu\/cs\/wp-json\/wp\/v2\/pages\/1386\/revisions"}],"predecessor-version":[{"id":2665,"href":"https:\/\/greenfactor-project.eu\/cs\/wp-json\/wp\/v2\/pages\/1386\/revisions\/2665"}],"wp:attachment":[{"href":"https:\/\/greenfactor-project.eu\/cs\/wp-json\/wp\/v2\/media?parent=1386"}],"curies":[{"name":"wp","href":"https:\/\/api.w.org\/{rel}","templated":true}]}}