{"id":1390,"date":"2022-07-26T10:53:19","date_gmt":"2022-07-26T08:53:19","guid":{"rendered":"https:\/\/greenfactor-project.eu\/kontaktujte-nas\/"},"modified":"2024-10-25T14:03:07","modified_gmt":"2024-10-25T12:03:07","slug":"kontaktujte-nas","status":"publish","type":"page","link":"https:\/\/greenfactor-project.eu\/cs\/kontaktujte-nas\/","title":{"rendered":"Kontaktujte n\u00e1s!"},"content":{"rendered":"<section class=\"wpb-content-wrapper\"><p>[vc_row][vc_column width=&#8220;1\/6&#8243;][\/vc_column][vc_column width=&#8220;2\/3&#8243;][vc_row_inner][vc_column_inner]<div class=\"aio-icon-component    style_1\"><div id=\"Info-box-wrap-8304\" class=\"aio-icon-box left-icon\" style=\"\"  ><div class=\"aio-icon-left\"><div class=\"ult-just-icon-wrapper  \"><div class=\"align-icon\" style=\"text-align:center;\">\n<div class=\"aio-icon none \"  style=\"color:#8dd166;font-size:62px;display:inline-block;\">\n\t<i class=\"icomoon-the7-font-the7-login-03\"><\/i>\n<\/div><\/div><\/div><\/div><div class=\"aio-ibd-block\"><div class=\"aio-icon-header\" ><h3 class=\"aio-icon-title ult-responsive\"  data-ultimate-target='#Info-box-wrap-8304 .aio-icon-title'  data-responsive-json-new='{\"font-size\":\"desktop:21px;\",\"line-height\":\"\"}'  style=\"\">Koordin\u00e1tor projektu:<\/h3><\/div> <!-- header --><div class=\"aio-icon-description ult-responsive\"  data-ultimate-target='#Info-box-wrap-8304 .aio-icon-description'  data-responsive-json-new='{\"font-size\":\"desktop:17px;\",\"line-height\":\"\"}'  style=\"\">Daria KYSLITSKA (E-Juniors). <a href=\"mailto:daria.kyslitska@gmail.com\" target=\"_blank\" rel=\"noopener\">daria.kyslitska@gmail.com<\/a><\/div> <!-- description --><\/div> <!-- aio-ibd-block --><\/div> <!-- aio-icon-box --><\/div> <!-- aio-icon-component -->[\/vc_column_inner][\/vc_row_inner][vc_separator][vc_row_inner css=&#8220;.vc_custom_1658832790829{padding-bottom: 35px !important;}&#8220;][vc_column_inner]<div class=\"aio-icon-component    style_1\"><div id=\"Info-box-wrap-4212\" class=\"aio-icon-box left-icon\" style=\"\"  ><div class=\"aio-icon-left\"><div class=\"ult-just-icon-wrapper  \"><div class=\"align-icon\" style=\"text-align:center;\">\n<div class=\"aio-icon none \"  style=\"color:#8dd166;font-size:62px;display:inline-block;\">\n\t<i class=\"icomoon-the7-font-the7-login-03\"><\/i>\n<\/div><\/div><\/div><\/div><div class=\"aio-ibd-block\"><div class=\"aio-icon-header\" ><h3 class=\"aio-icon-title ult-responsive\"  data-ultimate-target='#Info-box-wrap-4212 .aio-icon-title'  data-responsive-json-new='{\"font-size\":\"desktop:21px;\",\"line-height\":\"\"}'  style=\"\">Mana\u017eer pro komunikaci projektu:<\/h3><\/div> <!-- header --><div class=\"aio-icon-description ult-responsive\"  data-ultimate-target='#Info-box-wrap-4212 .aio-icon-description'  data-responsive-json-new='{\"font-size\":\"desktop:17px;\",\"line-height\":\"\"}'  style=\"\">Laura Dom\u00ednguez Tanco (Kveloce I+D+i). <a href=\"mailto:ldominguez@kveloce.com\" target=\"_blank\" rel=\"noopener\">ldominguez@kveloce.com<\/a><\/div> <!-- description --><\/div> <!-- aio-ibd-block --><\/div> <!-- aio-icon-box --><\/div> <!-- aio-icon-component -->[\/vc_column_inner][\/vc_row_inner][\/vc_column][vc_column width=&#8220;1\/6&#8243;][\/vc_column][\/vc_row][vc_row bg_type=&#8220;bg_color&#8220; bg_override=&#8220;ex-full&#8220; bg_color_value=&#8220;#8dd166&#8243;][vc_column width=&#8220;1\/6&#8243;][\/vc_column][vc_column width=&#8220;2\/3&#8243;]<div id=\"ultimate-heading-110969d3bfa3b318a\" class=\"uvc-heading ult-adjust-bottom-margin ultimate-heading-110969d3bfa3b318a uvc-8484  uvc-heading-default-font-sizes\" data-hspacer=\"no_spacer\"  data-halign=\"left\" style=\"text-align:left\"><div class=\"uvc-heading-spacer no_spacer\" style=\"top\"><\/div><div class=\"uvc-sub-heading ult-responsive\"  data-ultimate-target='.uvc-heading.ultimate-heading-110969d3bfa3b318a .uvc-sub-heading '  data-responsive-json-new='{\"font-size\":\"desktop:19px;\",\"line-height\":\"\"}'  style=\"font-family:&#039;Roboto&#039;;font-weight:500;color:#ffffff;margin-top:23px;margin-bottom:55px;\">Tento projekt byl financov\u00e1n s podporou Evropsk\u00e9 komise. Tato webov\u00e1 str\u00e1nka odr\u00e1\u017e\u00ed pouze n\u00e1zory autora a Komise nenese odpov\u011bdnost za jak\u00e9koli pou\u017eit\u00ed informac\u00ed na nich obsa\u017een\u00fdch.<\/p>\n<p><\/div><\/div>[\/vc_column][vc_column width=&#8220;1\/6&#8243;][\/vc_column][\/vc_row]<\/p>\n<\/section>","protected":false},"excerpt":{"rendered":"<p>[vc_row][vc_column width=&#8220;1\/6&#8243;][\/vc_column][vc_column width=&#8220;2\/3&#8243;][vc_row_inner][vc_column_inner][\/vc_column_inner][\/vc_row_inner][vc_separator][vc_row_inner css=&#8220;.vc_custom_1658832790829{padding-bottom: 35px !important;}&#8220;][vc_column_inner][\/vc_column_inner][\/vc_row_inner][\/vc_column][vc_column width=&#8220;1\/6&#8243;][\/vc_column][\/vc_row][vc_row bg_type=&#8220;bg_color&#8220; bg_override=&#8220;ex-full&#8220; bg_color_value=&#8220;#8dd166&#8243;][vc_column width=&#8220;1\/6&#8243;][\/vc_column][vc_column width=&#8220;2\/3&#8243;][\/vc_column][vc_column width=&#8220;1\/6&#8243;][\/vc_column][\/vc_row]<\/p>\n","protected":false},"author":1,"featured_media":0,"parent":0,"menu_order":0,"comment_status":"closed","ping_status":"closed","template":"","meta":{"om_disable_all_campaigns":false,"_monsterinsights_skip_tracking":false,"_monsterinsights_sitenote_active":false,"_monsterinsights_sitenote_note":"","_monsterinsights_sitenote_category":0,"footnotes":""},"class_list":["post-1390","page","type-page","status-publish","hentry","description-off"],"yoast_head":"<!-- This site is optimized with the Yoast SEO plugin v19.13 - https:\/\/yoast.com\/wordpress\/plugins\/seo\/ -->\n<title>Kontaktujte n\u00e1s! - GREEN Factor<\/title>\n<meta name=\"robots\" content=\"index, follow, max-snippet:-1, max-image-preview:large, max-video-preview:-1\" \/>\n<link rel=\"canonical\" href=\"https:\/\/greenfactor-project.eu\/cs\/kontaktujte-nas\/\" \/>\n<meta property=\"og:locale\" content=\"cs_CZ\" \/>\n<meta property=\"og:type\" content=\"article\" \/>\n<meta property=\"og:title\" content=\"Kontaktujte n\u00e1s! - GREEN Factor\" \/>\n<meta property=\"og:description\" content=\"[vc_row][vc_column width=&#8220;1\/6&#8243;][\/vc_column][vc_column width=&#8220;2\/3&#8243;][vc_row_inner][vc_column_inner][\/vc_column_inner][\/vc_row_inner][vc_separator][vc_row_inner css=&#8220;.vc_custom_1658832790829{padding-bottom: 35px !important;}&#8220;][vc_column_inner][\/vc_column_inner][\/vc_row_inner][\/vc_column][vc_column width=&#8220;1\/6&#8243;][\/vc_column][\/vc_row][vc_row bg_type=&#8220;bg_color&#8220; bg_override=&#8220;ex-full&#8220; bg_color_value=&#8220;#8dd166&#8243;][vc_column width=&#8220;1\/6&#8243;][\/vc_column][vc_column width=&#8220;2\/3&#8243;][\/vc_column][vc_column width=&#8220;1\/6&#8243;][\/vc_column][\/vc_row]\" \/>\n<meta property=\"og:url\" content=\"https:\/\/greenfactor-project.eu\/cs\/kontaktujte-nas\/\" \/>\n<meta property=\"og:site_name\" content=\"GREEN Factor\" \/>\n<meta property=\"article:modified_time\" content=\"2024-10-25T12:03:07+00:00\" \/>\n<meta name=\"twitter:card\" content=\"summary_large_image\" \/>\n<meta name=\"twitter:site\" content=\"@GreenfactorP\" \/>\n<meta name=\"twitter:label1\" content=\"Odhadovan\u00e1 doba \u010dten\u00ed\" \/>\n\t<meta name=\"twitter:data1\" content=\"1 minuta\" \/>\n<script type=\"application\/ld+json\" class=\"yoast-schema-graph\">{\"@context\":\"https:\/\/schema.org\",\"@graph\":[{\"@type\":\"WebPage\",\"@id\":\"https:\/\/greenfactor-project.eu\/cs\/kontaktujte-nas\/\",\"url\":\"https:\/\/greenfactor-project.eu\/cs\/kontaktujte-nas\/\",\"name\":\"Kontaktujte n\u00e1s! - GREEN Factor\",\"isPartOf\":{\"@id\":\"https:\/\/greenfactor-project.eu\/#website\"},\"datePublished\":\"2022-07-26T08:53:19+00:00\",\"dateModified\":\"2024-10-25T12:03:07+00:00\",\"breadcrumb\":{\"@id\":\"https:\/\/greenfactor-project.eu\/cs\/kontaktujte-nas\/#breadcrumb\"},\"inLanguage\":\"cs\",\"potentialAction\":[{\"@type\":\"ReadAction\",\"target\":[\"https:\/\/greenfactor-project.eu\/cs\/kontaktujte-nas\/\"]}]},{\"@type\":\"BreadcrumbList\",\"@id\":\"https:\/\/greenfactor-project.eu\/cs\/kontaktujte-nas\/#breadcrumb\",\"itemListElement\":[{\"@type\":\"ListItem\",\"position\":1,\"name\":\"Home\",\"item\":\"https:\/\/greenfactor-project.eu\/cs\/domu\/\"},{\"@type\":\"ListItem\",\"position\":2,\"name\":\"Kontaktujte n\u00e1s!\"}]},{\"@type\":\"WebSite\",\"@id\":\"https:\/\/greenfactor-project.eu\/#website\",\"url\":\"https:\/\/greenfactor-project.eu\/\",\"name\":\"GREEN Factor\",\"description\":\"Eco and entrepreneurial pathways to boost young people\u2019s factor of change\",\"publisher\":{\"@id\":\"https:\/\/greenfactor-project.eu\/#organization\"},\"potentialAction\":[{\"@type\":\"SearchAction\",\"target\":{\"@type\":\"EntryPoint\",\"urlTemplate\":\"https:\/\/greenfactor-project.eu\/?s={search_term_string}\"},\"query-input\":\"required name=search_term_string\"}],\"inLanguage\":\"cs\"},{\"@type\":\"Organization\",\"@id\":\"https:\/\/greenfactor-project.eu\/#organization\",\"name\":\"GREEN Factor\",\"url\":\"https:\/\/greenfactor-project.eu\/\",\"logo\":{\"@type\":\"ImageObject\",\"inLanguage\":\"cs\",\"@id\":\"https:\/\/greenfactor-project.eu\/#\/schema\/logo\/image\/\",\"url\":\"https:\/\/greenfactor-project.eu\/wp-content\/uploads\/2022\/07\/logo-greendfactor-m2.jpg\",\"contentUrl\":\"https:\/\/greenfactor-project.eu\/wp-content\/uploads\/2022\/07\/logo-greendfactor-m2.jpg\",\"width\":131,\"height\":86,\"caption\":\"GREEN Factor\"},\"image\":{\"@id\":\"https:\/\/greenfactor-project.eu\/#\/schema\/logo\/image\/\"},\"sameAs\":[\"https:\/\/www.instagram.com\/greenfactor_project\/\",\"https:\/\/www.linkedin.com\/in\/green-factor-project-0b10ab246\/\",\"https:\/\/twitter.com\/GreenfactorP\"]}]}<\/script>\n<!-- \/ Yoast SEO plugin. -->","yoast_head_json":{"title":"Kontaktujte n\u00e1s! - GREEN Factor","robots":{"index":"index","follow":"follow","max-snippet":"max-snippet:-1","max-image-preview":"max-image-preview:large","max-video-preview":"max-video-preview:-1"},"canonical":"https:\/\/greenfactor-project.eu\/cs\/kontaktujte-nas\/","og_locale":"cs_CZ","og_type":"article","og_title":"Kontaktujte n\u00e1s! - GREEN Factor","og_description":"[vc_row][vc_column width=&#8220;1\/6&#8243;][\/vc_column][vc_column width=&#8220;2\/3&#8243;][vc_row_inner][vc_column_inner][\/vc_column_inner][\/vc_row_inner][vc_separator][vc_row_inner css=&#8220;.vc_custom_1658832790829{padding-bottom: 35px !important;}&#8220;][vc_column_inner][\/vc_column_inner][\/vc_row_inner][\/vc_column][vc_column width=&#8220;1\/6&#8243;][\/vc_column][\/vc_row][vc_row bg_type=&#8220;bg_color&#8220; bg_override=&#8220;ex-full&#8220; bg_color_value=&#8220;#8dd166&#8243;][vc_column width=&#8220;1\/6&#8243;][\/vc_column][vc_column width=&#8220;2\/3&#8243;][\/vc_column][vc_column width=&#8220;1\/6&#8243;][\/vc_column][\/vc_row]","og_url":"https:\/\/greenfactor-project.eu\/cs\/kontaktujte-nas\/","og_site_name":"GREEN Factor","article_modified_time":"2024-10-25T12:03:07+00:00","twitter_card":"summary_large_image","twitter_site":"@GreenfactorP","twitter_misc":{"Odhadovan\u00e1 doba \u010dten\u00ed":"1 minuta"},"schema":{"@context":"https:\/\/schema.org","@graph":[{"@type":"WebPage","@id":"https:\/\/greenfactor-project.eu\/cs\/kontaktujte-nas\/","url":"https:\/\/greenfactor-project.eu\/cs\/kontaktujte-nas\/","name":"Kontaktujte n\u00e1s! - GREEN Factor","isPartOf":{"@id":"https:\/\/greenfactor-project.eu\/#website"},"datePublished":"2022-07-26T08:53:19+00:00","dateModified":"2024-10-25T12:03:07+00:00","breadcrumb":{"@id":"https:\/\/greenfactor-project.eu\/cs\/kontaktujte-nas\/#breadcrumb"},"inLanguage":"cs","potentialAction":[{"@type":"ReadAction","target":["https:\/\/greenfactor-project.eu\/cs\/kontaktujte-nas\/"]}]},{"@type":"BreadcrumbList","@id":"https:\/\/greenfactor-project.eu\/cs\/kontaktujte-nas\/#breadcrumb","itemListElement":[{"@type":"ListItem","position":1,"name":"Home","item":"https:\/\/greenfactor-project.eu\/cs\/domu\/"},{"@type":"ListItem","position":2,"name":"Kontaktujte n\u00e1s!"}]},{"@type":"WebSite","@id":"https:\/\/greenfactor-project.eu\/#website","url":"https:\/\/greenfactor-project.eu\/","name":"GREEN Factor","description":"Eco and entrepreneurial pathways to boost young people\u2019s factor of change","publisher":{"@id":"https:\/\/greenfactor-project.eu\/#organization"},"potentialAction":[{"@type":"SearchAction","target":{"@type":"EntryPoint","urlTemplate":"https:\/\/greenfactor-project.eu\/?s={search_term_string}"},"query-input":"required name=search_term_string"}],"inLanguage":"cs"},{"@type":"Organization","@id":"https:\/\/greenfactor-project.eu\/#organization","name":"GREEN Factor","url":"https:\/\/greenfactor-project.eu\/","logo":{"@type":"ImageObject","inLanguage":"cs","@id":"https:\/\/greenfactor-project.eu\/#\/schema\/logo\/image\/","url":"https:\/\/greenfactor-project.eu\/wp-content\/uploads\/2022\/07\/logo-greendfactor-m2.jpg","contentUrl":"https:\/\/greenfactor-project.eu\/wp-content\/uploads\/2022\/07\/logo-greendfactor-m2.jpg","width":131,"height":86,"caption":"GREEN Factor"},"image":{"@id":"https:\/\/greenfactor-project.eu\/#\/schema\/logo\/image\/"},"sameAs":["https:\/\/www.instagram.com\/greenfactor_project\/","https:\/\/www.linkedin.com\/in\/green-factor-project-0b10ab246\/","https:\/\/twitter.com\/GreenfactorP"]}]}},"_links":{"self":[{"href":"https:\/\/greenfactor-project.eu\/cs\/wp-json\/wp\/v2\/pages\/1390","targetHints":{"allow":["GET"]}}],"collection":[{"href":"https:\/\/greenfactor-project.eu\/cs\/wp-json\/wp\/v2\/pages"}],"about":[{"href":"https:\/\/greenfactor-project.eu\/cs\/wp-json\/wp\/v2\/types\/page"}],"author":[{"embeddable":true,"href":"https:\/\/greenfactor-project.eu\/cs\/wp-json\/wp\/v2\/users\/1"}],"replies":[{"embeddable":true,"href":"https:\/\/greenfactor-project.eu\/cs\/wp-json\/wp\/v2\/comments?post=1390"}],"version-history":[{"count":4,"href":"https:\/\/greenfactor-project.eu\/cs\/wp-json\/wp\/v2\/pages\/1390\/revisions"}],"predecessor-version":[{"id":2671,"href":"https:\/\/greenfactor-project.eu\/cs\/wp-json\/wp\/v2\/pages\/1390\/revisions\/2671"}],"wp:attachment":[{"href":"https:\/\/greenfactor-project.eu\/cs\/wp-json\/wp\/v2\/media?parent=1390"}],"curies":[{"name":"wp","href":"https:\/\/api.w.org\/{rel}","templated":true}]}}