{"id":1525,"date":"2023-02-14T16:16:16","date_gmt":"2023-02-14T15:16:16","guid":{"rendered":"https:\/\/greenfactor-project.eu\/pr1-cesta-ke-zmenam-chovani-a-vyzvam-v-oblasti-zivotniho-prostredi\/"},"modified":"2023-03-06T14:39:20","modified_gmt":"2023-03-06T13:39:20","slug":"pr1-cesta-ke-zmenam-chovani-a-vyzvam-v-oblasti-zivotniho-prostredi","status":"publish","type":"page","link":"https:\/\/greenfactor-project.eu\/cs\/pr1-cesta-ke-zmenam-chovani-a-vyzvam-v-oblasti-zivotniho-prostredi\/","title":{"rendered":"PR1: CESTA KE ZM\u011aN\u00c1M CHOV\u00c1N\u00cd A V\u00ddZV\u00c1M V OBLASTI \u017dIVOTN\u00cdHO PROST\u0158ED\u00cd"},"content":{"rendered":"<section class=\"wpb-content-wrapper\"><p>[vc_row][vc_column width=&#8220;1\/3&#8243;][vc_column_text]<\/p>\n<ul>\n<li>PR1: CESTA KE ZM\u011aN\u00c1M CHOV\u00c1N\u00cd A V\u00ddZV\u00c1M V OBLASTI \u017dIVOTN\u00cdHO PROST\u0158ED\u00cd (Angli\u010dtina)<\/li>\n<\/ul>\n<p><a href=\"https:\/\/greenfactor-project.eu\/wp-content\/uploads\/2023\/02\/PR-1_PATHWAY-FOR-BEHAVIOURAL-CHANGES-AND-ENVIRONMENTAL-CHALLENGES_GREEN-Factor.pdf\" class=\"pdfemb-viewer\" style=\"\" data-width=\"max\" data-height=\"max\"  data-toolbar=\"bottom\" data-toolbar-fixed=\"off\">PR1: CESTA KE ZM\u011aN\u00c1M CHOV\u00c1N\u00cd A V\u00ddZV\u00c1M V OBLASTI \u017dIVOTN\u00cdHO PROST\u0158ED\u00cd_GREEN Factor<br\/><\/a>[\/vc_column_text]<style type=\"text\/css\" data-type=\"the7_shortcodes-inline-css\">#default-btn-c02f69f769959b76e7cbea15cb3a6d22.ico-right-side > i {\n  margin-right: 0px;\n  margin-left: 8px;\n}\n#default-btn-c02f69f769959b76e7cbea15cb3a6d22 > i {\n  margin-right: 8px;\n}\n<\/style><div class=\"btn-align-center\"><a href=\"http:\/\/greenfactor-project.eu\/wp-content\/uploads\/2023\/02\/PR-1_PATHWAY-FOR-BEHAVIOURAL-CHANGES-AND-ENVIRONMENTAL-CHALLENGES_GREEN-Factor.pdf\" class=\"default-btn-shortcode dt-btn dt-btn-s link-hover-off \" target=\"_blank\" id=\"default-btn-c02f69f769959b76e7cbea15cb3a6d22\" rel=\"noopener\"><span>Download<\/span><\/a><\/div>[\/vc_column][vc_column width=&#8220;1\/3&#8243;][vc_column_text]<\/p>\n<ul>\n<li>PR1: CESTA KE ZM\u011aN\u00c1M CHOV\u00c1N\u00cd A V\u00ddZV\u00c1M V OBLASTI \u017dIVOTN\u00cdHO PROST\u0158ED\u00cd (Francouz\u0161tina)<\/li>\n<\/ul>\n<p><a href=\"https:\/\/greenfactor-project.eu\/wp-content\/uploads\/2023\/03\/GREEN-FACTOR-Catalogo-FR.pdf\" class=\"pdfemb-viewer\" style=\"\" data-width=\"max\" data-height=\"max\"  data-toolbar=\"bottom\" data-toolbar-fixed=\"off\">GREEN FACTOR - Catalogo-FR<br\/><\/a>[\/vc_column_text]<style type=\"text\/css\" data-type=\"the7_shortcodes-inline-css\">#default-btn-439882830585e7b0aaa8afe8a64566f7.ico-right-side > i {\n  margin-right: 0px;\n  margin-left: 8px;\n}\n#default-btn-439882830585e7b0aaa8afe8a64566f7 > i {\n  margin-right: 8px;\n}\n<\/style><div class=\"btn-align-center\"><a href=\"http:\/\/greenfactor-project.eu\/wp-content\/uploads\/2023\/03\/GREEN-FACTOR-Catalogo-FR.pdf\" class=\"default-btn-shortcode dt-btn dt-btn-s link-hover-off \" target=\"_blank\" id=\"default-btn-439882830585e7b0aaa8afe8a64566f7\" rel=\"noopener\"><span>Download<\/span><\/a><\/div>[\/vc_column][vc_column width=&#8220;1\/3&#8243;][vc_column_text]<\/p>\n<ul>\n<li>PR1: CESTA KE ZM\u011aN\u00c1M CHOV\u00c1N\u00cd A V\u00ddZV\u00c1M V OBLASTI \u017dIVOTN\u00cdHO PROST\u0158ED\u00cd (Italsk\u00fd)<\/li>\n<\/ul>\n<p><a href=\"https:\/\/greenfactor-project.eu\/wp-content\/uploads\/2023\/03\/GREEN-FACTOR-Catalogo-IT.pdf\" class=\"pdfemb-viewer\" style=\"\" data-width=\"max\" data-height=\"max\"  data-toolbar=\"bottom\" data-toolbar-fixed=\"off\">GREEN FACTOR - Catalogo-IT<br\/><\/a>[\/vc_column_text]<style type=\"text\/css\" data-type=\"the7_shortcodes-inline-css\">#default-btn-6859d4cd11cbf029b2b237c9b7806d42.ico-right-side > i {\n  margin-right: 0px;\n  margin-left: 8px;\n}\n#default-btn-6859d4cd11cbf029b2b237c9b7806d42 > i {\n  margin-right: 8px;\n}\n<\/style><div class=\"btn-align-center\"><a href=\"http:\/\/greenfactor-project.eu\/wp-content\/uploads\/2023\/03\/GREEN-FACTOR-Catalogo-IT.pdf\" class=\"default-btn-shortcode dt-btn dt-btn-s link-hover-off \" target=\"_blank\" id=\"default-btn-6859d4cd11cbf029b2b237c9b7806d42\" rel=\"noopener\"><span>Download<\/span><\/a><\/div>[\/vc_column][\/vc_row][vc_row][vc_column][vc_empty_space][\/vc_column][\/vc_row][vc_row][vc_column width=&#8220;1\/3&#8243;][vc_column_text]<\/p>\n<ul>\n<li>PR1: CESTA KE ZM\u011aN\u00c1M CHOV\u00c1N\u00cd A V\u00ddZV\u00c1M V OBLASTI \u017dIVOTN\u00cdHO PROST\u0158ED\u00cd (\u0160pan\u011bl\u0161tina)<\/li>\n<\/ul>\n<p><a href=\"https:\/\/greenfactor-project.eu\/wp-content\/uploads\/2023\/03\/GREEN-FACTOR-Catalogo-ES.pdf\" class=\"pdfemb-viewer\" style=\"\" data-width=\"max\" data-height=\"max\"  data-toolbar=\"bottom\" data-toolbar-fixed=\"off\">GREEN FACTOR - Catalogo-ES<br\/><\/a>[\/vc_column_text]<style type=\"text\/css\" data-type=\"the7_shortcodes-inline-css\">#default-btn-848896a7062cd037b96ebe07dd67e6e0.ico-right-side > i {\n  margin-right: 0px;\n  margin-left: 8px;\n}\n#default-btn-848896a7062cd037b96ebe07dd67e6e0 > i {\n  margin-right: 8px;\n}\n<\/style><div class=\"btn-align-center\"><a href=\"http:\/\/greenfactor-project.eu\/wp-content\/uploads\/2023\/03\/GREEN-FACTOR-Catalogo-ES.pdf\" class=\"default-btn-shortcode dt-btn dt-btn-s link-hover-off \" target=\"_blank\" id=\"default-btn-848896a7062cd037b96ebe07dd67e6e0\" rel=\"noopener\"><span>Download<\/span><\/a><\/div>[\/vc_column][vc_column width=&#8220;1\/3&#8243;][vc_column_text]<\/p>\n<ul>\n<li>PR1: CESTA KE ZM\u011aN\u00c1M CHOV\u00c1N\u00cd A V\u00ddZV\u00c1M V OBLASTI \u017dIVOTN\u00cdHO PROST\u0158ED\u00cd (\u0158eck\u00fd)<\/li>\n<\/ul>\n<p><a href=\"https:\/\/greenfactor-project.eu\/wp-content\/uploads\/2023\/03\/GREEN-FACTOR-Catalogo-GR.pdf\" class=\"pdfemb-viewer\" style=\"\" data-width=\"max\" data-height=\"max\"  data-toolbar=\"bottom\" data-toolbar-fixed=\"off\">GREEN FACTOR - Catalogo-GR<br\/><\/a>[\/vc_column_text]<style type=\"text\/css\" data-type=\"the7_shortcodes-inline-css\">#default-btn-fdd8b64a08fd776b7bb49dae83b1c0d0.ico-right-side > i {\n  margin-right: 0px;\n  margin-left: 8px;\n}\n#default-btn-fdd8b64a08fd776b7bb49dae83b1c0d0 > i {\n  margin-right: 8px;\n}\n<\/style><div class=\"btn-align-center\"><a href=\"http:\/\/greenfactor-project.eu\/wp-content\/uploads\/2023\/03\/GREEN-FACTOR-Catalogo-GR.pdf\" class=\"default-btn-shortcode dt-btn dt-btn-s link-hover-off \" target=\"_blank\" id=\"default-btn-fdd8b64a08fd776b7bb49dae83b1c0d0\" rel=\"noopener\"><span>Download<\/span><\/a><\/div>[\/vc_column][vc_column width=&#8220;1\/3&#8243;][vc_column_text]<\/p>\n<ul>\n<li>PR1: CESTA KE ZM\u011aN\u00c1M CHOV\u00c1N\u00cd A V\u00ddZV\u00c1M V OBLASTI \u017dIVOTN\u00cdHO PROST\u0158ED\u00cd (\u010cesky)<\/li>\n<\/ul>\n<p><a href=\"https:\/\/greenfactor-project.eu\/wp-content\/uploads\/2023\/03\/GREEN-FACTOR-Catalogo-CZ.pdf\" class=\"pdfemb-viewer\" style=\"\" data-width=\"max\" data-height=\"max\"  data-toolbar=\"bottom\" data-toolbar-fixed=\"off\">GREEN FACTOR - Catalogo-CZ<br\/><\/a>[\/vc_column_text]<style type=\"text\/css\" data-type=\"the7_shortcodes-inline-css\">#default-btn-ffd0c8eac388aa81b2d2bc0120e15af0.ico-right-side > i {\n  margin-right: 0px;\n  margin-left: 8px;\n}\n#default-btn-ffd0c8eac388aa81b2d2bc0120e15af0 > i {\n  margin-right: 8px;\n}\n<\/style><div class=\"btn-align-center\"><a href=\"http:\/\/greenfactor-project.eu\/wp-content\/uploads\/2023\/03\/GREEN-FACTOR-Catalogo-CZ.pdf\" class=\"default-btn-shortcode dt-btn dt-btn-s link-hover-off \" id=\"default-btn-ffd0c8eac388aa81b2d2bc0120e15af0\"><span>Download<\/span><\/a><\/div>[\/vc_column][\/vc_row]<\/p>\n<\/section>","protected":false},"excerpt":{"rendered":"<p>[vc_row][vc_column width=&#8220;1\/3&#8243;][vc_column_text] PR1: CESTA KE ZM\u011aN\u00c1M CHOV\u00c1N\u00cd A V\u00ddZV\u00c1M V OBLASTI \u017dIVOTN\u00cdHO PROST\u0158ED\u00cd (Angli\u010dtina) [\/vc_column_text][\/vc_column][vc_column width=&#8220;1\/3&#8243;][vc_column_text] PR1: CESTA KE ZM\u011aN\u00c1M CHOV\u00c1N\u00cd A V\u00ddZV\u00c1M V OBLASTI \u017dIVOTN\u00cdHO PROST\u0158ED\u00cd (Francouz\u0161tina) [\/vc_column_text][\/vc_column][vc_column width=&#8220;1\/3&#8243;][vc_column_text] PR1: CESTA KE ZM\u011aN\u00c1M CHOV\u00c1N\u00cd A V\u00ddZV\u00c1M V OBLASTI \u017dIVOTN\u00cdHO PROST\u0158ED\u00cd (Italsk\u00fd) [\/vc_column_text][\/vc_column][\/vc_row][vc_row][vc_column][vc_empty_space][\/vc_column][\/vc_row][vc_row][vc_column width=&#8220;1\/3&#8243;][vc_column_text] PR1: CESTA KE ZM\u011aN\u00c1M CHOV\u00c1N\u00cd A V\u00ddZV\u00c1M V OBLASTI \u017dIVOTN\u00cdHO PROST\u0158ED\u00cd&hellip;<\/p>\n","protected":false},"author":2,"featured_media":0,"parent":0,"menu_order":0,"comment_status":"closed","ping_status":"closed","template":"","meta":{"om_disable_all_campaigns":false,"_monsterinsights_skip_tracking":false,"_monsterinsights_sitenote_active":false,"_monsterinsights_sitenote_note":"","_monsterinsights_sitenote_category":0,"footnotes":""},"class_list":["post-1525","page","type-page","status-publish","hentry","description-off"],"yoast_head":"<!-- This site is optimized with the Yoast SEO plugin v19.13 - https:\/\/yoast.com\/wordpress\/plugins\/seo\/ -->\n<title>PR1: CESTA KE ZM\u011aN\u00c1M CHOV\u00c1N\u00cd A V\u00ddZV\u00c1M V OBLASTI \u017dIVOTN\u00cdHO PROST\u0158ED\u00cd - GREEN Factor<\/title>\n<meta name=\"robots\" content=\"index, follow, max-snippet:-1, max-image-preview:large, max-video-preview:-1\" \/>\n<link rel=\"canonical\" href=\"https:\/\/greenfactor-project.eu\/cs\/pr1-cesta-ke-zmenam-chovani-a-vyzvam-v-oblasti-zivotniho-prostredi\/\" \/>\n<meta property=\"og:locale\" content=\"cs_CZ\" \/>\n<meta property=\"og:type\" content=\"article\" \/>\n<meta property=\"og:title\" content=\"PR1: CESTA KE ZM\u011aN\u00c1M CHOV\u00c1N\u00cd A V\u00ddZV\u00c1M V OBLASTI \u017dIVOTN\u00cdHO PROST\u0158ED\u00cd - GREEN Factor\" \/>\n<meta property=\"og:description\" content=\"[vc_row][vc_column width=&#8220;1\/3&#8243;][vc_column_text] PR1: CESTA KE ZM\u011aN\u00c1M CHOV\u00c1N\u00cd A V\u00ddZV\u00c1M V OBLASTI \u017dIVOTN\u00cdHO PROST\u0158ED\u00cd (Angli\u010dtina) [\/vc_column_text][\/vc_column][vc_column width=&#8220;1\/3&#8243;][vc_column_text] PR1: CESTA KE ZM\u011aN\u00c1M CHOV\u00c1N\u00cd A V\u00ddZV\u00c1M V OBLASTI \u017dIVOTN\u00cdHO PROST\u0158ED\u00cd (Francouz\u0161tina) [\/vc_column_text][\/vc_column][vc_column width=&#8220;1\/3&#8243;][vc_column_text] PR1: CESTA KE ZM\u011aN\u00c1M CHOV\u00c1N\u00cd A V\u00ddZV\u00c1M V OBLASTI \u017dIVOTN\u00cdHO PROST\u0158ED\u00cd (Italsk\u00fd) [\/vc_column_text][\/vc_column][\/vc_row][vc_row][vc_column][vc_empty_space][\/vc_column][\/vc_row][vc_row][vc_column width=&#8220;1\/3&#8243;][vc_column_text] PR1: CESTA KE ZM\u011aN\u00c1M CHOV\u00c1N\u00cd A V\u00ddZV\u00c1M V OBLASTI \u017dIVOTN\u00cdHO PROST\u0158ED\u00cd&hellip;\" \/>\n<meta property=\"og:url\" content=\"https:\/\/greenfactor-project.eu\/cs\/pr1-cesta-ke-zmenam-chovani-a-vyzvam-v-oblasti-zivotniho-prostredi\/\" \/>\n<meta property=\"og:site_name\" content=\"GREEN Factor\" \/>\n<meta property=\"article:modified_time\" content=\"2023-03-06T13:39:20+00:00\" \/>\n<meta name=\"twitter:card\" content=\"summary_large_image\" \/>\n<meta name=\"twitter:site\" content=\"@GreenfactorP\" \/>\n<meta name=\"twitter:label1\" content=\"Odhadovan\u00e1 doba \u010dten\u00ed\" \/>\n\t<meta name=\"twitter:data1\" content=\"2 minuty\" \/>\n<script type=\"application\/ld+json\" class=\"yoast-schema-graph\">{\"@context\":\"https:\/\/schema.org\",\"@graph\":[{\"@type\":\"WebPage\",\"@id\":\"https:\/\/greenfactor-project.eu\/cs\/pr1-cesta-ke-zmenam-chovani-a-vyzvam-v-oblasti-zivotniho-prostredi\/\",\"url\":\"https:\/\/greenfactor-project.eu\/cs\/pr1-cesta-ke-zmenam-chovani-a-vyzvam-v-oblasti-zivotniho-prostredi\/\",\"name\":\"PR1: CESTA KE ZM\u011aN\u00c1M CHOV\u00c1N\u00cd A V\u00ddZV\u00c1M V OBLASTI \u017dIVOTN\u00cdHO PROST\u0158ED\u00cd - GREEN Factor\",\"isPartOf\":{\"@id\":\"https:\/\/greenfactor-project.eu\/#website\"},\"datePublished\":\"2023-02-14T15:16:16+00:00\",\"dateModified\":\"2023-03-06T13:39:20+00:00\",\"breadcrumb\":{\"@id\":\"https:\/\/greenfactor-project.eu\/cs\/pr1-cesta-ke-zmenam-chovani-a-vyzvam-v-oblasti-zivotniho-prostredi\/#breadcrumb\"},\"inLanguage\":\"cs\",\"potentialAction\":[{\"@type\":\"ReadAction\",\"target\":[\"https:\/\/greenfactor-project.eu\/cs\/pr1-cesta-ke-zmenam-chovani-a-vyzvam-v-oblasti-zivotniho-prostredi\/\"]}]},{\"@type\":\"BreadcrumbList\",\"@id\":\"https:\/\/greenfactor-project.eu\/cs\/pr1-cesta-ke-zmenam-chovani-a-vyzvam-v-oblasti-zivotniho-prostredi\/#breadcrumb\",\"itemListElement\":[{\"@type\":\"ListItem\",\"position\":1,\"name\":\"Home\",\"item\":\"https:\/\/greenfactor-project.eu\/cs\/domu\/\"},{\"@type\":\"ListItem\",\"position\":2,\"name\":\"PR1: CESTA KE ZM\u011aN\u00c1M CHOV\u00c1N\u00cd A V\u00ddZV\u00c1M V OBLASTI \u017dIVOTN\u00cdHO PROST\u0158ED\u00cd\"}]},{\"@type\":\"WebSite\",\"@id\":\"https:\/\/greenfactor-project.eu\/#website\",\"url\":\"https:\/\/greenfactor-project.eu\/\",\"name\":\"GREEN Factor\",\"description\":\"Eco and entrepreneurial pathways to boost young people\u2019s factor of change\",\"publisher\":{\"@id\":\"https:\/\/greenfactor-project.eu\/#organization\"},\"potentialAction\":[{\"@type\":\"SearchAction\",\"target\":{\"@type\":\"EntryPoint\",\"urlTemplate\":\"https:\/\/greenfactor-project.eu\/?s={search_term_string}\"},\"query-input\":\"required name=search_term_string\"}],\"inLanguage\":\"cs\"},{\"@type\":\"Organization\",\"@id\":\"https:\/\/greenfactor-project.eu\/#organization\",\"name\":\"GREEN Factor\",\"url\":\"https:\/\/greenfactor-project.eu\/\",\"logo\":{\"@type\":\"ImageObject\",\"inLanguage\":\"cs\",\"@id\":\"https:\/\/greenfactor-project.eu\/#\/schema\/logo\/image\/\",\"url\":\"https:\/\/greenfactor-project.eu\/wp-content\/uploads\/2022\/07\/logo-greendfactor-m2.jpg\",\"contentUrl\":\"https:\/\/greenfactor-project.eu\/wp-content\/uploads\/2022\/07\/logo-greendfactor-m2.jpg\",\"width\":131,\"height\":86,\"caption\":\"GREEN Factor\"},\"image\":{\"@id\":\"https:\/\/greenfactor-project.eu\/#\/schema\/logo\/image\/\"},\"sameAs\":[\"https:\/\/www.instagram.com\/greenfactor_project\/\",\"https:\/\/www.linkedin.com\/in\/green-factor-project-0b10ab246\/\",\"https:\/\/twitter.com\/GreenfactorP\"]}]}<\/script>\n<!-- \/ Yoast SEO plugin. -->","yoast_head_json":{"title":"PR1: CESTA KE ZM\u011aN\u00c1M CHOV\u00c1N\u00cd A V\u00ddZV\u00c1M V OBLASTI \u017dIVOTN\u00cdHO PROST\u0158ED\u00cd - GREEN Factor","robots":{"index":"index","follow":"follow","max-snippet":"max-snippet:-1","max-image-preview":"max-image-preview:large","max-video-preview":"max-video-preview:-1"},"canonical":"https:\/\/greenfactor-project.eu\/cs\/pr1-cesta-ke-zmenam-chovani-a-vyzvam-v-oblasti-zivotniho-prostredi\/","og_locale":"cs_CZ","og_type":"article","og_title":"PR1: CESTA KE ZM\u011aN\u00c1M CHOV\u00c1N\u00cd A V\u00ddZV\u00c1M V OBLASTI \u017dIVOTN\u00cdHO PROST\u0158ED\u00cd - GREEN Factor","og_description":"[vc_row][vc_column width=&#8220;1\/3&#8243;][vc_column_text] PR1: CESTA KE ZM\u011aN\u00c1M CHOV\u00c1N\u00cd A V\u00ddZV\u00c1M V OBLASTI \u017dIVOTN\u00cdHO PROST\u0158ED\u00cd (Angli\u010dtina) [\/vc_column_text][\/vc_column][vc_column width=&#8220;1\/3&#8243;][vc_column_text] PR1: CESTA KE ZM\u011aN\u00c1M CHOV\u00c1N\u00cd A V\u00ddZV\u00c1M V OBLASTI \u017dIVOTN\u00cdHO PROST\u0158ED\u00cd (Francouz\u0161tina) [\/vc_column_text][\/vc_column][vc_column width=&#8220;1\/3&#8243;][vc_column_text] PR1: CESTA KE ZM\u011aN\u00c1M CHOV\u00c1N\u00cd A V\u00ddZV\u00c1M V OBLASTI \u017dIVOTN\u00cdHO PROST\u0158ED\u00cd (Italsk\u00fd) [\/vc_column_text][\/vc_column][\/vc_row][vc_row][vc_column][vc_empty_space][\/vc_column][\/vc_row][vc_row][vc_column width=&#8220;1\/3&#8243;][vc_column_text] PR1: CESTA KE ZM\u011aN\u00c1M CHOV\u00c1N\u00cd A V\u00ddZV\u00c1M V OBLASTI \u017dIVOTN\u00cdHO PROST\u0158ED\u00cd&hellip;","og_url":"https:\/\/greenfactor-project.eu\/cs\/pr1-cesta-ke-zmenam-chovani-a-vyzvam-v-oblasti-zivotniho-prostredi\/","og_site_name":"GREEN Factor","article_modified_time":"2023-03-06T13:39:20+00:00","twitter_card":"summary_large_image","twitter_site":"@GreenfactorP","twitter_misc":{"Odhadovan\u00e1 doba \u010dten\u00ed":"2 minuty"},"schema":{"@context":"https:\/\/schema.org","@graph":[{"@type":"WebPage","@id":"https:\/\/greenfactor-project.eu\/cs\/pr1-cesta-ke-zmenam-chovani-a-vyzvam-v-oblasti-zivotniho-prostredi\/","url":"https:\/\/greenfactor-project.eu\/cs\/pr1-cesta-ke-zmenam-chovani-a-vyzvam-v-oblasti-zivotniho-prostredi\/","name":"PR1: CESTA KE ZM\u011aN\u00c1M CHOV\u00c1N\u00cd A V\u00ddZV\u00c1M V OBLASTI \u017dIVOTN\u00cdHO PROST\u0158ED\u00cd - GREEN Factor","isPartOf":{"@id":"https:\/\/greenfactor-project.eu\/#website"},"datePublished":"2023-02-14T15:16:16+00:00","dateModified":"2023-03-06T13:39:20+00:00","breadcrumb":{"@id":"https:\/\/greenfactor-project.eu\/cs\/pr1-cesta-ke-zmenam-chovani-a-vyzvam-v-oblasti-zivotniho-prostredi\/#breadcrumb"},"inLanguage":"cs","potentialAction":[{"@type":"ReadAction","target":["https:\/\/greenfactor-project.eu\/cs\/pr1-cesta-ke-zmenam-chovani-a-vyzvam-v-oblasti-zivotniho-prostredi\/"]}]},{"@type":"BreadcrumbList","@id":"https:\/\/greenfactor-project.eu\/cs\/pr1-cesta-ke-zmenam-chovani-a-vyzvam-v-oblasti-zivotniho-prostredi\/#breadcrumb","itemListElement":[{"@type":"ListItem","position":1,"name":"Home","item":"https:\/\/greenfactor-project.eu\/cs\/domu\/"},{"@type":"ListItem","position":2,"name":"PR1: CESTA KE ZM\u011aN\u00c1M CHOV\u00c1N\u00cd A V\u00ddZV\u00c1M V OBLASTI \u017dIVOTN\u00cdHO PROST\u0158ED\u00cd"}]},{"@type":"WebSite","@id":"https:\/\/greenfactor-project.eu\/#website","url":"https:\/\/greenfactor-project.eu\/","name":"GREEN Factor","description":"Eco and entrepreneurial pathways to boost young people\u2019s factor of change","publisher":{"@id":"https:\/\/greenfactor-project.eu\/#organization"},"potentialAction":[{"@type":"SearchAction","target":{"@type":"EntryPoint","urlTemplate":"https:\/\/greenfactor-project.eu\/?s={search_term_string}"},"query-input":"required name=search_term_string"}],"inLanguage":"cs"},{"@type":"Organization","@id":"https:\/\/greenfactor-project.eu\/#organization","name":"GREEN Factor","url":"https:\/\/greenfactor-project.eu\/","logo":{"@type":"ImageObject","inLanguage":"cs","@id":"https:\/\/greenfactor-project.eu\/#\/schema\/logo\/image\/","url":"https:\/\/greenfactor-project.eu\/wp-content\/uploads\/2022\/07\/logo-greendfactor-m2.jpg","contentUrl":"https:\/\/greenfactor-project.eu\/wp-content\/uploads\/2022\/07\/logo-greendfactor-m2.jpg","width":131,"height":86,"caption":"GREEN Factor"},"image":{"@id":"https:\/\/greenfactor-project.eu\/#\/schema\/logo\/image\/"},"sameAs":["https:\/\/www.instagram.com\/greenfactor_project\/","https:\/\/www.linkedin.com\/in\/green-factor-project-0b10ab246\/","https:\/\/twitter.com\/GreenfactorP"]}]}},"_links":{"self":[{"href":"https:\/\/greenfactor-project.eu\/cs\/wp-json\/wp\/v2\/pages\/1525","targetHints":{"allow":["GET"]}}],"collection":[{"href":"https:\/\/greenfactor-project.eu\/cs\/wp-json\/wp\/v2\/pages"}],"about":[{"href":"https:\/\/greenfactor-project.eu\/cs\/wp-json\/wp\/v2\/types\/page"}],"author":[{"embeddable":true,"href":"https:\/\/greenfactor-project.eu\/cs\/wp-json\/wp\/v2\/users\/2"}],"replies":[{"embeddable":true,"href":"https:\/\/greenfactor-project.eu\/cs\/wp-json\/wp\/v2\/comments?post=1525"}],"version-history":[{"count":7,"href":"https:\/\/greenfactor-project.eu\/cs\/wp-json\/wp\/v2\/pages\/1525\/revisions"}],"predecessor-version":[{"id":1574,"href":"https:\/\/greenfactor-project.eu\/cs\/wp-json\/wp\/v2\/pages\/1525\/revisions\/1574"}],"wp:attachment":[{"href":"https:\/\/greenfactor-project.eu\/cs\/wp-json\/wp\/v2\/media?parent=1525"}],"curies":[{"name":"wp","href":"https:\/\/api.w.org\/{rel}","templated":true}]}}