{"id":1122,"date":"2022-07-26T08:40:56","date_gmt":"2022-07-26T06:40:56","guid":{"rendered":"https:\/\/greenfactor-project.eu\/inicio\/"},"modified":"2026-03-18T11:02:27","modified_gmt":"2026-03-18T10:02:27","slug":"inicio","status":"publish","type":"page","link":"https:\/\/greenfactor-project.eu\/es\/","title":{"rendered":"Inicio"},"content":{"rendered":"<section class=\"wpb-content-wrapper\"><p>[vc_row css=\u00bb.vc_custom_1663230043501{margin-bottom: 35px !important;}\u00bb][vc_column][vc_column_text]GREEN Factor es un proyecto Erasmus+ cuyo principal objetivo es crear conciencia sobre la necesidad global de protecci\u00f3n del medio ambiente. Para ello, intentar\u00e1 promover un cambio de mentalidad y sentido de la iniciativa, especialmente en las generaciones j\u00f3venes, de manera que se produzca un cambio hacia actitudes y comportamientos sostenibles y conseguir que se conviertan en un \u201cverdadero factor de cambio\u201d.<\/p>\n<p>Dado que GREEN Factor tiene como objetivo especial promover la concienciaci\u00f3n de los j\u00f3venes que ser\u00e1n los responsables de las generaciones futuras, el proyecto se centrar\u00e1 principalmente en las necesidades y actitudes de los j\u00f3venes (16-30 a\u00f1os) y en los profesionales que trabajan con ellos (trabajadores juveniles, personal de asociaciones verdes y juveniles), para generar un impacto de manera m\u00e1s eficiente y a largo plazo.[\/vc_column_text][\/vc_column][\/vc_row][vc_row][vc_column]<div id=\"ultimate-video-515769f862ef4b5b8\" class=\"ult-video  ult-adjust-bottom-margin ultimate-video-515769f862ef4b5b8 ultv-1783 \"><div class=\"ultv-video ultv-aspect-ratio-16_9 ultv-subscribe-responsive-none\" data-videotype=\"uv_iframe\">\n\t\t\t\t\t\t<div class=\"ultv-video__outer-wrap\" data-autoplay=\"1\" data-device=\"false\"  data-iconbg=\"#3A3A3A\" data-overcolor=\"#ffffff\" data-defaultbg=\"#ffffff\" data-defaultplay=\"defaulticon\"><div class=\"ultv-video__play\" data-src=\"https:\/\/www.youtube.com\/embed\/zNrztkIS3ZI?autoplay=1&amp;rel=0&amp;start&amp;end&amp;controls=1&amp;mute=0&amp;modestbranding=0&amp;autoplay=1\">\n\t\t\t\t\t\t\t\t<img decoding=\"async\" class=\"ultv-video__thumb\" src=\"https:\/\/i.ytimg.com\/vi\/zNrztkIS3ZI\/maxresdefault.jpg\"\/>\n\t\t\t\t\t\t\t\t<div class=\"ultv-video__play-icon  ultv-animation-none\" style=\"width:75px\"><svg height=\"100%\" version=\"1.1\" viewBox=\"0 0 68 48\" width=\"100%\"><path class=\"ultv-youtube-icon-bg\" d=\"m .66,37.62 c 0,0 .66,4.70 2.70,6.77 2.58,2.71 5.98,2.63 7.49,2.91 5.43,.52 23.10,.68 23.12,.68 .00,-1.3e-5 14.29,-0.02 23.81,-0.71 1.32,-0.15 4.22,-0.17 6.81,-2.89 2.03,-2.07 2.70,-6.77 2.70,-6.77 0,0 .67,-5.52 .67,-11.04 l 0,-5.17 c 0,-5.52 -0.67,-11.04 -0.67,-11.04 0,0 -0.66,-4.70 -2.70,-6.77 C 62.03,.86 59.13,.84 57.80,.69 48.28,0 34.00,0 34.00,0 33.97,0 19.69,0 10.18,.69 8.85,.84 5.95,.86 3.36,3.58 1.32,5.65 .66,10.35 .66,10.35 c 0,0 -0.55,4.50 -0.66,9.45 l 0,8.36 c .10,4.94 .66,9.45 .66,9.45 z\" fill=\"#1f1f1e\" ><\/path><path d=\"m 26.96,13.67 18.37,9.62 -18.37,9.55 -0.00,-19.17 z\" fill=\"#fff\"><\/path><path d=\"M 45.02,23.46 45.32,23.28 26.96,13.67 43.32,22.34 45.02,23.46 z\" fill=\"#ccc\"><\/path><\/svg><\/div> <\/div> <\/div><\/div><\/div>[\/vc_column][\/vc_row][vc_row bg_type=\u00bbbg_color\u00bb bg_override=\u00bbfull\u00bb bg_color_value=\u00bb#8dd166&#8243; css=\u00bb.vc_custom_1658827570935{padding-top: 25px !important;padding-bottom: 31px !important;}\u00bb][vc_column]<div id=\"ultimate-heading-497169f862ef4b6ed\" class=\"uvc-heading ult-adjust-bottom-margin ultimate-heading-497169f862ef4b6ed uvc-8855  uvc-heading-default-font-sizes\" data-hspacer=\"no_spacer\"  data-halign=\"left\" style=\"text-align:left\"><div class=\"uvc-heading-spacer no_spacer\" style=\"top\"><\/div><div class=\"uvc-sub-heading ult-responsive\"  data-ultimate-target='.uvc-heading.ultimate-heading-497169f862ef4b6ed .uvc-sub-heading '  data-responsive-json-new='{\"font-size\":\"desktop:19px;\",\"line-height\":\"\"}'  style=\"font-family:&#039;Roboto&#039;;font-weight:500;color:#ffffff;margin-bottom:37px;\">El presente proyecto ha sido financiado con el apoyo de la Comisi\u00f3n Europea. Esta p\u00e1gina web es responsabilidad exclusiva de su autor. La Comisi\u00f3n no es responsable del uso que pueda hacerse de la informaci\u00f3n aqu\u00ed difundida.<\/div><\/div>[\/vc_column][\/vc_row]<\/p>\n<\/section>","protected":false},"excerpt":{"rendered":"<p>[vc_row css=\u00bb.vc_custom_1663230043501{margin-bottom: 35px !important;}\u00bb][vc_column][vc_column_text]GREEN Factor es un proyecto Erasmus+ cuyo principal objetivo es crear conciencia sobre la necesidad global de protecci\u00f3n del medio ambiente. Para ello, intentar\u00e1 promover un cambio de mentalidad y sentido de la iniciativa, especialmente en las generaciones j\u00f3venes, de manera que se produzca un cambio hacia actitudes y comportamientos sostenibles y&hellip;<\/p>\n","protected":false},"author":1,"featured_media":0,"parent":0,"menu_order":0,"comment_status":"closed","ping_status":"closed","template":"","meta":{"om_disable_all_campaigns":false,"_monsterinsights_skip_tracking":false,"_monsterinsights_sitenote_active":false,"_monsterinsights_sitenote_note":"","_monsterinsights_sitenote_category":0,"footnotes":""},"class_list":["post-1122","page","type-page","status-publish","hentry","description-off"],"yoast_head":"<!-- This site is optimized with the Yoast SEO plugin v19.13 - https:\/\/yoast.com\/wordpress\/plugins\/seo\/ -->\n<title>Inicio - GREEN Factor<\/title>\n<meta name=\"robots\" content=\"index, follow, max-snippet:-1, max-image-preview:large, max-video-preview:-1\" \/>\n<link rel=\"canonical\" href=\"https:\/\/greenfactor-project.eu\/es\/inicio\/\" \/>\n<meta property=\"og:locale\" content=\"es_ES\" \/>\n<meta property=\"og:type\" content=\"article\" \/>\n<meta property=\"og:title\" content=\"Inicio - GREEN Factor\" \/>\n<meta property=\"og:description\" content=\"[vc_row css=\u00bb.vc_custom_1663230043501{margin-bottom: 35px !important;}\u00bb][vc_column][vc_column_text]GREEN Factor es un proyecto Erasmus+ cuyo principal objetivo es crear conciencia sobre la necesidad global de protecci\u00f3n del medio ambiente. Para ello, intentar\u00e1 promover un cambio de mentalidad y sentido de la iniciativa, especialmente en las generaciones j\u00f3venes, de manera que se produzca un cambio hacia actitudes y comportamientos sostenibles y&hellip;\" \/>\n<meta property=\"og:url\" content=\"https:\/\/greenfactor-project.eu\/es\/inicio\/\" \/>\n<meta property=\"og:site_name\" content=\"GREEN Factor\" \/>\n<meta property=\"article:modified_time\" content=\"2026-03-18T10:02:27+00:00\" \/>\n<meta name=\"twitter:card\" content=\"summary_large_image\" \/>\n<meta name=\"twitter:site\" content=\"@GreenfactorP\" \/>\n<meta name=\"twitter:label1\" content=\"Tiempo de lectura\" \/>\n\t<meta name=\"twitter:data1\" content=\"2 minutos\" \/>\n<script type=\"application\/ld+json\" class=\"yoast-schema-graph\">{\"@context\":\"https:\/\/schema.org\",\"@graph\":[{\"@type\":\"WebPage\",\"@id\":\"https:\/\/greenfactor-project.eu\/es\/inicio\/\",\"url\":\"https:\/\/greenfactor-project.eu\/es\/inicio\/\",\"name\":\"Inicio - GREEN Factor\",\"isPartOf\":{\"@id\":\"https:\/\/greenfactor-project.eu\/#website\"},\"datePublished\":\"2022-07-26T06:40:56+00:00\",\"dateModified\":\"2026-03-18T10:02:27+00:00\",\"breadcrumb\":{\"@id\":\"https:\/\/greenfactor-project.eu\/es\/inicio\/#breadcrumb\"},\"inLanguage\":\"es\",\"potentialAction\":[{\"@type\":\"ReadAction\",\"target\":[\"https:\/\/greenfactor-project.eu\/es\/inicio\/\"]}]},{\"@type\":\"BreadcrumbList\",\"@id\":\"https:\/\/greenfactor-project.eu\/es\/inicio\/#breadcrumb\",\"itemListElement\":[{\"@type\":\"ListItem\",\"position\":1,\"name\":\"Home\",\"item\":\"https:\/\/greenfactor-project.eu\/es\/inicio\/\"},{\"@type\":\"ListItem\",\"position\":2,\"name\":\"Inicio\"}]},{\"@type\":\"WebSite\",\"@id\":\"https:\/\/greenfactor-project.eu\/#website\",\"url\":\"https:\/\/greenfactor-project.eu\/\",\"name\":\"GREEN Factor\",\"description\":\"Eco and entrepreneurial pathways to boost young people\u2019s factor of change\",\"publisher\":{\"@id\":\"https:\/\/greenfactor-project.eu\/#organization\"},\"potentialAction\":[{\"@type\":\"SearchAction\",\"target\":{\"@type\":\"EntryPoint\",\"urlTemplate\":\"https:\/\/greenfactor-project.eu\/?s={search_term_string}\"},\"query-input\":\"required name=search_term_string\"}],\"inLanguage\":\"es\"},{\"@type\":\"Organization\",\"@id\":\"https:\/\/greenfactor-project.eu\/#organization\",\"name\":\"GREEN Factor\",\"url\":\"https:\/\/greenfactor-project.eu\/\",\"logo\":{\"@type\":\"ImageObject\",\"inLanguage\":\"es\",\"@id\":\"https:\/\/greenfactor-project.eu\/#\/schema\/logo\/image\/\",\"url\":\"https:\/\/greenfactor-project.eu\/wp-content\/uploads\/2022\/07\/logo-greendfactor-m2.jpg\",\"contentUrl\":\"https:\/\/greenfactor-project.eu\/wp-content\/uploads\/2022\/07\/logo-greendfactor-m2.jpg\",\"width\":131,\"height\":86,\"caption\":\"GREEN Factor\"},\"image\":{\"@id\":\"https:\/\/greenfactor-project.eu\/#\/schema\/logo\/image\/\"},\"sameAs\":[\"https:\/\/www.instagram.com\/greenfactor_project\/\",\"https:\/\/www.linkedin.com\/in\/green-factor-project-0b10ab246\/\",\"https:\/\/twitter.com\/GreenfactorP\"]}]}<\/script>\n<!-- \/ Yoast SEO plugin. -->","yoast_head_json":{"title":"Inicio - GREEN Factor","robots":{"index":"index","follow":"follow","max-snippet":"max-snippet:-1","max-image-preview":"max-image-preview:large","max-video-preview":"max-video-preview:-1"},"canonical":"https:\/\/greenfactor-project.eu\/es\/inicio\/","og_locale":"es_ES","og_type":"article","og_title":"Inicio - GREEN Factor","og_description":"[vc_row css=\u00bb.vc_custom_1663230043501{margin-bottom: 35px !important;}\u00bb][vc_column][vc_column_text]GREEN Factor es un proyecto Erasmus+ cuyo principal objetivo es crear conciencia sobre la necesidad global de protecci\u00f3n del medio ambiente. Para ello, intentar\u00e1 promover un cambio de mentalidad y sentido de la iniciativa, especialmente en las generaciones j\u00f3venes, de manera que se produzca un cambio hacia actitudes y comportamientos sostenibles y&hellip;","og_url":"https:\/\/greenfactor-project.eu\/es\/inicio\/","og_site_name":"GREEN Factor","article_modified_time":"2026-03-18T10:02:27+00:00","twitter_card":"summary_large_image","twitter_site":"@GreenfactorP","twitter_misc":{"Tiempo de lectura":"2 minutos"},"schema":{"@context":"https:\/\/schema.org","@graph":[{"@type":"WebPage","@id":"https:\/\/greenfactor-project.eu\/es\/inicio\/","url":"https:\/\/greenfactor-project.eu\/es\/inicio\/","name":"Inicio - GREEN Factor","isPartOf":{"@id":"https:\/\/greenfactor-project.eu\/#website"},"datePublished":"2022-07-26T06:40:56+00:00","dateModified":"2026-03-18T10:02:27+00:00","breadcrumb":{"@id":"https:\/\/greenfactor-project.eu\/es\/inicio\/#breadcrumb"},"inLanguage":"es","potentialAction":[{"@type":"ReadAction","target":["https:\/\/greenfactor-project.eu\/es\/inicio\/"]}]},{"@type":"BreadcrumbList","@id":"https:\/\/greenfactor-project.eu\/es\/inicio\/#breadcrumb","itemListElement":[{"@type":"ListItem","position":1,"name":"Home","item":"https:\/\/greenfactor-project.eu\/es\/inicio\/"},{"@type":"ListItem","position":2,"name":"Inicio"}]},{"@type":"WebSite","@id":"https:\/\/greenfactor-project.eu\/#website","url":"https:\/\/greenfactor-project.eu\/","name":"GREEN Factor","description":"Eco and entrepreneurial pathways to boost young people\u2019s factor of change","publisher":{"@id":"https:\/\/greenfactor-project.eu\/#organization"},"potentialAction":[{"@type":"SearchAction","target":{"@type":"EntryPoint","urlTemplate":"https:\/\/greenfactor-project.eu\/?s={search_term_string}"},"query-input":"required name=search_term_string"}],"inLanguage":"es"},{"@type":"Organization","@id":"https:\/\/greenfactor-project.eu\/#organization","name":"GREEN Factor","url":"https:\/\/greenfactor-project.eu\/","logo":{"@type":"ImageObject","inLanguage":"es","@id":"https:\/\/greenfactor-project.eu\/#\/schema\/logo\/image\/","url":"https:\/\/greenfactor-project.eu\/wp-content\/uploads\/2022\/07\/logo-greendfactor-m2.jpg","contentUrl":"https:\/\/greenfactor-project.eu\/wp-content\/uploads\/2022\/07\/logo-greendfactor-m2.jpg","width":131,"height":86,"caption":"GREEN Factor"},"image":{"@id":"https:\/\/greenfactor-project.eu\/#\/schema\/logo\/image\/"},"sameAs":["https:\/\/www.instagram.com\/greenfactor_project\/","https:\/\/www.linkedin.com\/in\/green-factor-project-0b10ab246\/","https:\/\/twitter.com\/GreenfactorP"]}]}},"_links":{"self":[{"href":"https:\/\/greenfactor-project.eu\/es\/wp-json\/wp\/v2\/pages\/1122","targetHints":{"allow":["GET"]}}],"collection":[{"href":"https:\/\/greenfactor-project.eu\/es\/wp-json\/wp\/v2\/pages"}],"about":[{"href":"https:\/\/greenfactor-project.eu\/es\/wp-json\/wp\/v2\/types\/page"}],"author":[{"embeddable":true,"href":"https:\/\/greenfactor-project.eu\/es\/wp-json\/wp\/v2\/users\/1"}],"replies":[{"embeddable":true,"href":"https:\/\/greenfactor-project.eu\/es\/wp-json\/wp\/v2\/comments?post=1122"}],"version-history":[{"count":10,"href":"https:\/\/greenfactor-project.eu\/es\/wp-json\/wp\/v2\/pages\/1122\/revisions"}],"predecessor-version":[{"id":2891,"href":"https:\/\/greenfactor-project.eu\/es\/wp-json\/wp\/v2\/pages\/1122\/revisions\/2891"}],"wp:attachment":[{"href":"https:\/\/greenfactor-project.eu\/es\/wp-json\/wp\/v2\/media?parent=1122"}],"curies":[{"name":"wp","href":"https:\/\/api.w.org\/{rel}","templated":true}]}}