{"id":1131,"date":"2022-07-26T10:07:15","date_gmt":"2022-07-26T08:07:15","guid":{"rendered":"https:\/\/greenfactor-project.eu\/resultados\/"},"modified":"2024-10-25T14:02:32","modified_gmt":"2024-10-25T12:02:32","slug":"resultados","status":"publish","type":"page","link":"https:\/\/greenfactor-project.eu\/es\/resultados\/","title":{"rendered":"Resultados"},"content":{"rendered":"<section class=\"wpb-content-wrapper\"><p>[vc_row][vc_column width=\u00bb1\/6&#8243;][\/vc_column][vc_column width=\u00bb2\/3&#8243;][vc_column_text css=\u00bb.vc_custom_1658831007777{margin-bottom: 35px !important;}\u00bb]<\/p>\n<p style=\"text-align: justify;\">En este contexto, las acciones necesarias son la creaci\u00f3n de herramientas y oportunidades para educar y comprometer a los j\u00f3venes ciudadanos europeos, con el fin de desarrollar una nueva mentalidad para generar comportamientos, elecciones e ideas m\u00e1s sostenibles que tengan impacto a corto\/largo plazo. Dado que GREEN Factor pretende fomentar especialmente la conciencia de los j\u00f3venes, ya que se convertir\u00e1n en los adultos del ma\u00f1ana y en los responsables de las generaciones futuras, el proyecto se centrar\u00e1 principalmente en las necesidades y actitudes de los j\u00f3venes (de 16 a 30 a\u00f1os) y en los profesionales que trabajan con la juventud, con el fin de incidir en ellos de forma m\u00e1s eficaz y a largo plazo (trabajadores de la juventud, personal de asociaciones juveniles y ecol\u00f3gicas).<\/p>\n<p>[\/vc_column_text][\/vc_column][vc_column width=\u00bb1\/6&#8243;][\/vc_column][\/vc_row][vc_row bg_type=\u00bbbg_color\u00bb bg_override=\u00bbex-full\u00bb bg_color_value=\u00bb#efefef\u00bb][vc_column width=\u00bb1\/6&#8243;][\/vc_column][vc_column width=\u00bb2\/3&#8243;][vc_column_text css=\u00bb.vc_custom_1673344707548{padding-top: 25px !important;}\u00bb]<\/p>\n<h4><strong>PR1: LA RUTA DEL FACTOR VERDE PARA LOS CAMBIOS DE COMPORTAMIENTO Y LOS RETOS MEDIOAMBIENTALES<\/strong><\/h4>\n<p>&nbsp;<\/p>\n<p style=\"text-align: justify;\">Representa la base conceptual de todos los resultados siguientes del proyecto y producir\u00e1:<\/p>\n<ul>\n<li style=\"text-align: justify;\">Un cat\u00e1logo de buenas pr\u00e1cticas basado en la recopilaci\u00f3n de buenas pr\u00e1cticas de Europa y de los pa\u00edses asociados sobre comportamientos m\u00e1s ecol\u00f3gicos. Se llevar\u00e1 a cabo una investigaci\u00f3n para averiguar cu\u00e1les son las lagunas de comportamiento m\u00e1s relevantes de los j\u00f3venes que deben cumplirse en los \u00e1mbitos de la vida cotidiana para alcanzar un impacto efectivo a largo plazo (es decir, el consumo de alimentos, las compras, los cosm\u00e9ticos, la recogida selectiva de residuos, el uso de la energ\u00eda y los residuos, etc.).<\/li>\n<li style=\"text-align: justify;\">Un informe sobre el Desaf\u00edo Verde en el que se registran las tendencias actuales del emprendimiento verde, su difusi\u00f3n en Europa y las principales cuestiones medioambientales que deben abordarse a nivel nacional.<\/li>\n<\/ul>\n<p>[\/vc_column_text]<style type=\"text\/css\" data-type=\"the7_shortcodes-inline-css\">#default-btn-e24b73e2c1e95aa7ccb4194cb1410567.ico-right-side > i {\n  margin-right: 0px;\n  margin-left: 8px;\n}\n#default-btn-e24b73e2c1e95aa7ccb4194cb1410567 > i {\n  margin-right: 8px;\n}\n<\/style><a href=\"https:\/\/greenfactor-project.eu\/pr1-pathway-for-behavioural-changes-and-environmental-challenges\/\" class=\"default-btn-shortcode dt-btn dt-btn-m link-hover-off btn-inline-left \" target=\"_blank\" id=\"default-btn-e24b73e2c1e95aa7ccb4194cb1410567\" rel=\"noopener\"><span>The GREEN Factor Pathway for Behavioural Changes and Environmental Challenges<\/span><\/a>[vc_empty_space][vc_separator color=\u00bbwhite\u00bb][vc_column_text css=\u00bb.vc_custom_1673344518267{padding-top: 25px !important;}\u00bb]<\/p>\n<p>&nbsp;<\/p>\n<h4><strong>PR2: VIDEOTUTORIALES DE GREEN FACTOR PARA IMPULSAR LOS CAMBIOS DE COMPORTAMIENTO DE LOS CIUDADANOS<\/strong><\/h4>\n<p>&nbsp;<\/p>\n<p style=\"text-align: justify;\">Se desarrollar\u00e1 un conjunto de videotutoriales para dar consejos pr\u00e1cticos e instrucciones para incidir realmente en la mentalidad y los estilos de vida de los grupos destinatarios con el fin de convertir a los usuarios en participantes activos del cambio. Los temas ser\u00e1n los identificados en el Cat\u00e1logo de Buenas Pr\u00e1cticas (PR1), que se refieren b\u00e1sicamente a los \u00e1mbitos que inciden mayoritariamente en las elecciones y acciones cotidianas de los ciudadanos<\/p>\n<p>[\/vc_column_text]<style type=\"text\/css\" data-type=\"the7_shortcodes-inline-css\">#default-btn-c6a6eb00c7256fc57c545d40b96623c9.ico-right-side > i {\n  margin-right: 0px;\n  margin-left: 8px;\n}\n#default-btn-c6a6eb00c7256fc57c545d40b96623c9 > i {\n  margin-right: 8px;\n}\n<\/style><a href=\"https:\/\/greenfactor-project.eu\/pr2-my-green-factor-video-tutorials-to-boost-citizens-behavioral-changes\/\" class=\"default-btn-shortcode dt-btn dt-btn-m link-hover-off btn-inline-left \" target=\"_blank\" id=\"default-btn-c6a6eb00c7256fc57c545d40b96623c9\" rel=\"noopener\"><span>My GREEN Factor Video Tutorials to Boost Citizens\u2019 Behavioral Changes<\/span><\/a>[vc_empty_space][vc_separator color=\u00bbwhite\u00bb][vc_column_text css=\u00bb.vc_custom_1673344532283{padding-top: 25px !important;}\u00bb]<\/p>\n<h4><strong>PR3: MI CURSO ELECTR\u00d3NICO GAMIFICADO DE GREEN FACTOR PARA ASPIRANTES A EMPRESARIOS VERDES<\/strong><\/h4>\n<p>&nbsp;<\/p>\n<p style=\"text-align: justify;\">El curso electr\u00f3nico proporcionar\u00e1 conocimientos y herramientas sobre c\u00f3mo desarrollar una idea de negocio verde y c\u00f3mo redactar un plan de negocio. Estar\u00e1 disponible en la plataforma del proyecto y se desarrollar\u00e1 en 5 m\u00f3dulos:<\/p>\n<p>&nbsp;<\/p>\n<ol>\n<li><u>C\u00f3mo convertirse en un emprendedor verde:<\/u> Se centrar\u00e1 principalmente en las habilidades duras y blandas que un aspirante a empresario necesita desarrollar para alcanzar sus objetivos (habilidades t\u00e9cnicas y de comportamiento, competencias de gesti\u00f3n y de creaci\u00f3n de redes, gesti\u00f3n de recursos humanos).<\/li>\n<li><u>C\u00f3mo redactar un plan de negocio:<\/u> Los aspirantes a empresarios aprender\u00e1n a identificar a sus usuarios objetivo, a investigar el mercado y el entorno competitivo y a redactar un plan de negocio.<\/li>\n<li><u>Marketing y comunicaci\u00f3n:<\/u> Se dedicar\u00e1 un enfoque vertical a la importancia de la marca, la identidad visual y la creaci\u00f3n de logotipos. Se investigar\u00e1 la comunicaci\u00f3n interna y los diferentes canales de marketing.<\/li>\n<li><u>Planificaci\u00f3n de la inversi\u00f3n:<\/u> los j\u00f3venes tendr\u00e1n la oportunidad de comprender la viabilidad, la aplicaci\u00f3n real de su idea de negocio y conocer las oportunidades de financiaci\u00f3n e inversi\u00f3n para las nuevas empresas ecol\u00f3gicas.<\/li>\n<li><u>Dise\u00f1o de la idea de proyecto:<\/u> se basar\u00e1 estrictamente en el informe del Reto Verde (PR1). Partiendo del panorama nacional, los j\u00f3venes crear\u00e1n su propia idea de negocio abordando problemas nacionales espec\u00edficos, tratando de resolver problemas medioambientales reales.<\/li>\n<\/ol>\n<p>[\/vc_column_text]<style type=\"text\/css\" data-type=\"the7_shortcodes-inline-css\">#default-btn-d0e453e0f489c42beb1a92f6debb8204.ico-right-side > i {\n  margin-right: 0px;\n  margin-left: 8px;\n}\n#default-btn-d0e453e0f489c42beb1a92f6debb8204 > i {\n  margin-right: 8px;\n}\n<\/style><a href=\"https:\/\/greenfactor-project.eu\/pr3-my-green-factor-gamified-e-course-for-aspiring-green-entrepreneurs\/\" class=\"default-btn-shortcode dt-btn dt-btn-m link-hover-off btn-inline-left \" target=\"_blank\" id=\"default-btn-d0e453e0f489c42beb1a92f6debb8204\" rel=\"noopener\"><span>My GREEN Factor Gamified E-Course for Aspiring Green Entrepreneurs<\/span><\/a>[vc_empty_space][vc_separator color=\u00bbwhite\u00bb][vc_column_text css=\u00bb.vc_custom_1673344547391{padding-top: 25px !important;padding-bottom: 35px !important;}\u00bb]<\/p>\n<h4><strong>PR4: GU\u00cdA DE REPLICABILIDAD DE GREEN FACTOR PARA TRABAJADORES EN EL \u00c1MBITO DE LA JUVENTUD<\/strong><\/h4>\n<p>&nbsp;<\/p>\n<p style=\"text-align: justify;\">Tiene como objetivo principal proporcionar a los monitores juveniles instrucciones sobre c\u00f3mo guiar a los j\u00f3venes en el proceso de convertirse en promotores activos de su panorama ecol\u00f3gico local.<\/p>\n<p>[\/vc_column_text]<style type=\"text\/css\" data-type=\"the7_shortcodes-inline-css\">#default-btn-bc7b4360e7d91e662330472803501bd2.ico-right-side > i {\n  margin-right: 0px;\n  margin-left: 8px;\n}\n#default-btn-bc7b4360e7d91e662330472803501bd2 > i {\n  margin-right: 8px;\n}\n<\/style><a href=\"https:\/\/greenfactor-project.eu\/pr4-the-green-factor-replicability-guide-for-youth-workers\/\" class=\"default-btn-shortcode dt-btn dt-btn-m link-hover-off btn-inline-left \" target=\"_blank\" id=\"default-btn-bc7b4360e7d91e662330472803501bd2\" rel=\"noopener\"><span>The GREEN Factor Replicability Guide for Youth Workers<\/span><\/a>[vc_empty_space][\/vc_column][vc_column width=\u00bb1\/6&#8243;][\/vc_column][\/vc_row][vc_row bg_type=\u00bbbg_color\u00bb bg_override=\u00bbex-full\u00bb bg_color_value=\u00bb#8dd166&#8243;][vc_column width=\u00bb1\/6&#8243;][\/vc_column][vc_column width=\u00bb2\/3&#8243; css=\u00bb.vc_custom_1658831381420{padding-top: 35px !important;}\u00bb]<div id=\"ultimate-heading-680069de6d9455c2d\" class=\"uvc-heading ult-adjust-bottom-margin ultimate-heading-680069de6d9455c2d uvc-9275  uvc-heading-default-font-sizes\" data-hspacer=\"no_spacer\"  data-halign=\"left\" style=\"text-align:left\"><div class=\"uvc-heading-spacer no_spacer\" style=\"top\"><\/div><div class=\"uvc-sub-heading ult-responsive\"  data-ultimate-target='.uvc-heading.ultimate-heading-680069de6d9455c2d .uvc-sub-heading '  data-responsive-json-new='{\"font-size\":\"desktop:19px;\",\"line-height\":\"\"}'  style=\"font-family:&#039;Roboto&#039;;font-weight:normal;margin-top:53px;margin-bottom:75px;\"><strong>Adem\u00e1s, habr\u00e1 una actividad de aprendizaje y seis eventos multiplicadores:<\/strong><\/p>\n<ul>\n<li>C1: Curso de formaci\u00f3n<\/li>\n<li>ME: Eventos multiplicadores nacionales (un evento final en cada pa\u00eds participante en el proyecto) para promover el proyecto y difundir sus resultados.<\/li>\n<\/ul>\n<p><\/div><\/div>[\/vc_column][vc_column width=\u00bb1\/6&#8243;][\/vc_column][\/vc_row]<\/p>\n<\/section>","protected":false},"excerpt":{"rendered":"<p>[vc_row][vc_column width=\u00bb1\/6&#8243;][\/vc_column][vc_column width=\u00bb2\/3&#8243;][vc_column_text css=\u00bb.vc_custom_1658831007777{margin-bottom: 35px !important;}\u00bb] En este contexto, las acciones necesarias son la creaci\u00f3n de herramientas y oportunidades para educar y comprometer a los j\u00f3venes ciudadanos europeos, con el fin de desarrollar una nueva mentalidad para generar comportamientos, elecciones e ideas m\u00e1s sostenibles que tengan impacto a corto\/largo plazo. Dado que GREEN Factor pretende&hellip;<\/p>\n","protected":false},"author":1,"featured_media":0,"parent":0,"menu_order":0,"comment_status":"closed","ping_status":"closed","template":"","meta":{"om_disable_all_campaigns":false,"_monsterinsights_skip_tracking":false,"_monsterinsights_sitenote_active":false,"_monsterinsights_sitenote_note":"","_monsterinsights_sitenote_category":0,"footnotes":""},"class_list":["post-1131","page","type-page","status-publish","hentry","description-off"],"yoast_head":"<!-- This site is optimized with the Yoast SEO plugin v19.13 - https:\/\/yoast.com\/wordpress\/plugins\/seo\/ -->\n<title>Resultados - GREEN Factor<\/title>\n<meta name=\"robots\" content=\"index, follow, max-snippet:-1, max-image-preview:large, max-video-preview:-1\" \/>\n<link rel=\"canonical\" href=\"https:\/\/greenfactor-project.eu\/es\/resultados\/\" \/>\n<meta property=\"og:locale\" content=\"es_ES\" \/>\n<meta property=\"og:type\" content=\"article\" \/>\n<meta property=\"og:title\" content=\"Resultados - GREEN Factor\" \/>\n<meta property=\"og:description\" content=\"[vc_row][vc_column width=\u00bb1\/6&#8243;][\/vc_column][vc_column width=\u00bb2\/3&#8243;][vc_column_text css=\u00bb.vc_custom_1658831007777{margin-bottom: 35px !important;}\u00bb] En este contexto, las acciones necesarias son la creaci\u00f3n de herramientas y oportunidades para educar y comprometer a los j\u00f3venes ciudadanos europeos, con el fin de desarrollar una nueva mentalidad para generar comportamientos, elecciones e ideas m\u00e1s sostenibles que tengan impacto a corto\/largo plazo. Dado que GREEN Factor pretende&hellip;\" \/>\n<meta property=\"og:url\" content=\"https:\/\/greenfactor-project.eu\/es\/resultados\/\" \/>\n<meta property=\"og:site_name\" content=\"GREEN Factor\" \/>\n<meta property=\"article:modified_time\" content=\"2024-10-25T12:02:32+00:00\" \/>\n<meta name=\"twitter:card\" content=\"summary_large_image\" \/>\n<meta name=\"twitter:site\" content=\"@GreenfactorP\" \/>\n<meta name=\"twitter:label1\" content=\"Tiempo de lectura\" \/>\n\t<meta name=\"twitter:data1\" content=\"5 minutos\" \/>\n<script type=\"application\/ld+json\" class=\"yoast-schema-graph\">{\"@context\":\"https:\/\/schema.org\",\"@graph\":[{\"@type\":\"WebPage\",\"@id\":\"https:\/\/greenfactor-project.eu\/es\/resultados\/\",\"url\":\"https:\/\/greenfactor-project.eu\/es\/resultados\/\",\"name\":\"Resultados - GREEN Factor\",\"isPartOf\":{\"@id\":\"https:\/\/greenfactor-project.eu\/#website\"},\"datePublished\":\"2022-07-26T08:07:15+00:00\",\"dateModified\":\"2024-10-25T12:02:32+00:00\",\"breadcrumb\":{\"@id\":\"https:\/\/greenfactor-project.eu\/es\/resultados\/#breadcrumb\"},\"inLanguage\":\"es\",\"potentialAction\":[{\"@type\":\"ReadAction\",\"target\":[\"https:\/\/greenfactor-project.eu\/es\/resultados\/\"]}]},{\"@type\":\"BreadcrumbList\",\"@id\":\"https:\/\/greenfactor-project.eu\/es\/resultados\/#breadcrumb\",\"itemListElement\":[{\"@type\":\"ListItem\",\"position\":1,\"name\":\"Home\",\"item\":\"https:\/\/greenfactor-project.eu\/es\/inicio\/\"},{\"@type\":\"ListItem\",\"position\":2,\"name\":\"Resultados\"}]},{\"@type\":\"WebSite\",\"@id\":\"https:\/\/greenfactor-project.eu\/#website\",\"url\":\"https:\/\/greenfactor-project.eu\/\",\"name\":\"GREEN Factor\",\"description\":\"Eco and entrepreneurial pathways to boost young people\u2019s factor of change\",\"publisher\":{\"@id\":\"https:\/\/greenfactor-project.eu\/#organization\"},\"potentialAction\":[{\"@type\":\"SearchAction\",\"target\":{\"@type\":\"EntryPoint\",\"urlTemplate\":\"https:\/\/greenfactor-project.eu\/?s={search_term_string}\"},\"query-input\":\"required name=search_term_string\"}],\"inLanguage\":\"es\"},{\"@type\":\"Organization\",\"@id\":\"https:\/\/greenfactor-project.eu\/#organization\",\"name\":\"GREEN Factor\",\"url\":\"https:\/\/greenfactor-project.eu\/\",\"logo\":{\"@type\":\"ImageObject\",\"inLanguage\":\"es\",\"@id\":\"https:\/\/greenfactor-project.eu\/#\/schema\/logo\/image\/\",\"url\":\"https:\/\/greenfactor-project.eu\/wp-content\/uploads\/2022\/07\/logo-greendfactor-m2.jpg\",\"contentUrl\":\"https:\/\/greenfactor-project.eu\/wp-content\/uploads\/2022\/07\/logo-greendfactor-m2.jpg\",\"width\":131,\"height\":86,\"caption\":\"GREEN Factor\"},\"image\":{\"@id\":\"https:\/\/greenfactor-project.eu\/#\/schema\/logo\/image\/\"},\"sameAs\":[\"https:\/\/www.instagram.com\/greenfactor_project\/\",\"https:\/\/www.linkedin.com\/in\/green-factor-project-0b10ab246\/\",\"https:\/\/twitter.com\/GreenfactorP\"]}]}<\/script>\n<!-- \/ Yoast SEO plugin. -->","yoast_head_json":{"title":"Resultados - GREEN Factor","robots":{"index":"index","follow":"follow","max-snippet":"max-snippet:-1","max-image-preview":"max-image-preview:large","max-video-preview":"max-video-preview:-1"},"canonical":"https:\/\/greenfactor-project.eu\/es\/resultados\/","og_locale":"es_ES","og_type":"article","og_title":"Resultados - GREEN Factor","og_description":"[vc_row][vc_column width=\u00bb1\/6&#8243;][\/vc_column][vc_column width=\u00bb2\/3&#8243;][vc_column_text css=\u00bb.vc_custom_1658831007777{margin-bottom: 35px !important;}\u00bb] En este contexto, las acciones necesarias son la creaci\u00f3n de herramientas y oportunidades para educar y comprometer a los j\u00f3venes ciudadanos europeos, con el fin de desarrollar una nueva mentalidad para generar comportamientos, elecciones e ideas m\u00e1s sostenibles que tengan impacto a corto\/largo plazo. Dado que GREEN Factor pretende&hellip;","og_url":"https:\/\/greenfactor-project.eu\/es\/resultados\/","og_site_name":"GREEN Factor","article_modified_time":"2024-10-25T12:02:32+00:00","twitter_card":"summary_large_image","twitter_site":"@GreenfactorP","twitter_misc":{"Tiempo de lectura":"5 minutos"},"schema":{"@context":"https:\/\/schema.org","@graph":[{"@type":"WebPage","@id":"https:\/\/greenfactor-project.eu\/es\/resultados\/","url":"https:\/\/greenfactor-project.eu\/es\/resultados\/","name":"Resultados - GREEN Factor","isPartOf":{"@id":"https:\/\/greenfactor-project.eu\/#website"},"datePublished":"2022-07-26T08:07:15+00:00","dateModified":"2024-10-25T12:02:32+00:00","breadcrumb":{"@id":"https:\/\/greenfactor-project.eu\/es\/resultados\/#breadcrumb"},"inLanguage":"es","potentialAction":[{"@type":"ReadAction","target":["https:\/\/greenfactor-project.eu\/es\/resultados\/"]}]},{"@type":"BreadcrumbList","@id":"https:\/\/greenfactor-project.eu\/es\/resultados\/#breadcrumb","itemListElement":[{"@type":"ListItem","position":1,"name":"Home","item":"https:\/\/greenfactor-project.eu\/es\/inicio\/"},{"@type":"ListItem","position":2,"name":"Resultados"}]},{"@type":"WebSite","@id":"https:\/\/greenfactor-project.eu\/#website","url":"https:\/\/greenfactor-project.eu\/","name":"GREEN Factor","description":"Eco and entrepreneurial pathways to boost young people\u2019s factor of change","publisher":{"@id":"https:\/\/greenfactor-project.eu\/#organization"},"potentialAction":[{"@type":"SearchAction","target":{"@type":"EntryPoint","urlTemplate":"https:\/\/greenfactor-project.eu\/?s={search_term_string}"},"query-input":"required name=search_term_string"}],"inLanguage":"es"},{"@type":"Organization","@id":"https:\/\/greenfactor-project.eu\/#organization","name":"GREEN Factor","url":"https:\/\/greenfactor-project.eu\/","logo":{"@type":"ImageObject","inLanguage":"es","@id":"https:\/\/greenfactor-project.eu\/#\/schema\/logo\/image\/","url":"https:\/\/greenfactor-project.eu\/wp-content\/uploads\/2022\/07\/logo-greendfactor-m2.jpg","contentUrl":"https:\/\/greenfactor-project.eu\/wp-content\/uploads\/2022\/07\/logo-greendfactor-m2.jpg","width":131,"height":86,"caption":"GREEN Factor"},"image":{"@id":"https:\/\/greenfactor-project.eu\/#\/schema\/logo\/image\/"},"sameAs":["https:\/\/www.instagram.com\/greenfactor_project\/","https:\/\/www.linkedin.com\/in\/green-factor-project-0b10ab246\/","https:\/\/twitter.com\/GreenfactorP"]}]}},"_links":{"self":[{"href":"https:\/\/greenfactor-project.eu\/es\/wp-json\/wp\/v2\/pages\/1131","targetHints":{"allow":["GET"]}}],"collection":[{"href":"https:\/\/greenfactor-project.eu\/es\/wp-json\/wp\/v2\/pages"}],"about":[{"href":"https:\/\/greenfactor-project.eu\/es\/wp-json\/wp\/v2\/types\/page"}],"author":[{"embeddable":true,"href":"https:\/\/greenfactor-project.eu\/es\/wp-json\/wp\/v2\/users\/1"}],"replies":[{"embeddable":true,"href":"https:\/\/greenfactor-project.eu\/es\/wp-json\/wp\/v2\/comments?post=1131"}],"version-history":[{"count":13,"href":"https:\/\/greenfactor-project.eu\/es\/wp-json\/wp\/v2\/pages\/1131\/revisions"}],"predecessor-version":[{"id":2669,"href":"https:\/\/greenfactor-project.eu\/es\/wp-json\/wp\/v2\/pages\/1131\/revisions\/2669"}],"wp:attachment":[{"href":"https:\/\/greenfactor-project.eu\/es\/wp-json\/wp\/v2\/media?parent=1131"}],"curies":[{"name":"wp","href":"https:\/\/api.w.org\/{rel}","templated":true}]}}