{"id":1055,"date":"2022-07-26T08:40:56","date_gmt":"2022-07-26T06:40:56","guid":{"rendered":"https:\/\/greenfactor-project.eu\/accueil\/"},"modified":"2026-03-18T11:01:16","modified_gmt":"2026-03-18T10:01:16","slug":"accueil","status":"publish","type":"page","link":"https:\/\/greenfactor-project.eu\/fr\/","title":{"rendered":"Accueil"},"content":{"rendered":"<section class=\"wpb-content-wrapper\"><p>[vc_row css=\u00a0\u00bb.vc_custom_1663230043501{margin-bottom: 35px !important;}\u00a0\u00bb][vc_column][vc_column_text]GREEN Factor est un projet Erasmus + dont l&rsquo;objectif principal est de faire prendre conscience de la n\u00e9cessit\u00e9 globale de prot\u00e9ger l&rsquo;environnement. \u00c0 cette fin, il tentera de promouvoir un changement de mentalit\u00e9 et un sens de l&rsquo;initiative, en particulier chez les jeunes g\u00e9n\u00e9rations, dans le but d&rsquo;\u00e9lever et de d\u00e9velopper leur conscience \u00e9cologique et de les responsabiliser, en les transformant en un \u00ab\u00a0v\u00e9ritable facteur de changement\u00a0\u00bb.<\/p>\n<p>Etant donn\u00e9 que GREEN Factor a pour objectif particulier de promouvoir la prise de conscience des jeunes qui deviendront les adultes de demain et responsables des g\u00e9n\u00e9rations futures, le projet se concentrera principalement sur les besoins et les attitudes des jeunes (16-30 ans) et sur les professionnels qui travaillent avec les jeunes, afin d&rsquo;avoir un impact plus efficace et \u00e0 long terme (travailleurs de jeunesse, personnel des associations vertes et de jeunesse).[\/vc_column_text][\/vc_column][\/vc_row][vc_row][vc_column]<div id=\"ultimate-video-737769ed579674600\" class=\"ult-video  ult-adjust-bottom-margin ultimate-video-737769ed579674600 ultv-4789 \"><div class=\"ultv-video ultv-aspect-ratio-16_9 ultv-subscribe-responsive-none\" data-videotype=\"uv_iframe\">\n\t\t\t\t\t\t<div class=\"ultv-video__outer-wrap\" data-autoplay=\"1\" data-device=\"false\"  data-iconbg=\"#3A3A3A\" data-overcolor=\"#ffffff\" data-defaultbg=\"#ffffff\" data-defaultplay=\"defaulticon\"><div class=\"ultv-video__play\" data-src=\"https:\/\/www.youtube.com\/embed\/zNrztkIS3ZI?autoplay=1&amp;rel=0&amp;start&amp;end&amp;controls=1&amp;mute=0&amp;modestbranding=0&amp;autoplay=1\">\n\t\t\t\t\t\t\t\t<img decoding=\"async\" class=\"ultv-video__thumb\" src=\"https:\/\/i.ytimg.com\/vi\/zNrztkIS3ZI\/maxresdefault.jpg\"\/>\n\t\t\t\t\t\t\t\t<div class=\"ultv-video__play-icon  ultv-animation-none\" style=\"width:75px\"><svg height=\"100%\" version=\"1.1\" viewBox=\"0 0 68 48\" width=\"100%\"><path class=\"ultv-youtube-icon-bg\" d=\"m .66,37.62 c 0,0 .66,4.70 2.70,6.77 2.58,2.71 5.98,2.63 7.49,2.91 5.43,.52 23.10,.68 23.12,.68 .00,-1.3e-5 14.29,-0.02 23.81,-0.71 1.32,-0.15 4.22,-0.17 6.81,-2.89 2.03,-2.07 2.70,-6.77 2.70,-6.77 0,0 .67,-5.52 .67,-11.04 l 0,-5.17 c 0,-5.52 -0.67,-11.04 -0.67,-11.04 0,0 -0.66,-4.70 -2.70,-6.77 C 62.03,.86 59.13,.84 57.80,.69 48.28,0 34.00,0 34.00,0 33.97,0 19.69,0 10.18,.69 8.85,.84 5.95,.86 3.36,3.58 1.32,5.65 .66,10.35 .66,10.35 c 0,0 -0.55,4.50 -0.66,9.45 l 0,8.36 c .10,4.94 .66,9.45 .66,9.45 z\" fill=\"#1f1f1e\" ><\/path><path d=\"m 26.96,13.67 18.37,9.62 -18.37,9.55 -0.00,-19.17 z\" fill=\"#fff\"><\/path><path d=\"M 45.02,23.46 45.32,23.28 26.96,13.67 43.32,22.34 45.02,23.46 z\" fill=\"#ccc\"><\/path><\/svg><\/div> <\/div> <\/div><\/div><\/div>[\/vc_column][\/vc_row][vc_row bg_type=\u00a0\u00bbbg_color\u00a0\u00bb bg_override=\u00a0\u00bbfull\u00a0\u00bb bg_color_value=\u00a0\u00bb#8dd166&Prime; css=\u00a0\u00bb.vc_custom_1658827570935{padding-top: 25px !important;padding-bottom: 31px !important;}\u00a0\u00bb][vc_column]<div id=\"ultimate-heading-200169ed57967470e\" class=\"uvc-heading ult-adjust-bottom-margin ultimate-heading-200169ed57967470e uvc-1256  uvc-heading-default-font-sizes\" data-hspacer=\"no_spacer\"  data-halign=\"left\" style=\"text-align:left\"><div class=\"uvc-heading-spacer no_spacer\" style=\"top\"><\/div><div class=\"uvc-sub-heading ult-responsive\"  data-ultimate-target='.uvc-heading.ultimate-heading-200169ed57967470e .uvc-sub-heading '  data-responsive-json-new='{\"font-size\":\"desktop:19px;\",\"line-height\":\"\"}'  style=\"font-family:&#039;Roboto&#039;;font-weight:500;color:#ffffff;margin-bottom:37px;\">Ce projet a \u00e9t\u00e9 financ\u00e9 avec le soutien de la Commission europ\u00e9enne. Ce site web n&rsquo;engage que son auteur et la Commission ne peut \u00eatre tenue responsable de l&rsquo;usage qui pourrait \u00eatre fait des informations qu&rsquo;il contient.<\/div><\/div>[\/vc_column][\/vc_row]<\/p>\n<\/section>","protected":false},"excerpt":{"rendered":"<p>[vc_row css=\u00a0\u00bb.vc_custom_1663230043501{margin-bottom: 35px !important;}\u00a0\u00bb][vc_column][vc_column_text]GREEN Factor est un projet Erasmus + dont l&rsquo;objectif principal est de faire prendre conscience de la n\u00e9cessit\u00e9 globale de prot\u00e9ger l&rsquo;environnement. \u00c0 cette fin, il tentera de promouvoir un changement de mentalit\u00e9 et un sens de l&rsquo;initiative, en particulier chez les jeunes g\u00e9n\u00e9rations, dans le but d&rsquo;\u00e9lever et de d\u00e9velopper leur&hellip;<\/p>\n","protected":false},"author":1,"featured_media":0,"parent":0,"menu_order":0,"comment_status":"closed","ping_status":"closed","template":"","meta":{"om_disable_all_campaigns":false,"_monsterinsights_skip_tracking":false,"_monsterinsights_sitenote_active":false,"_monsterinsights_sitenote_note":"","_monsterinsights_sitenote_category":0,"footnotes":""},"class_list":["post-1055","page","type-page","status-publish","hentry","description-off"],"yoast_head":"<!-- This site is optimized with the Yoast SEO plugin v19.13 - https:\/\/yoast.com\/wordpress\/plugins\/seo\/ -->\n<title>Accueil - GREEN Factor<\/title>\n<meta name=\"robots\" content=\"index, follow, max-snippet:-1, max-image-preview:large, max-video-preview:-1\" \/>\n<link rel=\"canonical\" href=\"https:\/\/greenfactor-project.eu\/fr\/accueil\/\" \/>\n<meta property=\"og:locale\" content=\"fr_FR\" \/>\n<meta property=\"og:type\" content=\"article\" \/>\n<meta property=\"og:title\" content=\"Accueil - GREEN Factor\" \/>\n<meta property=\"og:description\" content=\"[vc_row css=\u00a0\u00bb.vc_custom_1663230043501{margin-bottom: 35px !important;}\u00a0\u00bb][vc_column][vc_column_text]GREEN Factor est un projet Erasmus + dont l&rsquo;objectif principal est de faire prendre conscience de la n\u00e9cessit\u00e9 globale de prot\u00e9ger l&rsquo;environnement. \u00c0 cette fin, il tentera de promouvoir un changement de mentalit\u00e9 et un sens de l&rsquo;initiative, en particulier chez les jeunes g\u00e9n\u00e9rations, dans le but d&rsquo;\u00e9lever et de d\u00e9velopper leur&hellip;\" \/>\n<meta property=\"og:url\" content=\"https:\/\/greenfactor-project.eu\/fr\/accueil\/\" \/>\n<meta property=\"og:site_name\" content=\"GREEN Factor\" \/>\n<meta property=\"article:modified_time\" content=\"2026-03-18T10:01:16+00:00\" \/>\n<meta name=\"twitter:card\" content=\"summary_large_image\" \/>\n<meta name=\"twitter:site\" content=\"@GreenfactorP\" \/>\n<meta name=\"twitter:label1\" content=\"Dur\u00e9e de lecture estim\u00e9e\" \/>\n\t<meta name=\"twitter:data1\" content=\"2 minutes\" \/>\n<script type=\"application\/ld+json\" class=\"yoast-schema-graph\">{\"@context\":\"https:\/\/schema.org\",\"@graph\":[{\"@type\":\"WebPage\",\"@id\":\"https:\/\/greenfactor-project.eu\/fr\/accueil\/\",\"url\":\"https:\/\/greenfactor-project.eu\/fr\/accueil\/\",\"name\":\"Accueil - GREEN Factor\",\"isPartOf\":{\"@id\":\"https:\/\/greenfactor-project.eu\/#website\"},\"datePublished\":\"2022-07-26T06:40:56+00:00\",\"dateModified\":\"2026-03-18T10:01:16+00:00\",\"breadcrumb\":{\"@id\":\"https:\/\/greenfactor-project.eu\/fr\/accueil\/#breadcrumb\"},\"inLanguage\":\"fr-FR\",\"potentialAction\":[{\"@type\":\"ReadAction\",\"target\":[\"https:\/\/greenfactor-project.eu\/fr\/accueil\/\"]}]},{\"@type\":\"BreadcrumbList\",\"@id\":\"https:\/\/greenfactor-project.eu\/fr\/accueil\/#breadcrumb\",\"itemListElement\":[{\"@type\":\"ListItem\",\"position\":1,\"name\":\"Home\",\"item\":\"https:\/\/greenfactor-project.eu\/fr\/accueil\/\"},{\"@type\":\"ListItem\",\"position\":2,\"name\":\"Accueil\"}]},{\"@type\":\"WebSite\",\"@id\":\"https:\/\/greenfactor-project.eu\/#website\",\"url\":\"https:\/\/greenfactor-project.eu\/\",\"name\":\"GREEN Factor\",\"description\":\"Eco and entrepreneurial pathways to boost young people\u2019s factor of change\",\"publisher\":{\"@id\":\"https:\/\/greenfactor-project.eu\/#organization\"},\"potentialAction\":[{\"@type\":\"SearchAction\",\"target\":{\"@type\":\"EntryPoint\",\"urlTemplate\":\"https:\/\/greenfactor-project.eu\/?s={search_term_string}\"},\"query-input\":\"required name=search_term_string\"}],\"inLanguage\":\"fr-FR\"},{\"@type\":\"Organization\",\"@id\":\"https:\/\/greenfactor-project.eu\/#organization\",\"name\":\"GREEN Factor\",\"url\":\"https:\/\/greenfactor-project.eu\/\",\"logo\":{\"@type\":\"ImageObject\",\"inLanguage\":\"fr-FR\",\"@id\":\"https:\/\/greenfactor-project.eu\/#\/schema\/logo\/image\/\",\"url\":\"https:\/\/greenfactor-project.eu\/wp-content\/uploads\/2022\/07\/logo-greendfactor-m2.jpg\",\"contentUrl\":\"https:\/\/greenfactor-project.eu\/wp-content\/uploads\/2022\/07\/logo-greendfactor-m2.jpg\",\"width\":131,\"height\":86,\"caption\":\"GREEN Factor\"},\"image\":{\"@id\":\"https:\/\/greenfactor-project.eu\/#\/schema\/logo\/image\/\"},\"sameAs\":[\"https:\/\/www.instagram.com\/greenfactor_project\/\",\"https:\/\/www.linkedin.com\/in\/green-factor-project-0b10ab246\/\",\"https:\/\/twitter.com\/GreenfactorP\"]}]}<\/script>\n<!-- \/ Yoast SEO plugin. -->","yoast_head_json":{"title":"Accueil - GREEN Factor","robots":{"index":"index","follow":"follow","max-snippet":"max-snippet:-1","max-image-preview":"max-image-preview:large","max-video-preview":"max-video-preview:-1"},"canonical":"https:\/\/greenfactor-project.eu\/fr\/accueil\/","og_locale":"fr_FR","og_type":"article","og_title":"Accueil - GREEN Factor","og_description":"[vc_row css=\u00a0\u00bb.vc_custom_1663230043501{margin-bottom: 35px !important;}\u00a0\u00bb][vc_column][vc_column_text]GREEN Factor est un projet Erasmus + dont l&rsquo;objectif principal est de faire prendre conscience de la n\u00e9cessit\u00e9 globale de prot\u00e9ger l&rsquo;environnement. \u00c0 cette fin, il tentera de promouvoir un changement de mentalit\u00e9 et un sens de l&rsquo;initiative, en particulier chez les jeunes g\u00e9n\u00e9rations, dans le but d&rsquo;\u00e9lever et de d\u00e9velopper leur&hellip;","og_url":"https:\/\/greenfactor-project.eu\/fr\/accueil\/","og_site_name":"GREEN Factor","article_modified_time":"2026-03-18T10:01:16+00:00","twitter_card":"summary_large_image","twitter_site":"@GreenfactorP","twitter_misc":{"Dur\u00e9e de lecture estim\u00e9e":"2 minutes"},"schema":{"@context":"https:\/\/schema.org","@graph":[{"@type":"WebPage","@id":"https:\/\/greenfactor-project.eu\/fr\/accueil\/","url":"https:\/\/greenfactor-project.eu\/fr\/accueil\/","name":"Accueil - GREEN Factor","isPartOf":{"@id":"https:\/\/greenfactor-project.eu\/#website"},"datePublished":"2022-07-26T06:40:56+00:00","dateModified":"2026-03-18T10:01:16+00:00","breadcrumb":{"@id":"https:\/\/greenfactor-project.eu\/fr\/accueil\/#breadcrumb"},"inLanguage":"fr-FR","potentialAction":[{"@type":"ReadAction","target":["https:\/\/greenfactor-project.eu\/fr\/accueil\/"]}]},{"@type":"BreadcrumbList","@id":"https:\/\/greenfactor-project.eu\/fr\/accueil\/#breadcrumb","itemListElement":[{"@type":"ListItem","position":1,"name":"Home","item":"https:\/\/greenfactor-project.eu\/fr\/accueil\/"},{"@type":"ListItem","position":2,"name":"Accueil"}]},{"@type":"WebSite","@id":"https:\/\/greenfactor-project.eu\/#website","url":"https:\/\/greenfactor-project.eu\/","name":"GREEN Factor","description":"Eco and entrepreneurial pathways to boost young people\u2019s factor of change","publisher":{"@id":"https:\/\/greenfactor-project.eu\/#organization"},"potentialAction":[{"@type":"SearchAction","target":{"@type":"EntryPoint","urlTemplate":"https:\/\/greenfactor-project.eu\/?s={search_term_string}"},"query-input":"required name=search_term_string"}],"inLanguage":"fr-FR"},{"@type":"Organization","@id":"https:\/\/greenfactor-project.eu\/#organization","name":"GREEN Factor","url":"https:\/\/greenfactor-project.eu\/","logo":{"@type":"ImageObject","inLanguage":"fr-FR","@id":"https:\/\/greenfactor-project.eu\/#\/schema\/logo\/image\/","url":"https:\/\/greenfactor-project.eu\/wp-content\/uploads\/2022\/07\/logo-greendfactor-m2.jpg","contentUrl":"https:\/\/greenfactor-project.eu\/wp-content\/uploads\/2022\/07\/logo-greendfactor-m2.jpg","width":131,"height":86,"caption":"GREEN Factor"},"image":{"@id":"https:\/\/greenfactor-project.eu\/#\/schema\/logo\/image\/"},"sameAs":["https:\/\/www.instagram.com\/greenfactor_project\/","https:\/\/www.linkedin.com\/in\/green-factor-project-0b10ab246\/","https:\/\/twitter.com\/GreenfactorP"]}]}},"_links":{"self":[{"href":"https:\/\/greenfactor-project.eu\/fr\/wp-json\/wp\/v2\/pages\/1055","targetHints":{"allow":["GET"]}}],"collection":[{"href":"https:\/\/greenfactor-project.eu\/fr\/wp-json\/wp\/v2\/pages"}],"about":[{"href":"https:\/\/greenfactor-project.eu\/fr\/wp-json\/wp\/v2\/types\/page"}],"author":[{"embeddable":true,"href":"https:\/\/greenfactor-project.eu\/fr\/wp-json\/wp\/v2\/users\/1"}],"replies":[{"embeddable":true,"href":"https:\/\/greenfactor-project.eu\/fr\/wp-json\/wp\/v2\/comments?post=1055"}],"version-history":[{"count":11,"href":"https:\/\/greenfactor-project.eu\/fr\/wp-json\/wp\/v2\/pages\/1055\/revisions"}],"predecessor-version":[{"id":2882,"href":"https:\/\/greenfactor-project.eu\/fr\/wp-json\/wp\/v2\/pages\/1055\/revisions\/2882"}],"wp:attachment":[{"href":"https:\/\/greenfactor-project.eu\/fr\/wp-json\/wp\/v2\/media?parent=1055"}],"curies":[{"name":"wp","href":"https:\/\/api.w.org\/{rel}","templated":true}]}}