{"id":1061,"date":"2022-07-26T09:37:28","date_gmt":"2022-07-26T07:37:28","guid":{"rendered":"https:\/\/greenfactor-project.eu\/notre-projet\/"},"modified":"2024-11-14T16:25:20","modified_gmt":"2024-11-14T15:25:20","slug":"notre-projet","status":"publish","type":"page","link":"https:\/\/greenfactor-project.eu\/fr\/notre-projet\/","title":{"rendered":"Notre projet"},"content":{"rendered":"<section class=\"wpb-content-wrapper\"><p>[vc_row][vc_column]<div id=\"ultimate-heading-877569de70d245d5d\" class=\"uvc-heading ult-adjust-bottom-margin ultimate-heading-877569de70d245d5d uvc-8203  uvc-heading-default-font-sizes\" data-hspacer=\"no_spacer\"  data-halign=\"left\" style=\"text-align:left\"><div class=\"uvc-heading-spacer no_spacer\" style=\"top\"><\/div><div class=\"uvc-sub-heading ult-responsive\"  data-ultimate-target='.uvc-heading.ultimate-heading-877569de70d245d5d .uvc-sub-heading '  data-responsive-json-new='{\"font-size\":\"desktop:21px;\",\"line-height\":\"desktop:31px;\"}'  style=\"font-family:&#039;Roboto Slab&#039;;font-weight:500;margin-top:33px;margin-bottom:37px;\"><\/p>\n<p style=\"text-align: justify;\">Ce projet a \u00e9t\u00e9 financ\u00e9 avec le soutien de la Commission europ\u00e9enne. Ce site web n&rsquo;engage que son auteur et la Commission ne peut \u00eatre tenue responsable de l&rsquo;usage qui pourrait \u00eatre fait des informations qu&rsquo;il contient. <\/p>\n<p><\/div><\/div>[vc_row_inner][vc_column_inner width=\u00a0\u00bb1\/4&Prime;][\/vc_column_inner][vc_column_inner width=\u00a0\u00bb1\/2&Prime;][vc_single_image image=\u00a0\u00bb1024&Prime; img_size=\u00a0\u00bbfull\u00a0\u00bb alignment=\u00a0\u00bbcenter\u00a0\u00bb image_hovers=\u00a0\u00bbfalse\u00a0\u00bb][\/vc_column_inner][vc_column_inner width=\u00a0\u00bb1\/4&Prime;][\/vc_column_inner][\/vc_row_inner][vc_column_text]<\/p>\n<p style=\"text-align: justify;\">La question de l&rsquo;environnement est en train de devenir l&rsquo;un des probl\u00e8mes mondiaux les plus urgents auxquels les d\u00e9cideurs politiques et les communaut\u00e9s doivent faire face concr\u00e8tement pour assurer la durabilit\u00e9 future de la plan\u00e8te.<br \/>\nPour cette raison, ces derni\u00e8res ann\u00e9es, de nombreux accords internationaux ont \u00e9tabli de nouvelles r\u00e8gles pour faire face \u00e0 la situation actuelle : l&rsquo;Accord de Paris (2015) au cours duquel, pour la premi\u00e8re fois, les Nations Unies ont fait cause commune pour entreprendre des efforts ambitieux afin de combattre le changement climatique et de s&rsquo;adapter \u00e0 ses effets, et l&rsquo;Agenda 2030 (2015) qui a engag\u00e9 pr\u00e8s de 200 nations \u00e0 atteindre un d\u00e9veloppement plus durable pour la plan\u00e8te et les \u00eatres humains. <\/p>\n<p style=\"text-align: justify;\">Comme l&rsquo;\u00e9tablissent \u00e9galement le Green Deal europ\u00e9en (2019) et le programme de travail Green Deal 2018-2020 dans le cadre d&rsquo;Horizon 2020 (Domaine 10, th\u00e8me 2 : Changement comportemental, social et culturel pour le Green Deal), le principal d\u00e9fi au niveau europ\u00e9en et international est de \u00a0\u00bb favoriser les changements dans les pratiques soci\u00e9tales et dans le comportement des individus, des communaut\u00e9s, des organisations publiques et priv\u00e9es, qui peuvent \u00eatre obtenus par des processus collectifs et participatifs ou par un sens de l&rsquo;\u00e9cocitoyennet\u00e9 et de la justice climatique \u00ab\u00a0. Pour r\u00e9pondre \u00e0 ces enjeux, il faut mener des recherches et des exp\u00e9riences sur les changements comportementaux, sociaux et culturels dans toute l&rsquo;Europe, et il faut analyser les pratiques sociales et les processus de changement de comportement, notamment en partageant les bonnes pratiques, les outils et les ressources\u201d.<\/p>\n<p style=\"text-align: justify;\">Ce grand d\u00e9fi n\u00e9cessite une adaptation profonde des modes de vie et des comportements, en s&rsquo;adressant \u00e0 l&rsquo;engagement des citoyens et \u00e0 l&rsquo;innovation sociale par des approches innovantes, pour une transition \u00e9quitable et inclusive.<\/p>\n<p>[\/vc_column_text][vc_row_inner][vc_column_inner width=\u00a0\u00bb1\/4&Prime;][\/vc_column_inner][vc_column_inner width=\u00a0\u00bb1\/2&Prime;][vc_single_image image=\u00a0\u00bb969&Prime; img_size=\u00a0\u00bbfull\u00a0\u00bb alignment=\u00a0\u00bbcenter\u00a0\u00bb image_hovers=\u00a0\u00bbfalse\u00a0\u00bb][\/vc_column_inner][vc_column_inner width=\u00a0\u00bb1\/4&Prime;][\/vc_column_inner][\/vc_row_inner]<div id=\"ultimate-heading-683869de70d245e0d\" class=\"uvc-heading ult-adjust-bottom-margin ultimate-heading-683869de70d245e0d uvc-6636  uvc-heading-default-font-sizes\" data-hspacer=\"no_spacer\"  data-halign=\"center\" style=\"text-align:center\"><div class=\"uvc-heading-spacer no_spacer\" style=\"top\"><\/div><div class=\"uvc-sub-heading ult-responsive\"  data-ultimate-target='.uvc-heading.ultimate-heading-683869de70d245e0d .uvc-sub-heading '  data-responsive-json-new='{\"font-size\":\"desktop:21px;\",\"line-height\":\"desktop:31px;\"}'  style=\"font-weight:normal;\"><strong>GREEN Factor &#8211; des parcours \u00e9cologiques et entrepreneuriaux pour stimuler le facteur de changement des jeunes<\/strong><\/div><\/div><div id=\"ultimate-heading-529169de70d245e45\" class=\"uvc-heading ult-adjust-bottom-margin ultimate-heading-529169de70d245e45 uvc-3093  uvc-heading-default-font-sizes\" data-hspacer=\"no_spacer\"  data-halign=\"center\" style=\"text-align:center\"><div class=\"uvc-heading-spacer no_spacer\" style=\"top\"><\/div><div class=\"uvc-sub-heading ult-responsive\"  data-ultimate-target='.uvc-heading.ultimate-heading-529169de70d245e45 .uvc-sub-heading '  data-responsive-json-new='{\"font-size\":\"\",\"line-height\":\"\"}'  style=\"font-weight:normal;margin-bottom:27px;\"><strong><span class=\"OYPEnA font-feature-liga-off font-feature-clig-off font-feature-calt-off text-decoration-none text-strikethrough-none\">2021-2-FR02-KA220-YOU-000048638<\/span><\/strong><\/div><\/div>[vc_column_text]<\/p>\n<p style=\"text-align: justify;\">Partant des objectifs du Green Deal, le projet GREEN Factor vise \u00e0 r\u00e9pondre au besoin global concernant la protection de l&rsquo;environnement, qui est strictement li\u00e9 aux processus comportementaux, aux pratiques culturelles et sociales.<br \/>\nGREEN Factor vise \u00e0 r\u00e9pondre \u00e0 ce besoin en encourageant un changement de mentalit\u00e9 pour adopter de nouvelles actions et de nouveaux choix individuels\/collectifs durables, puisque nous vivons tous sur cette plan\u00e8te.<br \/>\nComme l&rsquo;indique le nom \u00ab\u00a0GREEN Factor\u00a0\u00bb, le principal d\u00e9fi du projet est de favoriser le changement de mentalit\u00e9 et le sens de l&rsquo;initiative, en particulier chez les jeunes g\u00e9n\u00e9rations, comme une \u00e9tape n\u00e9cessaire pour \u00e9lever et d\u00e9velopper leur conscience \u00e9cologique et leur permettre de devenir un \u00ab\u00a0v\u00e9ritable facteur de changement\u00a0\u00bb.  <\/p>\n<p style=\"text-align: justify;\"><span style=\"vertical-align: inherit;\"><span style=\"vertical-align: inherit;\">En effet, au fil du temps, les jeunes deviennent plus inform\u00e9s et plus conscients des sujets et des probl\u00e8mes environnementaux, en se consid\u00e9rant comme des participants actifs aux changements mondiaux.<br \/>\nLe mouvement \u00ab\u00a0Friday for Future\u00a0\u00bb en a fait la d\u00e9monstration.  D\u00e9marr\u00e9 en 2018, il est rapidement devenu viral avec des milliers de jeunes militants protestant contre l&rsquo;inaction des gouvernements face \u00e0 la crise climatique. Puis, le mouvement a atteint des chiffres significatifs, en impactant 7500 villes et 14 millions de personnes sur tous les continents (<a href=\"https:\/\/fridaysforfuture.org\/\" target=\"_blank\" rel=\"noopener\">https:\/\/fridaysforfuture.org\/<\/a>).\u00a0\u00bb<br \/>\n<\/span><\/span><\/p>\n<p>[\/vc_column_text][\/vc_column][\/vc_row][vc_row][vc_column][vc_column_text][\/vc_column_text][vc_separator][\/vc_column][\/vc_row][vc_row][vc_column][vc_column_text]<\/p>\n<p style=\"text-align: justify;\">Vous trouverez ci-dessous le d\u00e9pliant du projet GREEN Factor, disponible en six langues. Ce d\u00e9pliant contient des informations essentielles sur le projet et ses outils cl\u00e9s pour promouvoir l&rsquo;entreprenariat vert et le d\u00e9veloppement durable chez les jeunes. <\/p>\n<p>[\/vc_column_text][\/vc_column][vc_column width=\u00a0\u00bb1\/6&Prime;][vc_column_text]<\/p>\n<p style=\"text-align: center;\"><a href=\"https:\/\/greenfactor-project.eu\/wp-content\/uploads\/2024\/11\/LEAFLET-GREEN-FACTOR_EN.pdf\" class=\"pdfemb-viewer\" style=\"\" data-width=\"max\" data-height=\"max\"  data-toolbar=\"bottom\" data-toolbar-fixed=\"off\">LEAFLET GREEN FACTOR_EN<br\/><\/a><\/p>\n<p>[\/vc_column_text]<style type=\"text\/css\" data-type=\"the7_shortcodes-inline-css\">#default-btn-3cf8244a50c3757d144e55510b614213.ico-right-side > i {\n  margin-right: 0px;\n  margin-left: 8px;\n}\n#default-btn-3cf8244a50c3757d144e55510b614213 > i {\n  margin-right: 8px;\n}\n<\/style><div class=\"btn-align-center\"><a href=\"http:\/\/greenfactor-project.eu\/wp-content\/uploads\/2024\/11\/LEAFLET-GREEN-FACTOR_EN.pdf\" class=\"default-btn-shortcode dt-btn dt-btn-s link-hover-off \" target=\"_blank\" id=\"default-btn-3cf8244a50c3757d144e55510b614213\" rel=\"noopener\"><span>Leaflet (EN)<\/span><\/a><\/div>[\/vc_column][vc_column width=\u00a0\u00bb1\/6&Prime;][vc_column_text]<\/p>\n<p style=\"text-align: center;\"><a href=\"https:\/\/greenfactor-project.eu\/wp-content\/uploads\/2024\/11\/LEAFLET-GREEN-FACTOR_FR.pdf\" class=\"pdfemb-viewer\" style=\"\" data-width=\"max\" data-height=\"max\"  data-toolbar=\"bottom\" data-toolbar-fixed=\"off\">LEAFLET GREEN FACTOR_FR<br\/><\/a><\/p>\n<p>[\/vc_column_text]<style type=\"text\/css\" data-type=\"the7_shortcodes-inline-css\">#default-btn-f69490a22493ba36d8a0fa89b8b6f212.ico-right-side > i {\n  margin-right: 0px;\n  margin-left: 8px;\n}\n#default-btn-f69490a22493ba36d8a0fa89b8b6f212 > i {\n  margin-right: 8px;\n}\n<\/style><div class=\"btn-align-center\"><a href=\"http:\/\/greenfactor-project.eu\/wp-content\/uploads\/2024\/11\/LEAFLET-GREEN-FACTOR_FR.pdf\" class=\"default-btn-shortcode dt-btn dt-btn-s link-hover-off \" target=\"_blank\" id=\"default-btn-f69490a22493ba36d8a0fa89b8b6f212\" rel=\"noopener\"><span>Leaflet (FR)<\/span><\/a><\/div>[\/vc_column][vc_column width=\u00a0\u00bb1\/6&Prime;][vc_column_text]<\/p>\n<p style=\"text-align: center;\"><a href=\"https:\/\/greenfactor-project.eu\/wp-content\/uploads\/2024\/11\/LEAFLET-GREEN-FACTOR_ES.pdf\" class=\"pdfemb-viewer\" style=\"\" data-width=\"max\" data-height=\"max\"  data-toolbar=\"bottom\" data-toolbar-fixed=\"off\">LEAFLET GREEN FACTOR_ES<br\/><\/a><\/p>\n<p>[\/vc_column_text]<style type=\"text\/css\" data-type=\"the7_shortcodes-inline-css\">#default-btn-f80ec3753cd48333d720ebd10c239d82.ico-right-side > i {\n  margin-right: 0px;\n  margin-left: 8px;\n}\n#default-btn-f80ec3753cd48333d720ebd10c239d82 > i {\n  margin-right: 8px;\n}\n<\/style><div class=\"btn-align-center\"><a href=\"http:\/\/greenfactor-project.eu\/wp-content\/uploads\/2024\/11\/LEAFLET-GREEN-FACTOR_ES.pdf\" class=\"default-btn-shortcode dt-btn dt-btn-s link-hover-off \" target=\"_blank\" id=\"default-btn-f80ec3753cd48333d720ebd10c239d82\" rel=\"noopener\"><span>Leaflet (ES)<\/span><\/a><\/div>[\/vc_column][vc_column width=\u00a0\u00bb1\/6&Prime;][vc_column_text]<\/p>\n<p style=\"text-align: center;\"><a href=\"https:\/\/greenfactor-project.eu\/wp-content\/uploads\/2024\/11\/LEAFLET-GREEN-FACTOR_IT.pdf\" class=\"pdfemb-viewer\" style=\"\" data-width=\"max\" data-height=\"max\"  data-toolbar=\"bottom\" data-toolbar-fixed=\"off\">LEAFLET GREEN FACTOR_IT<br\/><\/a><\/p>\n<p>[\/vc_column_text]<style type=\"text\/css\" data-type=\"the7_shortcodes-inline-css\">#default-btn-ba8204cd44bbecc45b27888dd819d6a7.ico-right-side > i {\n  margin-right: 0px;\n  margin-left: 8px;\n}\n#default-btn-ba8204cd44bbecc45b27888dd819d6a7 > i {\n  margin-right: 8px;\n}\n<\/style><div class=\"btn-align-center\"><a href=\"http:\/\/greenfactor-project.eu\/wp-content\/uploads\/2024\/11\/LEAFLET-GREEN-FACTOR_IT.pdf\" class=\"default-btn-shortcode dt-btn dt-btn-s link-hover-off \" target=\"_blank\" id=\"default-btn-ba8204cd44bbecc45b27888dd819d6a7\" rel=\"noopener\"><span>Leaflet (IT)<\/span><\/a><\/div>[\/vc_column][vc_column width=\u00a0\u00bb1\/6&Prime;][vc_column_text]<\/p>\n<p style=\"text-align: center;\"><a href=\"https:\/\/greenfactor-project.eu\/wp-content\/uploads\/2024\/11\/LEAFLET-GREEN-FACTOR_GREEK.pdf\" class=\"pdfemb-viewer\" style=\"\" data-width=\"max\" data-height=\"max\"  data-toolbar=\"bottom\" data-toolbar-fixed=\"off\">LEAFLET GREEN FACTOR_GREEK<br\/><\/a><\/p>\n<p>[\/vc_column_text]<style type=\"text\/css\" data-type=\"the7_shortcodes-inline-css\">#default-btn-98ae4b3fb10e866226c38bb535612d3c.ico-right-side > i {\n  margin-right: 0px;\n  margin-left: 8px;\n}\n#default-btn-98ae4b3fb10e866226c38bb535612d3c > i {\n  margin-right: 8px;\n}\n<\/style><div class=\"btn-align-center\"><a href=\"http:\/\/greenfactor-project.eu\/wp-content\/uploads\/2024\/11\/LEAFLET-GREEN-FACTOR_GREEK.pdf\" class=\"default-btn-shortcode dt-btn dt-btn-s link-hover-off \" target=\"_blank\" id=\"default-btn-98ae4b3fb10e866226c38bb535612d3c\" rel=\"noopener\"><span>Leaflet (GREEK)<\/span><\/a><\/div>[\/vc_column][vc_column width=\u00a0\u00bb1\/6&Prime;][vc_column_text]<\/p>\n<p style=\"text-align: center;\"><a href=\"https:\/\/greenfactor-project.eu\/wp-content\/uploads\/2024\/11\/LEAFLET-GREEN-FACTOR_CZECH.pdf\" class=\"pdfemb-viewer\" style=\"\" data-width=\"max\" data-height=\"max\"  data-toolbar=\"bottom\" data-toolbar-fixed=\"off\">LEAFLET GREEN FACTOR_CZECH<br\/><\/a><\/p>\n<p>[\/vc_column_text]<style type=\"text\/css\" data-type=\"the7_shortcodes-inline-css\">#default-btn-8d07795915b89463fe1a18f617fce500.ico-right-side > i {\n  margin-right: 0px;\n  margin-left: 8px;\n}\n#default-btn-8d07795915b89463fe1a18f617fce500 > i {\n  margin-right: 8px;\n}\n<\/style><div class=\"btn-align-center\"><a href=\"http:\/\/greenfactor-project.eu\/wp-content\/uploads\/2024\/11\/LEAFLET-GREEN-FACTOR_CZECH.pdf\" class=\"default-btn-shortcode dt-btn dt-btn-s link-hover-off \" target=\"_blank\" id=\"default-btn-8d07795915b89463fe1a18f617fce500\" rel=\"noopener\"><span>Leaflet (CZECH)<\/span><\/a><\/div>[\/vc_column][\/vc_row]<\/p>\n<\/section>","protected":false},"excerpt":{"rendered":"<p>[vc_row][vc_column][vc_row_inner][vc_column_inner width=\u00a0\u00bb1\/4&Prime;][\/vc_column_inner][vc_column_inner width=\u00a0\u00bb1\/2&Prime;][vc_single_image image=\u00a0\u00bb1024&Prime; img_size=\u00a0\u00bbfull\u00a0\u00bb alignment=\u00a0\u00bbcenter\u00a0\u00bb image_hovers=\u00a0\u00bbfalse\u00a0\u00bb][\/vc_column_inner][vc_column_inner width=\u00a0\u00bb1\/4&Prime;][\/vc_column_inner][\/vc_row_inner][vc_column_text] La question de l&rsquo;environnement est en train de devenir l&rsquo;un des probl\u00e8mes mondiaux les plus urgents auxquels les d\u00e9cideurs politiques et les communaut\u00e9s doivent faire face concr\u00e8tement pour assurer la durabilit\u00e9 future de la plan\u00e8te. Pour cette raison, ces derni\u00e8res ann\u00e9es, de nombreux accords internationaux ont \u00e9tabli&hellip;<\/p>\n","protected":false},"author":1,"featured_media":0,"parent":0,"menu_order":0,"comment_status":"closed","ping_status":"closed","template":"","meta":{"om_disable_all_campaigns":false,"_monsterinsights_skip_tracking":false,"_monsterinsights_sitenote_active":false,"_monsterinsights_sitenote_note":"","_monsterinsights_sitenote_category":0,"footnotes":""},"class_list":["post-1061","page","type-page","status-publish","hentry","description-off"],"yoast_head":"<!-- This site is optimized with the Yoast SEO plugin v19.13 - https:\/\/yoast.com\/wordpress\/plugins\/seo\/ -->\n<title>Notre projet - GREEN Factor<\/title>\n<meta name=\"robots\" content=\"index, follow, max-snippet:-1, max-image-preview:large, max-video-preview:-1\" \/>\n<link rel=\"canonical\" href=\"https:\/\/greenfactor-project.eu\/fr\/notre-projet\/\" \/>\n<meta property=\"og:locale\" content=\"fr_FR\" \/>\n<meta property=\"og:type\" content=\"article\" \/>\n<meta property=\"og:title\" content=\"Notre projet - GREEN Factor\" \/>\n<meta property=\"og:description\" content=\"[vc_row][vc_column][vc_row_inner][vc_column_inner width=\u00a0\u00bb1\/4&Prime;][\/vc_column_inner][vc_column_inner width=\u00a0\u00bb1\/2&Prime;][vc_single_image image=\u00a0\u00bb1024&Prime; img_size=\u00a0\u00bbfull\u00a0\u00bb alignment=\u00a0\u00bbcenter\u00a0\u00bb image_hovers=\u00a0\u00bbfalse\u00a0\u00bb][\/vc_column_inner][vc_column_inner width=\u00a0\u00bb1\/4&Prime;][\/vc_column_inner][\/vc_row_inner][vc_column_text] La question de l&rsquo;environnement est en train de devenir l&rsquo;un des probl\u00e8mes mondiaux les plus urgents auxquels les d\u00e9cideurs politiques et les communaut\u00e9s doivent faire face concr\u00e8tement pour assurer la durabilit\u00e9 future de la plan\u00e8te. Pour cette raison, ces derni\u00e8res ann\u00e9es, de nombreux accords internationaux ont \u00e9tabli&hellip;\" \/>\n<meta property=\"og:url\" content=\"https:\/\/greenfactor-project.eu\/fr\/notre-projet\/\" \/>\n<meta property=\"og:site_name\" content=\"GREEN Factor\" \/>\n<meta property=\"article:modified_time\" content=\"2024-11-14T15:25:20+00:00\" \/>\n<meta name=\"twitter:card\" content=\"summary_large_image\" \/>\n<meta name=\"twitter:site\" content=\"@GreenfactorP\" \/>\n<meta name=\"twitter:label1\" content=\"Dur\u00e9e de lecture estim\u00e9e\" \/>\n\t<meta name=\"twitter:data1\" content=\"6 minutes\" \/>\n<script type=\"application\/ld+json\" class=\"yoast-schema-graph\">{\"@context\":\"https:\/\/schema.org\",\"@graph\":[{\"@type\":\"WebPage\",\"@id\":\"https:\/\/greenfactor-project.eu\/fr\/notre-projet\/\",\"url\":\"https:\/\/greenfactor-project.eu\/fr\/notre-projet\/\",\"name\":\"Notre projet - GREEN Factor\",\"isPartOf\":{\"@id\":\"https:\/\/greenfactor-project.eu\/#website\"},\"datePublished\":\"2022-07-26T07:37:28+00:00\",\"dateModified\":\"2024-11-14T15:25:20+00:00\",\"breadcrumb\":{\"@id\":\"https:\/\/greenfactor-project.eu\/fr\/notre-projet\/#breadcrumb\"},\"inLanguage\":\"fr-FR\",\"potentialAction\":[{\"@type\":\"ReadAction\",\"target\":[\"https:\/\/greenfactor-project.eu\/fr\/notre-projet\/\"]}]},{\"@type\":\"BreadcrumbList\",\"@id\":\"https:\/\/greenfactor-project.eu\/fr\/notre-projet\/#breadcrumb\",\"itemListElement\":[{\"@type\":\"ListItem\",\"position\":1,\"name\":\"Home\",\"item\":\"https:\/\/greenfactor-project.eu\/fr\/accueil\/\"},{\"@type\":\"ListItem\",\"position\":2,\"name\":\"Notre projet\"}]},{\"@type\":\"WebSite\",\"@id\":\"https:\/\/greenfactor-project.eu\/#website\",\"url\":\"https:\/\/greenfactor-project.eu\/\",\"name\":\"GREEN Factor\",\"description\":\"Eco and entrepreneurial pathways to boost young people\u2019s factor of change\",\"publisher\":{\"@id\":\"https:\/\/greenfactor-project.eu\/#organization\"},\"potentialAction\":[{\"@type\":\"SearchAction\",\"target\":{\"@type\":\"EntryPoint\",\"urlTemplate\":\"https:\/\/greenfactor-project.eu\/?s={search_term_string}\"},\"query-input\":\"required name=search_term_string\"}],\"inLanguage\":\"fr-FR\"},{\"@type\":\"Organization\",\"@id\":\"https:\/\/greenfactor-project.eu\/#organization\",\"name\":\"GREEN Factor\",\"url\":\"https:\/\/greenfactor-project.eu\/\",\"logo\":{\"@type\":\"ImageObject\",\"inLanguage\":\"fr-FR\",\"@id\":\"https:\/\/greenfactor-project.eu\/#\/schema\/logo\/image\/\",\"url\":\"https:\/\/greenfactor-project.eu\/wp-content\/uploads\/2022\/07\/logo-greendfactor-m2.jpg\",\"contentUrl\":\"https:\/\/greenfactor-project.eu\/wp-content\/uploads\/2022\/07\/logo-greendfactor-m2.jpg\",\"width\":131,\"height\":86,\"caption\":\"GREEN Factor\"},\"image\":{\"@id\":\"https:\/\/greenfactor-project.eu\/#\/schema\/logo\/image\/\"},\"sameAs\":[\"https:\/\/www.instagram.com\/greenfactor_project\/\",\"https:\/\/www.linkedin.com\/in\/green-factor-project-0b10ab246\/\",\"https:\/\/twitter.com\/GreenfactorP\"]}]}<\/script>\n<!-- \/ Yoast SEO plugin. -->","yoast_head_json":{"title":"Notre projet - GREEN Factor","robots":{"index":"index","follow":"follow","max-snippet":"max-snippet:-1","max-image-preview":"max-image-preview:large","max-video-preview":"max-video-preview:-1"},"canonical":"https:\/\/greenfactor-project.eu\/fr\/notre-projet\/","og_locale":"fr_FR","og_type":"article","og_title":"Notre projet - GREEN Factor","og_description":"[vc_row][vc_column][vc_row_inner][vc_column_inner width=\u00a0\u00bb1\/4&Prime;][\/vc_column_inner][vc_column_inner width=\u00a0\u00bb1\/2&Prime;][vc_single_image image=\u00a0\u00bb1024&Prime; img_size=\u00a0\u00bbfull\u00a0\u00bb alignment=\u00a0\u00bbcenter\u00a0\u00bb image_hovers=\u00a0\u00bbfalse\u00a0\u00bb][\/vc_column_inner][vc_column_inner width=\u00a0\u00bb1\/4&Prime;][\/vc_column_inner][\/vc_row_inner][vc_column_text] La question de l&rsquo;environnement est en train de devenir l&rsquo;un des probl\u00e8mes mondiaux les plus urgents auxquels les d\u00e9cideurs politiques et les communaut\u00e9s doivent faire face concr\u00e8tement pour assurer la durabilit\u00e9 future de la plan\u00e8te. Pour cette raison, ces derni\u00e8res ann\u00e9es, de nombreux accords internationaux ont \u00e9tabli&hellip;","og_url":"https:\/\/greenfactor-project.eu\/fr\/notre-projet\/","og_site_name":"GREEN Factor","article_modified_time":"2024-11-14T15:25:20+00:00","twitter_card":"summary_large_image","twitter_site":"@GreenfactorP","twitter_misc":{"Dur\u00e9e de lecture estim\u00e9e":"6 minutes"},"schema":{"@context":"https:\/\/schema.org","@graph":[{"@type":"WebPage","@id":"https:\/\/greenfactor-project.eu\/fr\/notre-projet\/","url":"https:\/\/greenfactor-project.eu\/fr\/notre-projet\/","name":"Notre projet - GREEN Factor","isPartOf":{"@id":"https:\/\/greenfactor-project.eu\/#website"},"datePublished":"2022-07-26T07:37:28+00:00","dateModified":"2024-11-14T15:25:20+00:00","breadcrumb":{"@id":"https:\/\/greenfactor-project.eu\/fr\/notre-projet\/#breadcrumb"},"inLanguage":"fr-FR","potentialAction":[{"@type":"ReadAction","target":["https:\/\/greenfactor-project.eu\/fr\/notre-projet\/"]}]},{"@type":"BreadcrumbList","@id":"https:\/\/greenfactor-project.eu\/fr\/notre-projet\/#breadcrumb","itemListElement":[{"@type":"ListItem","position":1,"name":"Home","item":"https:\/\/greenfactor-project.eu\/fr\/accueil\/"},{"@type":"ListItem","position":2,"name":"Notre projet"}]},{"@type":"WebSite","@id":"https:\/\/greenfactor-project.eu\/#website","url":"https:\/\/greenfactor-project.eu\/","name":"GREEN Factor","description":"Eco and entrepreneurial pathways to boost young people\u2019s factor of change","publisher":{"@id":"https:\/\/greenfactor-project.eu\/#organization"},"potentialAction":[{"@type":"SearchAction","target":{"@type":"EntryPoint","urlTemplate":"https:\/\/greenfactor-project.eu\/?s={search_term_string}"},"query-input":"required name=search_term_string"}],"inLanguage":"fr-FR"},{"@type":"Organization","@id":"https:\/\/greenfactor-project.eu\/#organization","name":"GREEN Factor","url":"https:\/\/greenfactor-project.eu\/","logo":{"@type":"ImageObject","inLanguage":"fr-FR","@id":"https:\/\/greenfactor-project.eu\/#\/schema\/logo\/image\/","url":"https:\/\/greenfactor-project.eu\/wp-content\/uploads\/2022\/07\/logo-greendfactor-m2.jpg","contentUrl":"https:\/\/greenfactor-project.eu\/wp-content\/uploads\/2022\/07\/logo-greendfactor-m2.jpg","width":131,"height":86,"caption":"GREEN Factor"},"image":{"@id":"https:\/\/greenfactor-project.eu\/#\/schema\/logo\/image\/"},"sameAs":["https:\/\/www.instagram.com\/greenfactor_project\/","https:\/\/www.linkedin.com\/in\/green-factor-project-0b10ab246\/","https:\/\/twitter.com\/GreenfactorP"]}]}},"_links":{"self":[{"href":"https:\/\/greenfactor-project.eu\/fr\/wp-json\/wp\/v2\/pages\/1061","targetHints":{"allow":["GET"]}}],"collection":[{"href":"https:\/\/greenfactor-project.eu\/fr\/wp-json\/wp\/v2\/pages"}],"about":[{"href":"https:\/\/greenfactor-project.eu\/fr\/wp-json\/wp\/v2\/types\/page"}],"author":[{"embeddable":true,"href":"https:\/\/greenfactor-project.eu\/fr\/wp-json\/wp\/v2\/users\/1"}],"replies":[{"embeddable":true,"href":"https:\/\/greenfactor-project.eu\/fr\/wp-json\/wp\/v2\/comments?post=1061"}],"version-history":[{"count":22,"href":"https:\/\/greenfactor-project.eu\/fr\/wp-json\/wp\/v2\/pages\/1061\/revisions"}],"predecessor-version":[{"id":2856,"href":"https:\/\/greenfactor-project.eu\/fr\/wp-json\/wp\/v2\/pages\/1061\/revisions\/2856"}],"wp:attachment":[{"href":"https:\/\/greenfactor-project.eu\/fr\/wp-json\/wp\/v2\/media?parent=1061"}],"curies":[{"name":"wp","href":"https:\/\/api.w.org\/{rel}","templated":true}]}}