{"id":1069,"date":"2022-07-26T10:07:15","date_gmt":"2022-07-26T08:07:15","guid":{"rendered":"https:\/\/greenfactor-project.eu\/resultats\/"},"modified":"2024-10-25T13:57:08","modified_gmt":"2024-10-25T11:57:08","slug":"resultats","status":"publish","type":"page","link":"https:\/\/greenfactor-project.eu\/fr\/resultats\/","title":{"rendered":"R\u00e9sultats"},"content":{"rendered":"<section class=\"wpb-content-wrapper\"><p>[vc_row][vc_column width=\u00a0\u00bb1\/6&Prime;][\/vc_column][vc_column width=\u00a0\u00bb2\/3&Prime;][vc_column_text css=\u00a0\u00bb.vc_custom_1658831007777{margin-bottom: 35px !important;}\u00a0\u00bb]<\/p>\n<p style=\"text-align: justify;\">\u00ab\u00a0Dans ce contexte, les actions n\u00e9cessaires sont la cr\u00e9ation d&rsquo;outils et d&rsquo;opportunit\u00e9s pour \u00e9duquer et engager les jeunes citoyens europ\u00e9ens, afin de d\u00e9velopper une nouvelle mentalit\u00e9 pour g\u00e9n\u00e9rer des comportements, des choix et des id\u00e9es plus durables qui auront un impact \u00e0 court\/long terme. Etant donn\u00e9 que GREEN Factor vise particuli\u00e8rement \u00e0 favoriser la prise de conscience des jeunes, puisqu&rsquo;ils deviendront les adultes de demain et les responsables des g\u00e9n\u00e9rations futures, le projet se concentrera principalement sur les besoins et les attitudes des jeunes (16-30 ans) et sur les professionnels qui travaillent avec les jeunes, afin d&rsquo;avoir un impact sur eux de mani\u00e8re plus efficace et \u00e0 long terme (travailleurs de jeunesse, personnel des associations de jeunesse et des associations vertes).<\/p>\n<p>[\/vc_column_text][\/vc_column][vc_column width=\u00a0\u00bb1\/6&Prime;][\/vc_column][\/vc_row][vc_row bg_type=\u00a0\u00bbbg_color\u00a0\u00bb bg_override=\u00a0\u00bbex-full\u00a0\u00bb bg_color_value=\u00a0\u00bb#efefef\u00a0\u00bb][vc_column width=\u00a0\u00bb1\/6&Prime;][\/vc_column][vc_column width=\u00a0\u00bb2\/3&Prime;][vc_column_text css=\u00a0\u00bb.vc_custom_1673344707548{padding-top: 25px !important;}\u00a0\u00bb]<\/p>\n<h4><strong>PR1 : LA VOIE DU GREEN FACTOR POUR LES CHANGEMENTS DE COMPORTEMENT ET LES D\u00c9FIS ENVIRONNEMENTAUX<\/strong><\/h4>\n<p>&nbsp;<\/p>\n<p style=\"text-align: justify;\">Il repr\u00e9sente la base conceptuelle de tous les r\u00e9sultats suivants du projet et il produira:<\/p>\n<ul>\n<li style=\"text-align: justify;\">Un catalogue de bonnes pratiques bas\u00e9 sur la collecte de bonnes pratiques d&rsquo;Europe et des pays partenaires sur les comportements plus \u00e9cologiques. Des recherches seront men\u00e9es pour d\u00e9terminer quelles sont les lacunes comportementales les plus importantes des jeunes \u00e0 combler dans les domaines de la vie quotidienne afin d&rsquo;obtenir un impact efficace \u00e0 long terme (consommation alimentaire, achats, cosm\u00e9tiques, collecte s\u00e9lective des d\u00e9chets, consommation d&rsquo;\u00e9nergie et d\u00e9chets, etc.).<\/li>\n<li style=\"text-align: justify;\">Un rapport sur le d\u00e9fi vert qui recense les tendances actuelles de l&rsquo;entrepreneuriat vert, sa diffusion en Europe et les principales questions environnementales \u00e0 traiter au niveau national.<\/li>\n<\/ul>\n<p>[\/vc_column_text]<style type=\"text\/css\" data-type=\"the7_shortcodes-inline-css\">#default-btn-e24b73e2c1e95aa7ccb4194cb1410567.ico-right-side > i {\n  margin-right: 0px;\n  margin-left: 8px;\n}\n#default-btn-e24b73e2c1e95aa7ccb4194cb1410567 > i {\n  margin-right: 8px;\n}\n<\/style><a href=\"https:\/\/greenfactor-project.eu\/pr1-pathway-for-behavioural-changes-and-environmental-challenges\/\" class=\"default-btn-shortcode dt-btn dt-btn-m link-hover-off btn-inline-left \" target=\"_blank\" id=\"default-btn-e24b73e2c1e95aa7ccb4194cb1410567\" rel=\"noopener\"><span>The GREEN Factor Pathway for Behavioural Changes and Environmental Challenges<\/span><\/a>[vc_empty_space][vc_separator color=\u00a0\u00bbwhite\u00a0\u00bb][vc_column_text css=\u00a0\u00bb.vc_custom_1673344518267{padding-top: 25px !important;}\u00a0\u00bb]<\/p>\n<p>&nbsp;<\/p>\n<h4><strong>PR2 : LES TUTORIELS VID\u00c9O DE MY GREEN FACTOR POUR STIMULER LES CHANGEMENTS DE COMPORTEMENT DES CITOYENS<\/strong><\/h4>\n<p>&nbsp;<\/p>\n<p style=\"text-align: justify;\">Une s\u00e9rie de tutoriels vid\u00e9o sera d\u00e9velopp\u00e9e pour donner des conseils et des instructions pratiques afin d&rsquo;influer r\u00e9ellement sur l&rsquo;\u00e9tat d&rsquo;esprit et le mode de vie des groupes cibles, afin de faire des utilisateurs des participants actifs du changement. Les sujets seront ceux identifi\u00e9s dans le catalogue des bonnes pratiques (PR1), qui concernent essentiellement les domaines ayant un impact sur les choix et les actions quotidiennes des citoyens.<\/p>\n<p>[\/vc_column_text]<style type=\"text\/css\" data-type=\"the7_shortcodes-inline-css\">#default-btn-c6a6eb00c7256fc57c545d40b96623c9.ico-right-side > i {\n  margin-right: 0px;\n  margin-left: 8px;\n}\n#default-btn-c6a6eb00c7256fc57c545d40b96623c9 > i {\n  margin-right: 8px;\n}\n<\/style><a href=\"https:\/\/greenfactor-project.eu\/pr2-my-green-factor-video-tutorials-to-boost-citizens-behavioral-changes\/\" class=\"default-btn-shortcode dt-btn dt-btn-m link-hover-off btn-inline-left \" target=\"_blank\" id=\"default-btn-c6a6eb00c7256fc57c545d40b96623c9\" rel=\"noopener\"><span>My GREEN Factor Video Tutorials to Boost Citizens\u2019 Behavioral Changes<\/span><\/a>[vc_empty_space][vc_separator color=\u00a0\u00bbwhite\u00a0\u00bb][vc_column_text css=\u00a0\u00bb.vc_custom_1673344532283{padding-top: 25px !important;}\u00a0\u00bb]<\/p>\n<h4><strong>PR3 : MY GREEN FACTOR : COURS EN LIGNE GAMIFI\u00c9 POUR LES ENTREPRENEURS VERTS EN HERBE<\/strong><\/h4>\n<p>&nbsp;<\/p>\n<p style=\"text-align: justify;\">The e-course will provide knowledge and tools on how to develop a green business idea and how to write a business plan. It will be available on the project platform and will be developed in 5 modules: <\/p>\n<p>&nbsp;<\/p>\n<ol>\n<li><u>Comment devenir un entrepreneur vert<\/u>: Vous vous concentrerez principalement sur les comp\u00e9tences dures et douces qu&rsquo;un aspirant entrepreneur doit d\u00e9velopper pour atteindre ses objectifs (comp\u00e9tences techniques et comportementales, comp\u00e9tences de gestion et de mise en r\u00e9seau, gestion des ressources humaines).<\/li>\n<li><u>Comment r\u00e9diger un plan d&rsquo;affaires<\/u>: Les aspirants entrepreneurs apprendront comment identifier leurs utilisateurs cibles, \u00e9tudier le march\u00e9 et l&rsquo;environnement concurrentiel, et r\u00e9diger un plan d&rsquo;affaires.<\/li>\n<li><u>Marketing and Communication<\/u>: A vertical approach will be dedicated to the importance of branding, visual identity and logo creation. Internal communication and the different marketing channels will be investigated. <\/li>\n<li><u>Planification des investissements<\/u>: les jeunes auront l&rsquo;occasion de comprendre la faisabilit\u00e9, l&rsquo;application r\u00e9elle de leur id\u00e9e d&rsquo;entreprise et de se renseigner sur les possibilit\u00e9s de financement et d&rsquo;investissement pour les nouvelles entreprises vertes.<\/li>\n<li><u>Conception de l&rsquo;id\u00e9e de projet : elle sera strictement bas\u00e9e sur le rapport du D\u00e9fi vert (PR1). En partant du panorama national, les jeunes cr\u00e9eront leur propre id\u00e9e d&rsquo;entreprise r\u00e9pondant \u00e0 des probl\u00e8mes nationaux sp\u00e9cifiques, en essayant de r\u00e9soudre des probl\u00e8mes environnementaux r\u00e9els.<\/u> <\/li>\n<\/ol>\n<p>[\/vc_column_text]<style type=\"text\/css\" data-type=\"the7_shortcodes-inline-css\">#default-btn-d0e453e0f489c42beb1a92f6debb8204.ico-right-side > i {\n  margin-right: 0px;\n  margin-left: 8px;\n}\n#default-btn-d0e453e0f489c42beb1a92f6debb8204 > i {\n  margin-right: 8px;\n}\n<\/style><a href=\"https:\/\/greenfactor-project.eu\/pr3-my-green-factor-gamified-e-course-for-aspiring-green-entrepreneurs\/\" class=\"default-btn-shortcode dt-btn dt-btn-m link-hover-off btn-inline-left \" target=\"_blank\" id=\"default-btn-d0e453e0f489c42beb1a92f6debb8204\" rel=\"noopener\"><span>My GREEN Factor Gamified E-Course for Aspiring Green Entrepreneurs<\/span><\/a>[vc_empty_space][vc_separator color=\u00a0\u00bbwhite\u00a0\u00bb][vc_column_text css=\u00a0\u00bb.vc_custom_1673344547391{padding-top: 25px !important;padding-bottom: 35px !important;}\u00a0\u00bb]<\/p>\n<h4><strong>PR4 : LE GUIDE DE R\u00c9PLICABILIT\u00c9 DU GREEN FACTOR POUR LES TRAVAILLEURS DE JEUNESSE<\/strong><\/h4>\n<p>&nbsp;<\/p>\n<p style=\"text-align: justify;\">L&rsquo;objectif principal est de fournir aux animateurs de jeunes des instructions sur la mani\u00e8re de guider les jeunes dans le processus de promotion active de leur paysage \u00e9conomique vert local.<\/p>\n<p>[\/vc_column_text]<style type=\"text\/css\" data-type=\"the7_shortcodes-inline-css\">#default-btn-bc7b4360e7d91e662330472803501bd2.ico-right-side > i {\n  margin-right: 0px;\n  margin-left: 8px;\n}\n#default-btn-bc7b4360e7d91e662330472803501bd2 > i {\n  margin-right: 8px;\n}\n<\/style><a href=\"https:\/\/greenfactor-project.eu\/pr4-the-green-factor-replicability-guide-for-youth-workers\/\" class=\"default-btn-shortcode dt-btn dt-btn-m link-hover-off btn-inline-left \" target=\"_blank\" id=\"default-btn-bc7b4360e7d91e662330472803501bd2\" rel=\"noopener\"><span>The GREEN Factor Replicability Guide for Youth Workers<\/span><\/a>[vc_empty_space][\/vc_column][vc_column width=\u00a0\u00bb1\/6&Prime;][\/vc_column][\/vc_row][vc_row bg_type=\u00a0\u00bbbg_color\u00a0\u00bb bg_override=\u00a0\u00bbex-full\u00a0\u00bb bg_color_value=\u00a0\u00bb#8dd166&Prime;][vc_column width=\u00a0\u00bb1\/6&Prime;][\/vc_column][vc_column width=\u00a0\u00bb2\/3&Prime; css=\u00a0\u00bb.vc_custom_1658831381420{padding-top: 35px !important;}\u00a0\u00bb]<div id=\"ultimate-heading-891869e5e631d252d\" class=\"uvc-heading ult-adjust-bottom-margin ultimate-heading-891869e5e631d252d uvc-6684  uvc-heading-default-font-sizes\" data-hspacer=\"no_spacer\"  data-halign=\"left\" style=\"text-align:left\"><div class=\"uvc-heading-spacer no_spacer\" style=\"top\"><\/div><div class=\"uvc-sub-heading ult-responsive\"  data-ultimate-target='.uvc-heading.ultimate-heading-891869e5e631d252d .uvc-sub-heading '  data-responsive-json-new='{\"font-size\":\"desktop:19px;\",\"line-height\":\"\"}'  style=\"font-family:&#039;Roboto&#039;;font-weight:normal;margin-top:53px;margin-bottom:75px;\"><strong>En outre, il y aura une activit\u00e9 d&rsquo;apprentissage et six \u00e9v\u00e9nements multiplicateurs:<\/strong><\/p>\n<ul>\n<li>C1: Cours de formation<\/li>\n<li>ME: \u00e9v\u00e9nements multiplicateurs nationaux (un \u00e9v\u00e9nement final dans chaque pays participant au projet) pour promouvoir le projet et diffuser ses r\u00e9sultats.<\/li>\n<\/ul>\n<p><\/div><\/div>[\/vc_column][vc_column width=\u00a0\u00bb1\/6&Prime;][\/vc_column][\/vc_row]<\/p>\n<\/section>","protected":false},"excerpt":{"rendered":"<p>[vc_row][vc_column width=\u00a0\u00bb1\/6&Prime;][\/vc_column][vc_column width=\u00a0\u00bb2\/3&Prime;][vc_column_text css=\u00a0\u00bb.vc_custom_1658831007777{margin-bottom: 35px !important;}\u00a0\u00bb] \u00ab\u00a0Dans ce contexte, les actions n\u00e9cessaires sont la cr\u00e9ation d&rsquo;outils et d&rsquo;opportunit\u00e9s pour \u00e9duquer et engager les jeunes citoyens europ\u00e9ens, afin de d\u00e9velopper une nouvelle mentalit\u00e9 pour g\u00e9n\u00e9rer des comportements, des choix et des id\u00e9es plus durables qui auront un impact \u00e0 court\/long terme. Etant donn\u00e9 que GREEN Factor&hellip;<\/p>\n","protected":false},"author":1,"featured_media":0,"parent":0,"menu_order":0,"comment_status":"closed","ping_status":"closed","template":"","meta":{"om_disable_all_campaigns":false,"_monsterinsights_skip_tracking":false,"_monsterinsights_sitenote_active":false,"_monsterinsights_sitenote_note":"","_monsterinsights_sitenote_category":0,"footnotes":""},"class_list":["post-1069","page","type-page","status-publish","hentry","description-off"],"yoast_head":"<!-- This site is optimized with the Yoast SEO plugin v19.13 - https:\/\/yoast.com\/wordpress\/plugins\/seo\/ -->\n<title>R\u00e9sultats - GREEN Factor<\/title>\n<meta name=\"robots\" content=\"index, follow, max-snippet:-1, max-image-preview:large, max-video-preview:-1\" \/>\n<link rel=\"canonical\" href=\"https:\/\/greenfactor-project.eu\/fr\/resultats\/\" \/>\n<meta property=\"og:locale\" content=\"fr_FR\" \/>\n<meta property=\"og:type\" content=\"article\" \/>\n<meta property=\"og:title\" content=\"R\u00e9sultats - GREEN Factor\" \/>\n<meta property=\"og:description\" content=\"[vc_row][vc_column width=\u00a0\u00bb1\/6&Prime;][\/vc_column][vc_column width=\u00a0\u00bb2\/3&Prime;][vc_column_text css=\u00a0\u00bb.vc_custom_1658831007777{margin-bottom: 35px !important;}\u00a0\u00bb] \u00ab\u00a0Dans ce contexte, les actions n\u00e9cessaires sont la cr\u00e9ation d&rsquo;outils et d&rsquo;opportunit\u00e9s pour \u00e9duquer et engager les jeunes citoyens europ\u00e9ens, afin de d\u00e9velopper une nouvelle mentalit\u00e9 pour g\u00e9n\u00e9rer des comportements, des choix et des id\u00e9es plus durables qui auront un impact \u00e0 court\/long terme. Etant donn\u00e9 que GREEN Factor&hellip;\" \/>\n<meta property=\"og:url\" content=\"https:\/\/greenfactor-project.eu\/fr\/resultats\/\" \/>\n<meta property=\"og:site_name\" content=\"GREEN Factor\" \/>\n<meta property=\"article:modified_time\" content=\"2024-10-25T11:57:08+00:00\" \/>\n<meta name=\"twitter:card\" content=\"summary_large_image\" \/>\n<meta name=\"twitter:site\" content=\"@GreenfactorP\" \/>\n<meta name=\"twitter:label1\" content=\"Dur\u00e9e de lecture estim\u00e9e\" \/>\n\t<meta name=\"twitter:data1\" content=\"5 minutes\" \/>\n<script type=\"application\/ld+json\" class=\"yoast-schema-graph\">{\"@context\":\"https:\/\/schema.org\",\"@graph\":[{\"@type\":\"WebPage\",\"@id\":\"https:\/\/greenfactor-project.eu\/fr\/resultats\/\",\"url\":\"https:\/\/greenfactor-project.eu\/fr\/resultats\/\",\"name\":\"R\u00e9sultats - GREEN Factor\",\"isPartOf\":{\"@id\":\"https:\/\/greenfactor-project.eu\/#website\"},\"datePublished\":\"2022-07-26T08:07:15+00:00\",\"dateModified\":\"2024-10-25T11:57:08+00:00\",\"breadcrumb\":{\"@id\":\"https:\/\/greenfactor-project.eu\/fr\/resultats\/#breadcrumb\"},\"inLanguage\":\"fr-FR\",\"potentialAction\":[{\"@type\":\"ReadAction\",\"target\":[\"https:\/\/greenfactor-project.eu\/fr\/resultats\/\"]}]},{\"@type\":\"BreadcrumbList\",\"@id\":\"https:\/\/greenfactor-project.eu\/fr\/resultats\/#breadcrumb\",\"itemListElement\":[{\"@type\":\"ListItem\",\"position\":1,\"name\":\"Home\",\"item\":\"https:\/\/greenfactor-project.eu\/fr\/accueil\/\"},{\"@type\":\"ListItem\",\"position\":2,\"name\":\"R\u00e9sultats\"}]},{\"@type\":\"WebSite\",\"@id\":\"https:\/\/greenfactor-project.eu\/#website\",\"url\":\"https:\/\/greenfactor-project.eu\/\",\"name\":\"GREEN Factor\",\"description\":\"Eco and entrepreneurial pathways to boost young people\u2019s factor of change\",\"publisher\":{\"@id\":\"https:\/\/greenfactor-project.eu\/#organization\"},\"potentialAction\":[{\"@type\":\"SearchAction\",\"target\":{\"@type\":\"EntryPoint\",\"urlTemplate\":\"https:\/\/greenfactor-project.eu\/?s={search_term_string}\"},\"query-input\":\"required name=search_term_string\"}],\"inLanguage\":\"fr-FR\"},{\"@type\":\"Organization\",\"@id\":\"https:\/\/greenfactor-project.eu\/#organization\",\"name\":\"GREEN Factor\",\"url\":\"https:\/\/greenfactor-project.eu\/\",\"logo\":{\"@type\":\"ImageObject\",\"inLanguage\":\"fr-FR\",\"@id\":\"https:\/\/greenfactor-project.eu\/#\/schema\/logo\/image\/\",\"url\":\"https:\/\/greenfactor-project.eu\/wp-content\/uploads\/2022\/07\/logo-greendfactor-m2.jpg\",\"contentUrl\":\"https:\/\/greenfactor-project.eu\/wp-content\/uploads\/2022\/07\/logo-greendfactor-m2.jpg\",\"width\":131,\"height\":86,\"caption\":\"GREEN Factor\"},\"image\":{\"@id\":\"https:\/\/greenfactor-project.eu\/#\/schema\/logo\/image\/\"},\"sameAs\":[\"https:\/\/www.instagram.com\/greenfactor_project\/\",\"https:\/\/www.linkedin.com\/in\/green-factor-project-0b10ab246\/\",\"https:\/\/twitter.com\/GreenfactorP\"]}]}<\/script>\n<!-- \/ Yoast SEO plugin. -->","yoast_head_json":{"title":"R\u00e9sultats - GREEN Factor","robots":{"index":"index","follow":"follow","max-snippet":"max-snippet:-1","max-image-preview":"max-image-preview:large","max-video-preview":"max-video-preview:-1"},"canonical":"https:\/\/greenfactor-project.eu\/fr\/resultats\/","og_locale":"fr_FR","og_type":"article","og_title":"R\u00e9sultats - GREEN Factor","og_description":"[vc_row][vc_column width=\u00a0\u00bb1\/6&Prime;][\/vc_column][vc_column width=\u00a0\u00bb2\/3&Prime;][vc_column_text css=\u00a0\u00bb.vc_custom_1658831007777{margin-bottom: 35px !important;}\u00a0\u00bb] \u00ab\u00a0Dans ce contexte, les actions n\u00e9cessaires sont la cr\u00e9ation d&rsquo;outils et d&rsquo;opportunit\u00e9s pour \u00e9duquer et engager les jeunes citoyens europ\u00e9ens, afin de d\u00e9velopper une nouvelle mentalit\u00e9 pour g\u00e9n\u00e9rer des comportements, des choix et des id\u00e9es plus durables qui auront un impact \u00e0 court\/long terme. Etant donn\u00e9 que GREEN Factor&hellip;","og_url":"https:\/\/greenfactor-project.eu\/fr\/resultats\/","og_site_name":"GREEN Factor","article_modified_time":"2024-10-25T11:57:08+00:00","twitter_card":"summary_large_image","twitter_site":"@GreenfactorP","twitter_misc":{"Dur\u00e9e de lecture estim\u00e9e":"5 minutes"},"schema":{"@context":"https:\/\/schema.org","@graph":[{"@type":"WebPage","@id":"https:\/\/greenfactor-project.eu\/fr\/resultats\/","url":"https:\/\/greenfactor-project.eu\/fr\/resultats\/","name":"R\u00e9sultats - GREEN Factor","isPartOf":{"@id":"https:\/\/greenfactor-project.eu\/#website"},"datePublished":"2022-07-26T08:07:15+00:00","dateModified":"2024-10-25T11:57:08+00:00","breadcrumb":{"@id":"https:\/\/greenfactor-project.eu\/fr\/resultats\/#breadcrumb"},"inLanguage":"fr-FR","potentialAction":[{"@type":"ReadAction","target":["https:\/\/greenfactor-project.eu\/fr\/resultats\/"]}]},{"@type":"BreadcrumbList","@id":"https:\/\/greenfactor-project.eu\/fr\/resultats\/#breadcrumb","itemListElement":[{"@type":"ListItem","position":1,"name":"Home","item":"https:\/\/greenfactor-project.eu\/fr\/accueil\/"},{"@type":"ListItem","position":2,"name":"R\u00e9sultats"}]},{"@type":"WebSite","@id":"https:\/\/greenfactor-project.eu\/#website","url":"https:\/\/greenfactor-project.eu\/","name":"GREEN Factor","description":"Eco and entrepreneurial pathways to boost young people\u2019s factor of change","publisher":{"@id":"https:\/\/greenfactor-project.eu\/#organization"},"potentialAction":[{"@type":"SearchAction","target":{"@type":"EntryPoint","urlTemplate":"https:\/\/greenfactor-project.eu\/?s={search_term_string}"},"query-input":"required name=search_term_string"}],"inLanguage":"fr-FR"},{"@type":"Organization","@id":"https:\/\/greenfactor-project.eu\/#organization","name":"GREEN Factor","url":"https:\/\/greenfactor-project.eu\/","logo":{"@type":"ImageObject","inLanguage":"fr-FR","@id":"https:\/\/greenfactor-project.eu\/#\/schema\/logo\/image\/","url":"https:\/\/greenfactor-project.eu\/wp-content\/uploads\/2022\/07\/logo-greendfactor-m2.jpg","contentUrl":"https:\/\/greenfactor-project.eu\/wp-content\/uploads\/2022\/07\/logo-greendfactor-m2.jpg","width":131,"height":86,"caption":"GREEN Factor"},"image":{"@id":"https:\/\/greenfactor-project.eu\/#\/schema\/logo\/image\/"},"sameAs":["https:\/\/www.instagram.com\/greenfactor_project\/","https:\/\/www.linkedin.com\/in\/green-factor-project-0b10ab246\/","https:\/\/twitter.com\/GreenfactorP"]}]}},"_links":{"self":[{"href":"https:\/\/greenfactor-project.eu\/fr\/wp-json\/wp\/v2\/pages\/1069","targetHints":{"allow":["GET"]}}],"collection":[{"href":"https:\/\/greenfactor-project.eu\/fr\/wp-json\/wp\/v2\/pages"}],"about":[{"href":"https:\/\/greenfactor-project.eu\/fr\/wp-json\/wp\/v2\/types\/page"}],"author":[{"embeddable":true,"href":"https:\/\/greenfactor-project.eu\/fr\/wp-json\/wp\/v2\/users\/1"}],"replies":[{"embeddable":true,"href":"https:\/\/greenfactor-project.eu\/fr\/wp-json\/wp\/v2\/comments?post=1069"}],"version-history":[{"count":18,"href":"https:\/\/greenfactor-project.eu\/fr\/wp-json\/wp\/v2\/pages\/1069\/revisions"}],"predecessor-version":[{"id":2658,"href":"https:\/\/greenfactor-project.eu\/fr\/wp-json\/wp\/v2\/pages\/1069\/revisions\/2658"}],"wp:attachment":[{"href":"https:\/\/greenfactor-project.eu\/fr\/wp-json\/wp\/v2\/media?parent=1069"}],"curies":[{"name":"wp","href":"https:\/\/api.w.org\/{rel}","templated":true}]}}