{"id":1106,"date":"2022-07-26T09:37:28","date_gmt":"2022-07-26T07:37:28","guid":{"rendered":"https:\/\/greenfactor-project.eu\/il-nostro-progetto\/"},"modified":"2024-11-14T16:26:38","modified_gmt":"2024-11-14T15:26:38","slug":"il-nostro-progetto","status":"publish","type":"page","link":"https:\/\/greenfactor-project.eu\/it\/il-nostro-progetto\/","title":{"rendered":"Il nostro progetto"},"content":{"rendered":"<section class=\"wpb-content-wrapper\"><p>[vc_row][vc_column]<div id=\"ultimate-heading-1569e601b432301\" class=\"uvc-heading ult-adjust-bottom-margin ultimate-heading-1569e601b432301 uvc-9287  uvc-heading-default-font-sizes\" data-hspacer=\"no_spacer\"  data-halign=\"left\" style=\"text-align:left\"><div class=\"uvc-heading-spacer no_spacer\" style=\"top\"><\/div><div class=\"uvc-sub-heading ult-responsive\"  data-ultimate-target='.uvc-heading.ultimate-heading-1569e601b432301 .uvc-sub-heading '  data-responsive-json-new='{\"font-size\":\"desktop:21px;\",\"line-height\":\"desktop:31px;\"}'  style=\"font-family:&#039;Roboto Slab&#039;;font-weight:500;margin-top:33px;margin-bottom:37px;\"><\/p>\n<p style=\"text-align: justify;\">Questo progetto \u00e8 stato finanziato con il sostegno della Commissione Europea.<br \/>\nL&#8217;autore \u00e8 il solo responsabile di questo sito web e la Commissione declina ogni responsabilit\u00e0 sull&#8217;uso che potr\u00e0 essere fatto delle informazioni in esso contenute. <\/p>\n<p><\/div><\/div>[vc_row_inner][vc_column_inner width=&#8221;1\/4&#8243;][\/vc_column_inner][vc_column_inner width=&#8221;1\/2&#8243;][vc_single_image image=&#8221;1026&#8243; img_size=&#8221;full&#8221; alignment=&#8221;center&#8221; image_hovers=&#8221;false&#8221;][\/vc_column_inner][vc_column_inner width=&#8221;1\/4&#8243;][\/vc_column_inner][\/vc_row_inner][vc_column_text]<\/p>\n<p style=\"text-align: justify;\">La questione ambientale sta diventanto una delle pi\u00f9 urgenti tematiche a livello globale, che necessita di una risposta concreta da parte dei policy makers e delle comunit\u00e0 per il futuro della sostenibilit\u00e0 del pianeta.<br \/>\nA tal fine, negli scorsi anni diversi accordi internazionali hanno introdotto nuove regole da rispettare per affrontare la situazione: l&#8217;Accordo di Parigi (2015), durante il quale, per la prima volta, le Nazioni Unite hanno messo in primo piano la questione ambientale, sottolienando la necessit\u00e0 di mettere in campo impegni comuni per combattere il cambiamento climatico e mitigare i suoi effetti, e l&#8217;Agenda 2030 (2015), che ha impegnato quasi 200 nazioni ad intraprendere un programma di sviluppo pi\u00f9 sostenibile per il pianeta e gli essere umani. <\/p>\n<p style=\"text-align: justify;\">Come stabilito dall&#8217;European Green Deal (2019) e dal Green Deal Work Programme 2018-2020 all&#8217;interno del programma Horizon 2020 (Area 10, topic 2: Behavioral, social and cultural change for the Green Deal), la sfida principale a livello europeo e internazionale \u00e8 quella di &#8220;favorire cambiamenti nelle pratiche sociali e nel comportamento degli individui, delle comunit\u00e0, delle organizzazioni pubbliche e private, che possano essere raggiunti attraverso processi collettivi e participatori o attraverso un senso di cittadinanza ambientale e di giustizia climatica. Per affrontare questi problemi \u00e8 necessaria la ricerca e la sperimentazione sul cambiamento comportamentale, sociale e culturale in tutta Europa, nonch\u00e9 l&#8217;analisi delle pratiche sociali e dei processi di cambiamento comportamentale, inclusa la condivisione di buone pratiche, strumenti e risorse&#8221;.<\/p>\n<p style=\"text-align: justify;\">Tale grande sfida richiede un profondo adattamento negli stili di vita e nei comportamenti, per coinvolgere i cittadini e raggiungere un&#8217;innovazione sociale attraverso approcci innovativi, per una transizione ecologica equa ed inclusiva.<\/p>\n<p>[\/vc_column_text][vc_row_inner][vc_column_inner width=&#8221;1\/4&#8243;][\/vc_column_inner][vc_column_inner width=&#8221;1\/2&#8243;][vc_single_image image=&#8221;971&#8243; img_size=&#8221;full&#8221; alignment=&#8221;center&#8221; image_hovers=&#8221;false&#8221;][\/vc_column_inner][vc_column_inner width=&#8221;1\/4&#8243;][\/vc_column_inner][\/vc_row_inner]<div id=\"ultimate-heading-124469e601b4323dd\" class=\"uvc-heading ult-adjust-bottom-margin ultimate-heading-124469e601b4323dd uvc-9654  uvc-heading-default-font-sizes\" data-hspacer=\"no_spacer\"  data-halign=\"center\" style=\"text-align:center\"><div class=\"uvc-heading-spacer no_spacer\" style=\"top\"><\/div><div class=\"uvc-sub-heading ult-responsive\"  data-ultimate-target='.uvc-heading.ultimate-heading-124469e601b4323dd .uvc-sub-heading '  data-responsive-json-new='{\"font-size\":\"desktop:21px;\",\"line-height\":\"desktop:31px;\"}'  style=\"font-weight:normal;\"><strong>GREEN Factor &#8211; eco and entrepreneurial pathways to boost young people&#8217;s factor of change<\/strong><\/div><\/div><div id=\"ultimate-heading-547569e601b4323de\" class=\"uvc-heading ult-adjust-bottom-margin ultimate-heading-547569e601b4323de uvc-1285  uvc-heading-default-font-sizes\" data-hspacer=\"no_spacer\"  data-halign=\"center\" style=\"text-align:center\"><div class=\"uvc-heading-spacer no_spacer\" style=\"top\"><\/div><div class=\"uvc-sub-heading ult-responsive\"  data-ultimate-target='.uvc-heading.ultimate-heading-547569e601b4323de .uvc-sub-heading '  data-responsive-json-new='{\"font-size\":\"\",\"line-height\":\"\"}'  style=\"font-weight:normal;margin-bottom:27px;\"><strong><span class=\"OYPEnA font-feature-liga-off font-feature-clig-off font-feature-calt-off text-decoration-none text-strikethrough-none\">2021-2-FR02-KA220-YOU-000048638<\/span><\/strong><\/div><\/div>[vc_column_text]<\/p>\n<p style=\"text-align: justify;\">Partendo dalle finalit\u00e0 del Green Deal, il progetto GREEN Factor mira a rispondere alle esigenze globali in materia di protezione ambientale, strettamente legata ai processi comportamentali e alle pratiche culturali e sociali.<br \/>\nGREEN Factor intende approcciare tali esigenze favorendo un cambiamento di mentalit\u00e0, per abbracciare nuove azioni e scelte (individuali e collettive) pi\u00f9 sostenibili<br \/>\nCome suggerisce il nome &#8220;GREEN Factor&#8221;, la sfida principale del progetto \u00e8 quella di migliorare la mentalit\u00e0 e il senso di iniziativa soprattutto delle nuove generazioni: un passaggio fondamentale per sviluppare la loro consapevolezza green e per aiutarli a diventare un &#8220;reale fattore di cambiamento&#8221;.  <\/p>\n<p style=\"text-align: justify;\"><span style=\"vertical-align: inherit;\"><span style=\"vertical-align: inherit;\">Infatti, nel tempo, i giovani sono divenuti sempre pi\u00f9 informati e attenti ai temi e alle questioni ambientali, considerandosi sempre pi\u00f9 come partecipanti attivi nei cambiamenti globali.<br \/>\nIl movimento &#8220;friday for Future&#8221; lo ha dimostrato.  Partito nel 2018, il movimento \u00e8 presto diventato virale, coinvolgendo migliaia di giovani attivisti in protesta contro la mancanza di azioni governative nei confronti della crisi climatica. Il movimento ha raggiunto numeri significativi, coinvolgendo 7500 citt\u00e0 e 14 milioni di persone in tutti i continenti (<a href=\"https:\/\/fridaysforfuture.org\/\" target=\"_blank\" rel=\"noopener\">https:\/\/fridaysforfuture.org\/<\/a>).<br \/>\n<\/span><\/span><\/p>\n<p>[\/vc_column_text][\/vc_column][\/vc_row][vc_row][vc_column][vc_column_text][\/vc_column_text][vc_separator][\/vc_column][\/vc_row][vc_row][vc_column][vc_column_text]<\/p>\n<p style=\"text-align: justify;\">Qui di seguito trovate l&#8217;opuscolo del progetto GREEN Factor, disponibile in sei lingue. Questo opuscolo contiene informazioni essenziali sul progetto e sui suoi strumenti chiave per promuovere l&#8217;imprenditorialit\u00e0 verde e la sostenibilit\u00e0 tra i giovani. <\/p>\n<p>[\/vc_column_text][\/vc_column][vc_column width=&#8221;1\/6&#8243;][vc_column_text]<\/p>\n<p style=\"text-align: center;\"><a href=\"https:\/\/greenfactor-project.eu\/wp-content\/uploads\/2024\/11\/LEAFLET-GREEN-FACTOR_EN.pdf\" class=\"pdfemb-viewer\" style=\"\" data-width=\"max\" data-height=\"max\"  data-toolbar=\"bottom\" data-toolbar-fixed=\"off\">LEAFLET GREEN FACTOR_EN<br\/><\/a><\/p>\n<p>[\/vc_column_text]<style type=\"text\/css\" data-type=\"the7_shortcodes-inline-css\">#default-btn-3cf8244a50c3757d144e55510b614213.ico-right-side > i {\n  margin-right: 0px;\n  margin-left: 8px;\n}\n#default-btn-3cf8244a50c3757d144e55510b614213 > i {\n  margin-right: 8px;\n}\n<\/style><div class=\"btn-align-center\"><a href=\"http:\/\/greenfactor-project.eu\/wp-content\/uploads\/2024\/11\/LEAFLET-GREEN-FACTOR_EN.pdf\" class=\"default-btn-shortcode dt-btn dt-btn-s link-hover-off \" target=\"_blank\" id=\"default-btn-3cf8244a50c3757d144e55510b614213\" rel=\"noopener\"><span>Leaflet (EN)<\/span><\/a><\/div>[\/vc_column][vc_column width=&#8221;1\/6&#8243;][vc_column_text]<\/p>\n<p style=\"text-align: center;\"><a href=\"https:\/\/greenfactor-project.eu\/wp-content\/uploads\/2024\/11\/LEAFLET-GREEN-FACTOR_FR.pdf\" class=\"pdfemb-viewer\" style=\"\" data-width=\"max\" data-height=\"max\"  data-toolbar=\"bottom\" data-toolbar-fixed=\"off\">LEAFLET GREEN FACTOR_FR<br\/><\/a><\/p>\n<p>[\/vc_column_text]<style type=\"text\/css\" data-type=\"the7_shortcodes-inline-css\">#default-btn-f69490a22493ba36d8a0fa89b8b6f212.ico-right-side > i {\n  margin-right: 0px;\n  margin-left: 8px;\n}\n#default-btn-f69490a22493ba36d8a0fa89b8b6f212 > i {\n  margin-right: 8px;\n}\n<\/style><div class=\"btn-align-center\"><a href=\"http:\/\/greenfactor-project.eu\/wp-content\/uploads\/2024\/11\/LEAFLET-GREEN-FACTOR_FR.pdf\" class=\"default-btn-shortcode dt-btn dt-btn-s link-hover-off \" target=\"_blank\" id=\"default-btn-f69490a22493ba36d8a0fa89b8b6f212\" rel=\"noopener\"><span>Leaflet (FR)<\/span><\/a><\/div>[\/vc_column][vc_column width=&#8221;1\/6&#8243;][vc_column_text]<\/p>\n<p style=\"text-align: center;\"><a href=\"https:\/\/greenfactor-project.eu\/wp-content\/uploads\/2024\/11\/LEAFLET-GREEN-FACTOR_ES.pdf\" class=\"pdfemb-viewer\" style=\"\" data-width=\"max\" data-height=\"max\"  data-toolbar=\"bottom\" data-toolbar-fixed=\"off\">LEAFLET GREEN FACTOR_ES<br\/><\/a><\/p>\n<p>[\/vc_column_text]<style type=\"text\/css\" data-type=\"the7_shortcodes-inline-css\">#default-btn-f80ec3753cd48333d720ebd10c239d82.ico-right-side > i {\n  margin-right: 0px;\n  margin-left: 8px;\n}\n#default-btn-f80ec3753cd48333d720ebd10c239d82 > i {\n  margin-right: 8px;\n}\n<\/style><div class=\"btn-align-center\"><a href=\"http:\/\/greenfactor-project.eu\/wp-content\/uploads\/2024\/11\/LEAFLET-GREEN-FACTOR_ES.pdf\" class=\"default-btn-shortcode dt-btn dt-btn-s link-hover-off \" target=\"_blank\" id=\"default-btn-f80ec3753cd48333d720ebd10c239d82\" rel=\"noopener\"><span>Leaflet (ES)<\/span><\/a><\/div>[\/vc_column][vc_column width=&#8221;1\/6&#8243;][vc_column_text]<\/p>\n<p style=\"text-align: center;\"><a href=\"https:\/\/greenfactor-project.eu\/wp-content\/uploads\/2024\/11\/LEAFLET-GREEN-FACTOR_IT.pdf\" class=\"pdfemb-viewer\" style=\"\" data-width=\"max\" data-height=\"max\"  data-toolbar=\"bottom\" data-toolbar-fixed=\"off\">LEAFLET GREEN FACTOR_IT<br\/><\/a><\/p>\n<p>[\/vc_column_text]<style type=\"text\/css\" data-type=\"the7_shortcodes-inline-css\">#default-btn-ba8204cd44bbecc45b27888dd819d6a7.ico-right-side > i {\n  margin-right: 0px;\n  margin-left: 8px;\n}\n#default-btn-ba8204cd44bbecc45b27888dd819d6a7 > i {\n  margin-right: 8px;\n}\n<\/style><div class=\"btn-align-center\"><a href=\"http:\/\/greenfactor-project.eu\/wp-content\/uploads\/2024\/11\/LEAFLET-GREEN-FACTOR_IT.pdf\" class=\"default-btn-shortcode dt-btn dt-btn-s link-hover-off \" target=\"_blank\" id=\"default-btn-ba8204cd44bbecc45b27888dd819d6a7\" rel=\"noopener\"><span>Leaflet (IT)<\/span><\/a><\/div>[\/vc_column][vc_column width=&#8221;1\/6&#8243;][vc_column_text]<\/p>\n<p style=\"text-align: center;\"><a href=\"https:\/\/greenfactor-project.eu\/wp-content\/uploads\/2024\/11\/LEAFLET-GREEN-FACTOR_GREEK.pdf\" class=\"pdfemb-viewer\" style=\"\" data-width=\"max\" data-height=\"max\"  data-toolbar=\"bottom\" data-toolbar-fixed=\"off\">LEAFLET GREEN FACTOR_GREEK<br\/><\/a><\/p>\n<p>[\/vc_column_text]<style type=\"text\/css\" data-type=\"the7_shortcodes-inline-css\">#default-btn-98ae4b3fb10e866226c38bb535612d3c.ico-right-side > i {\n  margin-right: 0px;\n  margin-left: 8px;\n}\n#default-btn-98ae4b3fb10e866226c38bb535612d3c > i {\n  margin-right: 8px;\n}\n<\/style><div class=\"btn-align-center\"><a href=\"http:\/\/greenfactor-project.eu\/wp-content\/uploads\/2024\/11\/LEAFLET-GREEN-FACTOR_GREEK.pdf\" class=\"default-btn-shortcode dt-btn dt-btn-s link-hover-off \" target=\"_blank\" id=\"default-btn-98ae4b3fb10e866226c38bb535612d3c\" rel=\"noopener\"><span>Leaflet (GREEK)<\/span><\/a><\/div>[\/vc_column][vc_column width=&#8221;1\/6&#8243;][vc_column_text]<\/p>\n<p style=\"text-align: center;\"><a href=\"https:\/\/greenfactor-project.eu\/wp-content\/uploads\/2024\/11\/LEAFLET-GREEN-FACTOR_CZECH.pdf\" class=\"pdfemb-viewer\" style=\"\" data-width=\"max\" data-height=\"max\"  data-toolbar=\"bottom\" data-toolbar-fixed=\"off\">LEAFLET GREEN FACTOR_CZECH<br\/><\/a><\/p>\n<p>[\/vc_column_text]<style type=\"text\/css\" data-type=\"the7_shortcodes-inline-css\">#default-btn-8d07795915b89463fe1a18f617fce500.ico-right-side > i {\n  margin-right: 0px;\n  margin-left: 8px;\n}\n#default-btn-8d07795915b89463fe1a18f617fce500 > i {\n  margin-right: 8px;\n}\n<\/style><div class=\"btn-align-center\"><a href=\"http:\/\/greenfactor-project.eu\/wp-content\/uploads\/2024\/11\/LEAFLET-GREEN-FACTOR_CZECH.pdf\" class=\"default-btn-shortcode dt-btn dt-btn-s link-hover-off \" target=\"_blank\" id=\"default-btn-8d07795915b89463fe1a18f617fce500\" rel=\"noopener\"><span>Leaflet (CZECH)<\/span><\/a><\/div>[\/vc_column][\/vc_row]<\/p>\n<\/section>","protected":false},"excerpt":{"rendered":"<p>[vc_row][vc_column][vc_row_inner][vc_column_inner width=&#8221;1\/4&#8243;][\/vc_column_inner][vc_column_inner width=&#8221;1\/2&#8243;][vc_single_image image=&#8221;1026&#8243; img_size=&#8221;full&#8221; alignment=&#8221;center&#8221; image_hovers=&#8221;false&#8221;][\/vc_column_inner][vc_column_inner width=&#8221;1\/4&#8243;][\/vc_column_inner][\/vc_row_inner][vc_column_text] La questione ambientale sta diventanto una delle pi\u00f9 urgenti tematiche a livello globale, che necessita di una risposta concreta da parte dei policy makers e delle comunit\u00e0 per il futuro della sostenibilit\u00e0 del pianeta. A tal fine, negli scorsi anni diversi accordi internazionali hanno introdotto nuove regole&hellip;<\/p>\n","protected":false},"author":1,"featured_media":0,"parent":0,"menu_order":0,"comment_status":"closed","ping_status":"closed","template":"","meta":{"om_disable_all_campaigns":false,"_monsterinsights_skip_tracking":false,"_monsterinsights_sitenote_active":false,"_monsterinsights_sitenote_note":"","_monsterinsights_sitenote_category":0,"footnotes":""},"class_list":["post-1106","page","type-page","status-publish","hentry","description-off"],"yoast_head":"<!-- This site is optimized with the Yoast SEO plugin v19.13 - https:\/\/yoast.com\/wordpress\/plugins\/seo\/ -->\n<title>Il nostro progetto - GREEN Factor<\/title>\n<meta name=\"robots\" content=\"index, follow, max-snippet:-1, max-image-preview:large, max-video-preview:-1\" \/>\n<link rel=\"canonical\" href=\"https:\/\/greenfactor-project.eu\/it\/il-nostro-progetto\/\" \/>\n<meta property=\"og:locale\" content=\"it_IT\" \/>\n<meta property=\"og:type\" content=\"article\" \/>\n<meta property=\"og:title\" content=\"Il nostro progetto - GREEN Factor\" \/>\n<meta property=\"og:description\" content=\"[vc_row][vc_column][vc_row_inner][vc_column_inner width=&#8221;1\/4&#8243;][\/vc_column_inner][vc_column_inner width=&#8221;1\/2&#8243;][vc_single_image image=&#8221;1026&#8243; img_size=&#8221;full&#8221; alignment=&#8221;center&#8221; image_hovers=&#8221;false&#8221;][\/vc_column_inner][vc_column_inner width=&#8221;1\/4&#8243;][\/vc_column_inner][\/vc_row_inner][vc_column_text] La questione ambientale sta diventanto una delle pi\u00f9 urgenti tematiche a livello globale, che necessita di una risposta concreta da parte dei policy makers e delle comunit\u00e0 per il futuro della sostenibilit\u00e0 del pianeta. A tal fine, negli scorsi anni diversi accordi internazionali hanno introdotto nuove regole&hellip;\" \/>\n<meta property=\"og:url\" content=\"https:\/\/greenfactor-project.eu\/it\/il-nostro-progetto\/\" \/>\n<meta property=\"og:site_name\" content=\"GREEN Factor\" \/>\n<meta property=\"article:modified_time\" content=\"2024-11-14T15:26:38+00:00\" \/>\n<meta name=\"twitter:card\" content=\"summary_large_image\" \/>\n<meta name=\"twitter:site\" content=\"@GreenfactorP\" \/>\n<meta name=\"twitter:label1\" content=\"Tempo di lettura stimato\" \/>\n\t<meta name=\"twitter:data1\" content=\"5 minuti\" \/>\n<script type=\"application\/ld+json\" class=\"yoast-schema-graph\">{\"@context\":\"https:\/\/schema.org\",\"@graph\":[{\"@type\":\"WebPage\",\"@id\":\"https:\/\/greenfactor-project.eu\/it\/il-nostro-progetto\/\",\"url\":\"https:\/\/greenfactor-project.eu\/it\/il-nostro-progetto\/\",\"name\":\"Il nostro progetto - GREEN Factor\",\"isPartOf\":{\"@id\":\"https:\/\/greenfactor-project.eu\/#website\"},\"datePublished\":\"2022-07-26T07:37:28+00:00\",\"dateModified\":\"2024-11-14T15:26:38+00:00\",\"breadcrumb\":{\"@id\":\"https:\/\/greenfactor-project.eu\/it\/il-nostro-progetto\/#breadcrumb\"},\"inLanguage\":\"it-IT\",\"potentialAction\":[{\"@type\":\"ReadAction\",\"target\":[\"https:\/\/greenfactor-project.eu\/it\/il-nostro-progetto\/\"]}]},{\"@type\":\"BreadcrumbList\",\"@id\":\"https:\/\/greenfactor-project.eu\/it\/il-nostro-progetto\/#breadcrumb\",\"itemListElement\":[{\"@type\":\"ListItem\",\"position\":1,\"name\":\"Home\",\"item\":\"https:\/\/greenfactor-project.eu\/it\/home\/\"},{\"@type\":\"ListItem\",\"position\":2,\"name\":\"Il nostro progetto\"}]},{\"@type\":\"WebSite\",\"@id\":\"https:\/\/greenfactor-project.eu\/#website\",\"url\":\"https:\/\/greenfactor-project.eu\/\",\"name\":\"GREEN Factor\",\"description\":\"Eco and entrepreneurial pathways to boost young people\u2019s factor of change\",\"publisher\":{\"@id\":\"https:\/\/greenfactor-project.eu\/#organization\"},\"potentialAction\":[{\"@type\":\"SearchAction\",\"target\":{\"@type\":\"EntryPoint\",\"urlTemplate\":\"https:\/\/greenfactor-project.eu\/?s={search_term_string}\"},\"query-input\":\"required name=search_term_string\"}],\"inLanguage\":\"it-IT\"},{\"@type\":\"Organization\",\"@id\":\"https:\/\/greenfactor-project.eu\/#organization\",\"name\":\"GREEN Factor\",\"url\":\"https:\/\/greenfactor-project.eu\/\",\"logo\":{\"@type\":\"ImageObject\",\"inLanguage\":\"it-IT\",\"@id\":\"https:\/\/greenfactor-project.eu\/#\/schema\/logo\/image\/\",\"url\":\"https:\/\/greenfactor-project.eu\/wp-content\/uploads\/2022\/07\/logo-greendfactor-m2.jpg\",\"contentUrl\":\"https:\/\/greenfactor-project.eu\/wp-content\/uploads\/2022\/07\/logo-greendfactor-m2.jpg\",\"width\":131,\"height\":86,\"caption\":\"GREEN Factor\"},\"image\":{\"@id\":\"https:\/\/greenfactor-project.eu\/#\/schema\/logo\/image\/\"},\"sameAs\":[\"https:\/\/www.instagram.com\/greenfactor_project\/\",\"https:\/\/www.linkedin.com\/in\/green-factor-project-0b10ab246\/\",\"https:\/\/twitter.com\/GreenfactorP\"]}]}<\/script>\n<!-- \/ Yoast SEO plugin. -->","yoast_head_json":{"title":"Il nostro progetto - GREEN Factor","robots":{"index":"index","follow":"follow","max-snippet":"max-snippet:-1","max-image-preview":"max-image-preview:large","max-video-preview":"max-video-preview:-1"},"canonical":"https:\/\/greenfactor-project.eu\/it\/il-nostro-progetto\/","og_locale":"it_IT","og_type":"article","og_title":"Il nostro progetto - GREEN Factor","og_description":"[vc_row][vc_column][vc_row_inner][vc_column_inner width=&#8221;1\/4&#8243;][\/vc_column_inner][vc_column_inner width=&#8221;1\/2&#8243;][vc_single_image image=&#8221;1026&#8243; img_size=&#8221;full&#8221; alignment=&#8221;center&#8221; image_hovers=&#8221;false&#8221;][\/vc_column_inner][vc_column_inner width=&#8221;1\/4&#8243;][\/vc_column_inner][\/vc_row_inner][vc_column_text] La questione ambientale sta diventanto una delle pi\u00f9 urgenti tematiche a livello globale, che necessita di una risposta concreta da parte dei policy makers e delle comunit\u00e0 per il futuro della sostenibilit\u00e0 del pianeta. A tal fine, negli scorsi anni diversi accordi internazionali hanno introdotto nuove regole&hellip;","og_url":"https:\/\/greenfactor-project.eu\/it\/il-nostro-progetto\/","og_site_name":"GREEN Factor","article_modified_time":"2024-11-14T15:26:38+00:00","twitter_card":"summary_large_image","twitter_site":"@GreenfactorP","twitter_misc":{"Tempo di lettura stimato":"5 minuti"},"schema":{"@context":"https:\/\/schema.org","@graph":[{"@type":"WebPage","@id":"https:\/\/greenfactor-project.eu\/it\/il-nostro-progetto\/","url":"https:\/\/greenfactor-project.eu\/it\/il-nostro-progetto\/","name":"Il nostro progetto - GREEN Factor","isPartOf":{"@id":"https:\/\/greenfactor-project.eu\/#website"},"datePublished":"2022-07-26T07:37:28+00:00","dateModified":"2024-11-14T15:26:38+00:00","breadcrumb":{"@id":"https:\/\/greenfactor-project.eu\/it\/il-nostro-progetto\/#breadcrumb"},"inLanguage":"it-IT","potentialAction":[{"@type":"ReadAction","target":["https:\/\/greenfactor-project.eu\/it\/il-nostro-progetto\/"]}]},{"@type":"BreadcrumbList","@id":"https:\/\/greenfactor-project.eu\/it\/il-nostro-progetto\/#breadcrumb","itemListElement":[{"@type":"ListItem","position":1,"name":"Home","item":"https:\/\/greenfactor-project.eu\/it\/home\/"},{"@type":"ListItem","position":2,"name":"Il nostro progetto"}]},{"@type":"WebSite","@id":"https:\/\/greenfactor-project.eu\/#website","url":"https:\/\/greenfactor-project.eu\/","name":"GREEN Factor","description":"Eco and entrepreneurial pathways to boost young people\u2019s factor of change","publisher":{"@id":"https:\/\/greenfactor-project.eu\/#organization"},"potentialAction":[{"@type":"SearchAction","target":{"@type":"EntryPoint","urlTemplate":"https:\/\/greenfactor-project.eu\/?s={search_term_string}"},"query-input":"required name=search_term_string"}],"inLanguage":"it-IT"},{"@type":"Organization","@id":"https:\/\/greenfactor-project.eu\/#organization","name":"GREEN Factor","url":"https:\/\/greenfactor-project.eu\/","logo":{"@type":"ImageObject","inLanguage":"it-IT","@id":"https:\/\/greenfactor-project.eu\/#\/schema\/logo\/image\/","url":"https:\/\/greenfactor-project.eu\/wp-content\/uploads\/2022\/07\/logo-greendfactor-m2.jpg","contentUrl":"https:\/\/greenfactor-project.eu\/wp-content\/uploads\/2022\/07\/logo-greendfactor-m2.jpg","width":131,"height":86,"caption":"GREEN Factor"},"image":{"@id":"https:\/\/greenfactor-project.eu\/#\/schema\/logo\/image\/"},"sameAs":["https:\/\/www.instagram.com\/greenfactor_project\/","https:\/\/www.linkedin.com\/in\/green-factor-project-0b10ab246\/","https:\/\/twitter.com\/GreenfactorP"]}]}},"_links":{"self":[{"href":"https:\/\/greenfactor-project.eu\/it\/wp-json\/wp\/v2\/pages\/1106","targetHints":{"allow":["GET"]}}],"collection":[{"href":"https:\/\/greenfactor-project.eu\/it\/wp-json\/wp\/v2\/pages"}],"about":[{"href":"https:\/\/greenfactor-project.eu\/it\/wp-json\/wp\/v2\/types\/page"}],"author":[{"embeddable":true,"href":"https:\/\/greenfactor-project.eu\/it\/wp-json\/wp\/v2\/users\/1"}],"replies":[{"embeddable":true,"href":"https:\/\/greenfactor-project.eu\/it\/wp-json\/wp\/v2\/comments?post=1106"}],"version-history":[{"count":22,"href":"https:\/\/greenfactor-project.eu\/it\/wp-json\/wp\/v2\/pages\/1106\/revisions"}],"predecessor-version":[{"id":2862,"href":"https:\/\/greenfactor-project.eu\/it\/wp-json\/wp\/v2\/pages\/1106\/revisions\/2862"}],"wp:attachment":[{"href":"https:\/\/greenfactor-project.eu\/it\/wp-json\/wp\/v2\/media?parent=1106"}],"curies":[{"name":"wp","href":"https:\/\/api.w.org\/{rel}","templated":true}]}}