{"id":1114,"date":"2022-07-26T10:07:15","date_gmt":"2022-07-26T08:07:15","guid":{"rendered":"https:\/\/greenfactor-project.eu\/risultati\/"},"modified":"2024-10-25T14:02:08","modified_gmt":"2024-10-25T12:02:08","slug":"risultati","status":"publish","type":"page","link":"https:\/\/greenfactor-project.eu\/it\/risultati\/","title":{"rendered":"Risultati"},"content":{"rendered":"<section class=\"wpb-content-wrapper\"><p>[vc_row][vc_column width=&#8221;1\/6&#8243;][\/vc_column][vc_column width=&#8221;2\/3&#8243;][vc_column_text css=&#8221;.vc_custom_1658831007777{margin-bottom: 35px !important;}&#8221;]<\/p>\n<p style=\"text-align: justify;\">In tale contesto, le azioni necessarie riguardano la creazione di strumenti e opportunit\u00e0 per educare e coinvolgere i giovani cittadini europei, al fine di sviluppare una nuova mentalit\u00e0 e generare comportamenti, scelte e idee pi\u00f9 sostenibili impattanti sul breve e lungo periodo. Dato l&#8217;obiettivo di GREEN Factor di promuovere la consapevolezza tra i giovani, considerati ocome gli adulti di domani e responsabili per le future generazioni, il progetto si focalizzer\u00e0 prevalentemente sulle esigenze e sulle attitudini dei giovani (dai 16 ai 30 anni) e sulle figure professionali che lavorano con i giovani, affinch\u00e9 si produca un impatto duraturo sul lungo periodo (giovani lavoratori, membri di associazioni giovanili e ambientali).<\/p>\n<p>[\/vc_column_text][\/vc_column][vc_column width=&#8221;1\/6&#8243;][\/vc_column][\/vc_row][vc_row bg_type=&#8221;bg_color&#8221; bg_override=&#8221;ex-full&#8221; bg_color_value=&#8221;#efefef&#8221;][vc_column width=&#8221;1\/6&#8243;][\/vc_column][vc_column width=&#8221;2\/3&#8243;][vc_column_text css=&#8221;.vc_custom_1673344707548{padding-top: 25px !important;}&#8221;]<\/p>\n<h4><strong>PR1: IL PERCORSO DEL GREEN FACTOR PER I CAMBIAMENTI COMPORTAMENTALI E LE SFIDE AMBIENTALI<\/strong><\/h4>\n<p>&nbsp;<\/p>\n<p style=\"text-align: justify;\">Rappresenta la base concettuale per tutti i successivi risultati del progetto e produrr\u00e0:<\/p>\n<ul>\n<li style=\"text-align: justify;\">Un Catalogo di Buone Pratiche (Good Practices Catalogue), una raccolta di buone pratiche da parte dei paesi partner sui comportamenti pi\u00f9 sostenibili a livello ambientale. La ricerca verr\u00e0 condotta per capire quali sono, tra i giovani, le lacune comportamentali della vita quotidiana pi\u00f9 rilevanti da colmare per ottenere un impatto sul lungo termine (ad esempio: consumo di cibo, acquisto di cosmetici, raccolta differenziata dei rifiuti, utilizzo e spreco di energia ecc.).<\/li>\n<li style=\"text-align: justify;\">Una Relazione sulla Sfida Ambientale (Green Challenge Report) che registra gli attuali trend della imprenditorialit\u00e0 green, la sua diffusione in Europa e le principali questioni ambientali da affrontare a livello nazionale.<\/li>\n<\/ul>\n<p>[\/vc_column_text]<style type=\"text\/css\" data-type=\"the7_shortcodes-inline-css\">#default-btn-e24b73e2c1e95aa7ccb4194cb1410567.ico-right-side > i {\n  margin-right: 0px;\n  margin-left: 8px;\n}\n#default-btn-e24b73e2c1e95aa7ccb4194cb1410567 > i {\n  margin-right: 8px;\n}\n<\/style><a href=\"https:\/\/greenfactor-project.eu\/pr1-pathway-for-behavioural-changes-and-environmental-challenges\/\" class=\"default-btn-shortcode dt-btn dt-btn-m link-hover-off btn-inline-left \" target=\"_blank\" id=\"default-btn-e24b73e2c1e95aa7ccb4194cb1410567\" rel=\"noopener\"><span>The GREEN Factor Pathway for Behavioural Changes and Environmental Challenges<\/span><\/a>[vc_empty_space][vc_separator color=&#8221;white&#8221;][vc_column_text css=&#8221;.vc_custom_1673344518267{padding-top: 25px !important;}&#8221;]<\/p>\n<p>&nbsp;<\/p>\n<h4><strong>PR2: I VIDEO TUTORIAL DI MY GREEN FACTOR PER STIMOLARE I CAMBIAMENTI COMPORTAMENTALI DEI CITTADINI<\/strong><\/h4>\n<p>&nbsp;<\/p>\n<p style=\"text-align: justify;\">Verr\u00e0 sviluppata una serie di video tutorial allo scopo di fornire consigli e istruzioni pratiche che possano effettivamente influenzare la mentalit\u00e0 e gli stili di vita dei gruppi target, per renderli partecipanti attivi del cambiamento. Gli argomenti dei video tutorial saranno quelli gi\u00e0 individuati nel Catalogo delle Buone Pratiche (PR1), che riguardano essenzialmente i settori che hanno un impatto sulle scelte e sulle azioni quotidiane dei cittadini.<\/p>\n<p>[\/vc_column_text]<style type=\"text\/css\" data-type=\"the7_shortcodes-inline-css\">#default-btn-c6a6eb00c7256fc57c545d40b96623c9.ico-right-side > i {\n  margin-right: 0px;\n  margin-left: 8px;\n}\n#default-btn-c6a6eb00c7256fc57c545d40b96623c9 > i {\n  margin-right: 8px;\n}\n<\/style><a href=\"https:\/\/greenfactor-project.eu\/pr2-my-green-factor-video-tutorials-to-boost-citizens-behavioral-changes\/\" class=\"default-btn-shortcode dt-btn dt-btn-m link-hover-off btn-inline-left \" target=\"_blank\" id=\"default-btn-c6a6eb00c7256fc57c545d40b96623c9\" rel=\"noopener\"><span>My GREEN Factor Video Tutorials to Boost Citizens\u2019 Behavioral Changes<\/span><\/a>[vc_empty_space][vc_separator color=&#8221;white&#8221;][vc_column_text css=&#8221;.vc_custom_1673344532283{padding-top: 25px !important;}&#8221;]<\/p>\n<h4><strong>PR3: IL MIO CORSO ELETTRONICO GAMIFICATO SUL GREEN FACTOR PER ASPIRANTI IMPRENDITORI VERDI<\/strong><\/h4>\n<p>&nbsp;<\/p>\n<p style=\"text-align: justify;\">Il corso online fornir\u00e0 conoscenze e strumenti su come sviluppare un&#8217;idea di business green e su come scrivere un business plan. Sar\u00e0 disponibile sulla piattaforma del progetto e verr\u00e0 suddiviso in 5 moduli:<\/p>\n<p>&nbsp;<\/p>\n<ol>\n<li><u>Come diventare un Imprenditore Green:<\/u> Si concentrer\u00e0 principalmente sulle hard e soft skills che un aspirante imprenditore deve sviluppare per raggiungere i propri obiettivi (competenze tecniche e comportamentali, competenze di gestione e networking, gestione delle risorse umane).<\/li>\n<li><u>Come scrivere un Business Plan:<\/u> Gli aspiranti imprenditori impareranno a identificare gli utenti target, a fare ricerche sul mercato e sull&#8217;ambiente competitivo per scrivere un business plan efficace.<\/li>\n<li><u>Marketing e Comunicazione:<\/u> Un approccio verticale verr\u00e0 dedicato all&#8217;importanza del branding, della visual identity e della creazione di un logo. Verranno analizzati la comunicazione interna e i diversi canali di marketing.<\/li>\n<li><u>Piani di Investimento:<\/u> I giovani avranno l&#8217;opportunit\u00e0 di comprendere la fattibilit\u00e0 e l&#8217;applicazione reale della loro idea di business e di conoscere le opportunit\u00e0 di finanziamento e investimento per le nuove imprese green.<\/li>\n<li><u>Elaborazione dell&#8217;idea progettuale: sar\u00e0 rigorosamente basata sul rapporto Green Challenge (PR1).<\/u> Partendo dal panorama nazionale, i giovani creeranno la loro idea imprenditoriale affrontando problemi nazionali specifici, cercando di risolvere problemi ambientali reali.<\/li>\n<\/ol>\n<p>[\/vc_column_text]<style type=\"text\/css\" data-type=\"the7_shortcodes-inline-css\">#default-btn-d0e453e0f489c42beb1a92f6debb8204.ico-right-side > i {\n  margin-right: 0px;\n  margin-left: 8px;\n}\n#default-btn-d0e453e0f489c42beb1a92f6debb8204 > i {\n  margin-right: 8px;\n}\n<\/style><a href=\"https:\/\/greenfactor-project.eu\/pr3-my-green-factor-gamified-e-course-for-aspiring-green-entrepreneurs\/\" class=\"default-btn-shortcode dt-btn dt-btn-m link-hover-off btn-inline-left \" target=\"_blank\" id=\"default-btn-d0e453e0f489c42beb1a92f6debb8204\" rel=\"noopener\"><span>My GREEN Factor Gamified E-Course for Aspiring Green Entrepreneurs<\/span><\/a>[vc_empty_space][vc_separator color=&#8221;white&#8221;][vc_column_text css=&#8221;.vc_custom_1673344547391{padding-top: 25px !important;padding-bottom: 35px !important;}&#8221;]<\/p>\n<h4><strong>PR4: LA GUIDA ALLA REPLICABILIT\u00c0 DEL GREEN FACTOR PER GLI OPERATORI GIOVANILI<\/strong><\/h4>\n<p>&nbsp;<\/p>\n<p style=\"text-align: justify;\">Lo scopo principale della guida \u00e8 quello di fornire agli operatori giovanili le istruzioni necessarie per guidare i giovani come promotori attivi nel processo di transizione all&#8217;economia verde.<\/p>\n<p>[\/vc_column_text]<style type=\"text\/css\" data-type=\"the7_shortcodes-inline-css\">#default-btn-bc7b4360e7d91e662330472803501bd2.ico-right-side > i {\n  margin-right: 0px;\n  margin-left: 8px;\n}\n#default-btn-bc7b4360e7d91e662330472803501bd2 > i {\n  margin-right: 8px;\n}\n<\/style><a href=\"https:\/\/greenfactor-project.eu\/pr4-the-green-factor-replicability-guide-for-youth-workers\/\" class=\"default-btn-shortcode dt-btn dt-btn-m link-hover-off btn-inline-left \" target=\"_blank\" id=\"default-btn-bc7b4360e7d91e662330472803501bd2\" rel=\"noopener\"><span>The GREEN Factor Replicability Guide for Youth Workers<\/span><\/a>[vc_empty_space][\/vc_column][vc_column width=&#8221;1\/6&#8243;][\/vc_column][\/vc_row][vc_row bg_type=&#8221;bg_color&#8221; bg_override=&#8221;ex-full&#8221; bg_color_value=&#8221;#8dd166&#8243;][vc_column width=&#8221;1\/6&#8243;][\/vc_column][vc_column width=&#8221;2\/3&#8243; css=&#8221;.vc_custom_1658831381420{padding-top: 35px !important;}&#8221;]<div id=\"ultimate-heading-20976a0470f83b0d7\" class=\"uvc-heading ult-adjust-bottom-margin ultimate-heading-20976a0470f83b0d7 uvc-5348  uvc-heading-default-font-sizes\" data-hspacer=\"no_spacer\"  data-halign=\"left\" style=\"text-align:left\"><div class=\"uvc-heading-spacer no_spacer\" style=\"top\"><\/div><div class=\"uvc-sub-heading ult-responsive\"  data-ultimate-target='.uvc-heading.ultimate-heading-20976a0470f83b0d7 .uvc-sub-heading '  data-responsive-json-new='{\"font-size\":\"desktop:19px;\",\"line-height\":\"\"}'  style=\"font-family:&#039;Roboto&#039;;font-weight:normal;margin-top:53px;margin-bottom:75px;\"><strong>Inoltre, \u00e8 prevista un&#8217;attivit\u00e0 di apprendimento e sei eventi moltiplicatori:<\/strong><\/p>\n<ul>\n<li>C1: Corso di formazione<\/li>\n<li>ME: Eventi moltiplicatori nazionali (un evento finale in ogni paese partecipante al progetto) per promuovere il progetto e i suoi risultati<\/li>\n<\/ul>\n<p><\/div><\/div>[\/vc_column][vc_column width=&#8221;1\/6&#8243;][\/vc_column][\/vc_row]<\/p>\n<\/section>","protected":false},"excerpt":{"rendered":"<p>[vc_row][vc_column width=&#8221;1\/6&#8243;][\/vc_column][vc_column width=&#8221;2\/3&#8243;][vc_column_text css=&#8221;.vc_custom_1658831007777{margin-bottom: 35px !important;}&#8221;] In tale contesto, le azioni necessarie riguardano la creazione di strumenti e opportunit\u00e0 per educare e coinvolgere i giovani cittadini europei, al fine di sviluppare una nuova mentalit\u00e0 e generare comportamenti, scelte e idee pi\u00f9 sostenibili impattanti sul breve e lungo periodo. Dato l&#8217;obiettivo di GREEN Factor di promuovere&hellip;<\/p>\n","protected":false},"author":1,"featured_media":0,"parent":0,"menu_order":0,"comment_status":"closed","ping_status":"closed","template":"","meta":{"om_disable_all_campaigns":false,"_monsterinsights_skip_tracking":false,"_monsterinsights_sitenote_active":false,"_monsterinsights_sitenote_note":"","_monsterinsights_sitenote_category":0,"footnotes":""},"class_list":["post-1114","page","type-page","status-publish","hentry","description-off"],"yoast_head":"<!-- This site is optimized with the Yoast SEO plugin v19.13 - https:\/\/yoast.com\/wordpress\/plugins\/seo\/ -->\n<title>Risultati - GREEN Factor<\/title>\n<meta name=\"robots\" content=\"index, follow, max-snippet:-1, max-image-preview:large, max-video-preview:-1\" \/>\n<link rel=\"canonical\" href=\"https:\/\/greenfactor-project.eu\/it\/risultati\/\" \/>\n<meta property=\"og:locale\" content=\"it_IT\" \/>\n<meta property=\"og:type\" content=\"article\" \/>\n<meta property=\"og:title\" content=\"Risultati - GREEN Factor\" \/>\n<meta property=\"og:description\" content=\"[vc_row][vc_column width=&#8221;1\/6&#8243;][\/vc_column][vc_column width=&#8221;2\/3&#8243;][vc_column_text css=&#8221;.vc_custom_1658831007777{margin-bottom: 35px !important;}&#8221;] In tale contesto, le azioni necessarie riguardano la creazione di strumenti e opportunit\u00e0 per educare e coinvolgere i giovani cittadini europei, al fine di sviluppare una nuova mentalit\u00e0 e generare comportamenti, scelte e idee pi\u00f9 sostenibili impattanti sul breve e lungo periodo. Dato l&#8217;obiettivo di GREEN Factor di promuovere&hellip;\" \/>\n<meta property=\"og:url\" content=\"https:\/\/greenfactor-project.eu\/it\/risultati\/\" \/>\n<meta property=\"og:site_name\" content=\"GREEN Factor\" \/>\n<meta property=\"article:modified_time\" content=\"2024-10-25T12:02:08+00:00\" \/>\n<meta name=\"twitter:card\" content=\"summary_large_image\" \/>\n<meta name=\"twitter:site\" content=\"@GreenfactorP\" \/>\n<meta name=\"twitter:label1\" content=\"Tempo di lettura stimato\" \/>\n\t<meta name=\"twitter:data1\" content=\"5 minuti\" \/>\n<script type=\"application\/ld+json\" class=\"yoast-schema-graph\">{\"@context\":\"https:\/\/schema.org\",\"@graph\":[{\"@type\":\"WebPage\",\"@id\":\"https:\/\/greenfactor-project.eu\/it\/risultati\/\",\"url\":\"https:\/\/greenfactor-project.eu\/it\/risultati\/\",\"name\":\"Risultati - GREEN Factor\",\"isPartOf\":{\"@id\":\"https:\/\/greenfactor-project.eu\/#website\"},\"datePublished\":\"2022-07-26T08:07:15+00:00\",\"dateModified\":\"2024-10-25T12:02:08+00:00\",\"breadcrumb\":{\"@id\":\"https:\/\/greenfactor-project.eu\/it\/risultati\/#breadcrumb\"},\"inLanguage\":\"it-IT\",\"potentialAction\":[{\"@type\":\"ReadAction\",\"target\":[\"https:\/\/greenfactor-project.eu\/it\/risultati\/\"]}]},{\"@type\":\"BreadcrumbList\",\"@id\":\"https:\/\/greenfactor-project.eu\/it\/risultati\/#breadcrumb\",\"itemListElement\":[{\"@type\":\"ListItem\",\"position\":1,\"name\":\"Home\",\"item\":\"https:\/\/greenfactor-project.eu\/it\/home\/\"},{\"@type\":\"ListItem\",\"position\":2,\"name\":\"Risultati\"}]},{\"@type\":\"WebSite\",\"@id\":\"https:\/\/greenfactor-project.eu\/#website\",\"url\":\"https:\/\/greenfactor-project.eu\/\",\"name\":\"GREEN Factor\",\"description\":\"Eco and entrepreneurial pathways to boost young people\u2019s factor of change\",\"publisher\":{\"@id\":\"https:\/\/greenfactor-project.eu\/#organization\"},\"potentialAction\":[{\"@type\":\"SearchAction\",\"target\":{\"@type\":\"EntryPoint\",\"urlTemplate\":\"https:\/\/greenfactor-project.eu\/?s={search_term_string}\"},\"query-input\":\"required name=search_term_string\"}],\"inLanguage\":\"it-IT\"},{\"@type\":\"Organization\",\"@id\":\"https:\/\/greenfactor-project.eu\/#organization\",\"name\":\"GREEN Factor\",\"url\":\"https:\/\/greenfactor-project.eu\/\",\"logo\":{\"@type\":\"ImageObject\",\"inLanguage\":\"it-IT\",\"@id\":\"https:\/\/greenfactor-project.eu\/#\/schema\/logo\/image\/\",\"url\":\"https:\/\/greenfactor-project.eu\/wp-content\/uploads\/2022\/07\/logo-greendfactor-m2.jpg\",\"contentUrl\":\"https:\/\/greenfactor-project.eu\/wp-content\/uploads\/2022\/07\/logo-greendfactor-m2.jpg\",\"width\":131,\"height\":86,\"caption\":\"GREEN Factor\"},\"image\":{\"@id\":\"https:\/\/greenfactor-project.eu\/#\/schema\/logo\/image\/\"},\"sameAs\":[\"https:\/\/www.instagram.com\/greenfactor_project\/\",\"https:\/\/www.linkedin.com\/in\/green-factor-project-0b10ab246\/\",\"https:\/\/twitter.com\/GreenfactorP\"]}]}<\/script>\n<!-- \/ Yoast SEO plugin. -->","yoast_head_json":{"title":"Risultati - GREEN Factor","robots":{"index":"index","follow":"follow","max-snippet":"max-snippet:-1","max-image-preview":"max-image-preview:large","max-video-preview":"max-video-preview:-1"},"canonical":"https:\/\/greenfactor-project.eu\/it\/risultati\/","og_locale":"it_IT","og_type":"article","og_title":"Risultati - GREEN Factor","og_description":"[vc_row][vc_column width=&#8221;1\/6&#8243;][\/vc_column][vc_column width=&#8221;2\/3&#8243;][vc_column_text css=&#8221;.vc_custom_1658831007777{margin-bottom: 35px !important;}&#8221;] In tale contesto, le azioni necessarie riguardano la creazione di strumenti e opportunit\u00e0 per educare e coinvolgere i giovani cittadini europei, al fine di sviluppare una nuova mentalit\u00e0 e generare comportamenti, scelte e idee pi\u00f9 sostenibili impattanti sul breve e lungo periodo. Dato l&#8217;obiettivo di GREEN Factor di promuovere&hellip;","og_url":"https:\/\/greenfactor-project.eu\/it\/risultati\/","og_site_name":"GREEN Factor","article_modified_time":"2024-10-25T12:02:08+00:00","twitter_card":"summary_large_image","twitter_site":"@GreenfactorP","twitter_misc":{"Tempo di lettura stimato":"5 minuti"},"schema":{"@context":"https:\/\/schema.org","@graph":[{"@type":"WebPage","@id":"https:\/\/greenfactor-project.eu\/it\/risultati\/","url":"https:\/\/greenfactor-project.eu\/it\/risultati\/","name":"Risultati - GREEN Factor","isPartOf":{"@id":"https:\/\/greenfactor-project.eu\/#website"},"datePublished":"2022-07-26T08:07:15+00:00","dateModified":"2024-10-25T12:02:08+00:00","breadcrumb":{"@id":"https:\/\/greenfactor-project.eu\/it\/risultati\/#breadcrumb"},"inLanguage":"it-IT","potentialAction":[{"@type":"ReadAction","target":["https:\/\/greenfactor-project.eu\/it\/risultati\/"]}]},{"@type":"BreadcrumbList","@id":"https:\/\/greenfactor-project.eu\/it\/risultati\/#breadcrumb","itemListElement":[{"@type":"ListItem","position":1,"name":"Home","item":"https:\/\/greenfactor-project.eu\/it\/home\/"},{"@type":"ListItem","position":2,"name":"Risultati"}]},{"@type":"WebSite","@id":"https:\/\/greenfactor-project.eu\/#website","url":"https:\/\/greenfactor-project.eu\/","name":"GREEN Factor","description":"Eco and entrepreneurial pathways to boost young people\u2019s factor of change","publisher":{"@id":"https:\/\/greenfactor-project.eu\/#organization"},"potentialAction":[{"@type":"SearchAction","target":{"@type":"EntryPoint","urlTemplate":"https:\/\/greenfactor-project.eu\/?s={search_term_string}"},"query-input":"required name=search_term_string"}],"inLanguage":"it-IT"},{"@type":"Organization","@id":"https:\/\/greenfactor-project.eu\/#organization","name":"GREEN Factor","url":"https:\/\/greenfactor-project.eu\/","logo":{"@type":"ImageObject","inLanguage":"it-IT","@id":"https:\/\/greenfactor-project.eu\/#\/schema\/logo\/image\/","url":"https:\/\/greenfactor-project.eu\/wp-content\/uploads\/2022\/07\/logo-greendfactor-m2.jpg","contentUrl":"https:\/\/greenfactor-project.eu\/wp-content\/uploads\/2022\/07\/logo-greendfactor-m2.jpg","width":131,"height":86,"caption":"GREEN Factor"},"image":{"@id":"https:\/\/greenfactor-project.eu\/#\/schema\/logo\/image\/"},"sameAs":["https:\/\/www.instagram.com\/greenfactor_project\/","https:\/\/www.linkedin.com\/in\/green-factor-project-0b10ab246\/","https:\/\/twitter.com\/GreenfactorP"]}]}},"_links":{"self":[{"href":"https:\/\/greenfactor-project.eu\/it\/wp-json\/wp\/v2\/pages\/1114","targetHints":{"allow":["GET"]}}],"collection":[{"href":"https:\/\/greenfactor-project.eu\/it\/wp-json\/wp\/v2\/pages"}],"about":[{"href":"https:\/\/greenfactor-project.eu\/it\/wp-json\/wp\/v2\/types\/page"}],"author":[{"embeddable":true,"href":"https:\/\/greenfactor-project.eu\/it\/wp-json\/wp\/v2\/users\/1"}],"replies":[{"embeddable":true,"href":"https:\/\/greenfactor-project.eu\/it\/wp-json\/wp\/v2\/comments?post=1114"}],"version-history":[{"count":15,"href":"https:\/\/greenfactor-project.eu\/it\/wp-json\/wp\/v2\/pages\/1114\/revisions"}],"predecessor-version":[{"id":2667,"href":"https:\/\/greenfactor-project.eu\/it\/wp-json\/wp\/v2\/pages\/1114\/revisions\/2667"}],"wp:attachment":[{"href":"https:\/\/greenfactor-project.eu\/it\/wp-json\/wp\/v2\/media?parent=1114"}],"curies":[{"name":"wp","href":"https:\/\/api.w.org\/{rel}","templated":true}]}}